{"id":122,"date":"2025-08-31T05:17:55","date_gmt":"2025-08-31T08:17:55","guid":{"rendered":"https:\/\/uncme.org.br\/congresso2025\/about\/"},"modified":"2025-10-06T11:31:53","modified_gmt":"2025-10-06T14:31:53","slug":"sobre","status":"publish","type":"page","link":"https:\/\/uncme.org.br\/congresso2025\/sobre\/","title":{"rendered":"Sobre"},"content":{"rendered":"\n\n\n\n\n<h6>Sobre N\u00f3s<\/h6>\n\n\n\n<h2><strong>XXXIV CONGRESSO NACIONAL DOS CONSELHOS MUNICIPAIS DA EDUCA\u00c7\u00c3O<\/strong><\/h2>\n\n\n\n<p><strong>Tema: \u201cConselhos Municipais da Educa\u00e7\u00e3o, um olhar para o pr\u00f3ximo dec\u00eanio: Educa\u00e7\u00e3o Inclusiva, Equidade, Justi\u00e7a e Qualidade Social, Financiamento e Infraestrutura.\u201d<\/strong><br><br>O F\u00f3rum Nacional dos Conselhos Municipais de Educa\u00e7\u00e3o (FNCME) tem a honra de anunciar o XXXIV Congresso Nacional dos Conselhos Municipais da Educa\u00e7\u00e3o, que ser\u00e1 realizado entre os dias <strong>26 a 28 de Novembro 2025<\/strong>, reunindo representantes de todo o pa\u00eds para debater os rumos da educa\u00e7\u00e3o brasileira nos pr\u00f3ximos dez anos.<br> <br>Com o tema \u201c<strong>Conselhos Municipais da Educa\u00e7\u00e3o, um olhar para o pr\u00f3ximo dec\u00eanio: Educa\u00e7\u00e3o Inclusiva, Equidade, Justi\u00e7a e Qualidade Social, Financiamento e Infraestrutura<\/strong>\u201d, o evento prop\u00f5e uma reflex\u00e3o profunda sobre os desafios e as possibilidades que se imp\u00f5em \u00e0 gest\u00e3o democr\u00e1tica da educa\u00e7\u00e3o p\u00fablica.<\/p>\n\n\n\nFortalecer o papel dos Conselhos Municipais como inst\u00e2ncias de controle social e participa\u00e7\u00e3o cidad\u00e3.<br> <br>Promover o debate sobre pol\u00edticas p\u00fablicas voltadas \u00e0 inclus\u00e3o, equidade e justi\u00e7a educacional.<br> <br>Discutir estrat\u00e9gias de financiamento e melhoria da infraestrutura escolar.<br> <br>Construir coletivamente diretrizes para uma educa\u00e7\u00e3o com qualidade social, que respeite as diversidades e promova oportunidades para todos.\n\n\n\nConselheiros municipais de educa\u00e7\u00e3o, gestores p\u00fablicos, educadores, pesquisadores, estudantes e demais interessados na constru\u00e7\u00e3o de uma educa\u00e7\u00e3o p\u00fablica democr\u00e1tica e inclusiva.\n\n\n\n\n\n<p>Lorem Ipsum has been the industry&#8217;s standard dummy text ever since the 1500s.<\/p>\n\n\n\n\n\n\n\n<h6>Formato e <\/h6>\n\n\n\n<h2>Programa\u00e7\u00e3o<\/h2>\n\n\n\n\n\n<p> <\/p>\n\n\n\n<p>entre os Conselhos Municipais da Educa\u00e7\u00e3o, constru\u00edmos coletivamente os caminhos para uma educa\u00e7\u00e3o mais inclusiva, justa e com qualidade social.<\/p>\n\n\n\n\n\n<p> <\/p>\n\n\n\n<p>\u00e9 abrir caminhos para que cada estudante encontre seu lugar no mundo &#8211; com equidade, criatividade e prop\u00f3sito.<\/p>\n\n\n\n\n\n<p>entre os Conselhos Municipais da Educa\u00e7\u00e3o \u00e9 semear alian\u00e7as duradouras em prol de uma educa\u00e7\u00e3o p\u00fablica mais justa, democr\u00e1tica e transformadora<\/p>\n\n\n\n<p><\/p>\n\n\n\n\n\n\n\n\n\n<h6>Perguntas Frequentes<\/h6>\n\n\n\n<h2>Voc\u00ea tem alguma d\u00favida?<\/h2>\n\n\n\n<p>Entendemos que tomar decis\u00f5es empresariais vem acompanhado de muitas perguntas. Por isso, estamos aqui para fornecer respostas claras e orienta\u00e7\u00f5es especializadas. Seja sobre nossos servi\u00e7os, pre\u00e7os ou processos, estamos aqui para ajudar voc\u00ea em cada etapa do caminho.<\/p>\n\n\n\n\n\n\n\n\n\n<p>1 &#8211; As inscri\u00e7\u00f5es ocorrer\u00e3o no per\u00edodo de 01 de setembro a 01 de novembro de 2025 ou enquanto durarem as vagas, atrav\u00e9s do site institucional da UNCME: <a href=\"http:\/\/www.uncme.org.br\/congresso2025\">www.uncme.org.br\/congresso2025<\/a>, ou preencher a  <a href=\"https:\/\/docs.google.com\/forms\/d\/e\/1FAIpQLSd_BkOVTYJJpcaZPdKsElRUuy61lmfOWdWdvAZ6B5Ir-r0E5g\/viewform\" target=\"_blank\" rel=\"noreferrer noopener\"> Ficha de Inscri\u00e7\u00e3o (google forms).<\/a><\/p>\n\n\n\n\n\n\n\n\n\n<p>2.1 &#8211; Munic\u00edpio adimplente com a anuidade de 2025: ISENTO &#8211; com direito a 02 (duas) INSCRI\u00c7\u00d5ES;<br>2.2 &#8211; Munic\u00edpio adimplente que tiver inscri\u00e7\u00f5es extras (acima do expresso nos itens 2.1 do presente Edital): R$ 200,00 (DUZENTOS REAIS) POR INSCRI\u00c7\u00c3O EXTRA;<br>2.3 &#8211; Munic\u00edpio inadimplente com anuidade de 2025: R$ 600,00 (SEISCENTOS REAIS) POR INSCRI\u00c7\u00c3O;<br>2.4 &#8211; N\u00e3o ser\u00e3o aceitas inscri\u00e7\u00f5es com apenas a apresenta\u00e7\u00e3o do empenho;<br>2.5 &#8211; A isen\u00e7\u00e3o de inscri\u00e7\u00e3o para Conselhos filiados com a anuidade paga, preferencialmente, devem ser preenchidas em favor de seu Presidente ou Representantes legais;<br>2.6 &#8211; O investimento, de acordo com os itens 2.1, 2.2, 2.3, refere-se apenas a participa\u00e7\u00e3o no Congresso, as demais despesas com hospedagem, transporte e alimenta\u00e7\u00e3o devem ocorrer por conta do participante;<br>2.7 &#8211; A confirma\u00e7\u00e3o da inscri\u00e7\u00e3o se dar\u00e1 atrav\u00e9s do e-mail expresso na Ficha de Inscri\u00e7\u00e3o, sendo de responsabilidade do participante inform\u00e1-lo corretamente.<\/p>\n\n\n\n\n\n\n\n\n\n<p>5 &#8211; O XXXIV Congresso Nacional da UNCME ter\u00e1 como tem\u00e1tica geral: \u201c<strong>Os Conselhos Municipais da Educa\u00e7\u00e3o e o olhar para o pr\u00f3ximo dec\u00eanio: Educa\u00e7\u00e3o Inclusiva, Equidade, Justi\u00e7a e Qualidade Social, Financiamento e Infraestrutura<\/strong>\u201d.<\/p>\n\n\n\n\n\n\n\n\n\n<p>6 &#8211; A participa\u00e7\u00e3o dos congressistas nos dias do evento ser\u00e1 computada atrav\u00e9s de preenchimento de formul\u00e1rio di\u00e1rio que dever\u00e1 ser acessado por QRcode, que estar\u00e3o disponibilizados nas depend\u00eancias do evento.<br>7 &#8211; O credenciamento se dar\u00e1 no hall do Audit\u00f3rio Brasil, a partir das 16h do dia 25 de novembro, encerrando \u00e0s 18h, sendo retomada \u00e0s 8h do dia 26, encerrando \u00e0s 11h.<br>8 &#8211; As apresenta\u00e7\u00f5es dos palestrantes, caso disponibilizadas pelos mesmos, e os certificados de participa\u00e7\u00e3o (link de acesso) estar\u00e3o dispon\u00edveis no site da UNCME (uncme.org,br) em at\u00e9 30 dias ap\u00f3s conclu\u00eddo o evento.<br>9 &#8211; O hotel onde ocorrer\u00e1 o Congresso ofertar\u00e1 desconto aos participantes, caso optem hospedar-se nele. Basta informar no pedido de reserva que participar\u00e1 do XXXIV Congresso Nacional da UNCME.<\/p>\n\n\n\n\n\n\n\n\n\n<p>poder\u00e3o ser sanadas pelo e-mail<br><a href=\"mailto:uncme34congressonacional@gmail.com\">uncme34congressonacional@gmail.com<\/a>, inclusive as que se referem \u00e0s inscri\u00e7\u00f5es e aos valores<\/p>\n\n\n\n\n\n\n\n\n\n\n\n<h6>Depoimento<\/h6>\n\n\n\n<h2>O que os participantes Dizem<\/h2>\n\n\n\n<p>Nossos conselheiros est\u00e3o no cora\u00e7\u00e3o de tudo o que fazemos. Temos orgulho de construir relacionamentos duradouros e entregar resultados reais que falam por si mesmos.<\/p>\n\n\n\n\n\nTrabalhar com esta equipe foi um divisor de \u00e1guas para promover a educa\u00e7\u00e3o em nossa cidade. Seus insights, estrat\u00e9gias e dedica\u00e7\u00e3o nos ajudaram a alcan\u00e7ar resultados que nunca pensamos ser poss\u00edveis.\n\n\n\n<p>Lorem Ipsum has been the industry&#8217;s standard dummy text ever since the 1500s.<\/p>\n\n\n\n\n\n\n\n\n\nDesde a consulta inicial at\u00e9 a conclus\u00e3o do projeto, seu profissionalismo e expertise se destacaram. Sentimos o suporte em cada etapa do caminho.\n\n\n\n<p>Lorem Ipsum has been the industry&#8217;s standard dummy text ever since the 1500s.<\/p>\n\n\n","protected":false},"excerpt":{"rendered":"","protected":false},"author":1,"featured_media":0,"parent":0,"menu_order":0,"comment_status":"closed","ping_status":"closed","template":"","meta":{"pagelayer_contact_templates":[],"_pagelayer_content":"","footnotes":""},"class_list":["post-122","page","type-page","status-publish","hentry"],"_links":{"self":[{"href":"https:\/\/uncme.org.br\/congresso2025\/wp-json\/wp\/v2\/pages\/122","targetHints":{"allow":["GET"]}}],"collection":[{"href":"https:\/\/uncme.org.br\/congresso2025\/wp-json\/wp\/v2\/pages"}],"about":[{"href":"https:\/\/uncme.org.br\/congresso2025\/wp-json\/wp\/v2\/types\/page"}],"author":[{"embeddable":true,"href":"https:\/\/uncme.org.br\/congresso2025\/wp-json\/wp\/v2\/users\/1"}],"replies":[{"embeddable":true,"href":"https:\/\/uncme.org.br\/congresso2025\/wp-json\/wp\/v2\/comments?post=122"}],"version-history":[{"count":28,"href":"https:\/\/uncme.org.br\/congresso2025\/wp-json\/wp\/v2\/pages\/122\/revisions"}],"predecessor-version":[{"id":291,"href":"https:\/\/uncme.org.br\/congresso2025\/wp-json\/wp\/v2\/pages\/122\/revisions\/291"}],"wp:attachment":[{"href":"https:\/\/uncme.org.br\/congresso2025\/wp-json\/wp\/v2\/media?parent=122"}],"curies":[{"name":"wp","href":"https:\/\/api.w.org\/{rel}","templated":true}]}}