{"id":138,"date":"2025-08-31T05:18:00","date_gmt":"2025-08-31T08:18:00","guid":{"rendered":"https:\/\/uncme.org.br\/congresso2025\/home\/"},"modified":"2025-10-14T15:08:41","modified_gmt":"2025-10-14T18:08:41","slug":"pagina_inicial","status":"publish","type":"page","link":"https:\/\/uncme.org.br\/congresso2025\/","title":{"rendered":"P\u00e1gina inicial"},"content":{"rendered":"\n\n\n\n\n\n\n<p><strong>Fortaleza-CE,\u00a0<\/strong>combina educa\u00e7\u00e3o de qualidade com beleza natural.<\/p>\n\n\n\n\n\n\n\n<p>definitiva ser\u00e1 disponibilizada at\u00e9 10 de novembro de 2025.<\/p>\n\n\n\n\n\n\n\n<p>O XXXIV CONGRESSO NACIONAL DOS CONSELHOS MUNICIPAIS DA EDUCA\u00c7\u00c3O<\/p>\n\n\n\n\n\n\n\n\n\n\n\n<p>Lorem Ipsum has been the industry&#8217;s standard dummy text ever since the 1500s.<\/p>\n\n\n\n<p>Lorem Ipsum has been the industry&#8217;s standard dummy text ever since the 1500s.<\/p>\n\n\n\n\n\n<h2>Mais de 34 anos<\/h2>\n\n\n\n<h6>dedicados a Legisla\u00e7\u00e3o Educacional e ao Fortalecimento dos Conselhos Municipais da Educa\u00e7\u00e3o.<\/h6>\n\n\n\n<p>O evento que ocorrer\u00e1 entre os dias 26 e 28 de novembro do corrente, tem como tema: &#8220;<strong><em>Conselhos Municipais da Educa\u00e7\u00e3o, um olhar para o pr\u00f3ximo dec\u00eanio: Educa\u00e7\u00e3o Inclusiva, Equidade, Justi\u00e7a e Qualidade Social, Financiamento e Infraestrutura<\/em><\/strong>&#8220;, e ocorrer\u00e1 no <strong><em>audit\u00f3rio do Hotel O\u00e1sis, localizado na avenida Beira Mar, 2.500, Meireles, Fortaleza &#8211; CE<\/em><\/strong>.<\/p><p><br><\/p><p>O XXXIV Congresso Nacional dos Conselhos Municipais da Educa\u00e7\u00e3o \u00e9 uma realiza\u00e7\u00e3o da Uni\u00e3o Nacional dos Conselhos Municipais da Educa\u00e7\u00e3o &#8211; UNCME, representante dos CMEs e CACS-FUNDEBS de todo o pa\u00eds. Contando com aproximadamente 1.200 (mil e duzentos) Conselheiros(as), bem como t\u00e9cnicos de secretarias de Educa\u00e7\u00e3o e convidados de entidades parceiras.<\/p><p><br><\/p><p>Ao longo desses 34 anos de exist\u00eancia, a UNCME trabalha incansavelmente para que os Conselhos Municipais da Educa\u00e7\u00e3o (CMEs, CACS-FUNDEBs e CAE) sejam fortalecidos e respeitados como \u00d3RG\u00c3OS de ESTADO que s\u00e3o, e guardi\u00f5es da da Legisla\u00e7\u00e3o Educacional e dos Sistemas Municipais de Ensino. Sendo o Congresso Nacional dos Conselhos Municipais da Educa\u00e7\u00e3o o grande Pleno das discuss\u00f5es das pol\u00edticas e legisla\u00e7\u00e3o educacional voltados para Conselheiros e Conselheiras municipais da Educa\u00e7\u00e3o de todo o Brasil.<\/p>\n\n\n\n\n\n\n\n\n\n \n\n\n\n\n\n \n\n\n\n\n\n \n\n\n\n\n\n\n\n \n\n\n\n\n\n \n\n\n\n\n\n \n\n\n\n\n","protected":false},"excerpt":{"rendered":"","protected":false},"author":1,"featured_media":0,"parent":0,"menu_order":0,"comment_status":"closed","ping_status":"closed","template":"","meta":{"pagelayer_contact_templates":[],"_pagelayer_content":"","footnotes":""},"class_list":["post-138","page","type-page","status-publish","hentry"],"_links":{"self":[{"href":"https:\/\/uncme.org.br\/congresso2025\/wp-json\/wp\/v2\/pages\/138","targetHints":{"allow":["GET"]}}],"collection":[{"href":"https:\/\/uncme.org.br\/congresso2025\/wp-json\/wp\/v2\/pages"}],"about":[{"href":"https:\/\/uncme.org.br\/congresso2025\/wp-json\/wp\/v2\/types\/page"}],"author":[{"embeddable":true,"href":"https:\/\/uncme.org.br\/congresso2025\/wp-json\/wp\/v2\/users\/1"}],"replies":[{"embeddable":true,"href":"https:\/\/uncme.org.br\/congresso2025\/wp-json\/wp\/v2\/comments?post=138"}],"version-history":[{"count":30,"href":"https:\/\/uncme.org.br\/congresso2025\/wp-json\/wp\/v2\/pages\/138\/revisions"}],"predecessor-version":[{"id":294,"href":"https:\/\/uncme.org.br\/congresso2025\/wp-json\/wp\/v2\/pages\/138\/revisions\/294"}],"wp:attachment":[{"href":"https:\/\/uncme.org.br\/congresso2025\/wp-json\/wp\/v2\/media?parent=138"}],"curies":[{"name":"wp","href":"https:\/\/api.w.org\/{rel}","templated":true}]}}