{"id":143,"date":"2025-08-31T05:18:01","date_gmt":"2025-08-31T08:18:01","guid":{"rendered":"https:\/\/uncme.org.br\/congresso2025\/services\/"},"modified":"2025-09-02T09:58:53","modified_gmt":"2025-09-02T12:58:53","slug":"programacao","status":"publish","type":"page","link":"https:\/\/uncme.org.br\/congresso2025\/programacao\/","title":{"rendered":"Programa\u00e7\u00e3o"},"content":{"rendered":"\n\n\n\n\n\n\n<h6>Tema<\/h6>\n\n\n\n<h4>\u201cConselhos Municipais da Educa\u00e7\u00e3o, um olhar para o pr\u00f3ximo dec\u00eanio: Educa\u00e7\u00e3o Inclusiva, Equidade, Justi\u00e7a e Qualidade Social,  Financiamento e Infraestrutura.\u201d<\/h4>\n\n\n\n\n\n\n\n\n\n\n\n\n\n\n\n\n\n\n\n<p>A Programa\u00e7\u00e3o definitiva ser\u00e1 disponibilizada at\u00e9 10 de novembro de 2025.<\/p>\n\n\n\n\n\n\n","protected":false},"excerpt":{"rendered":"","protected":false},"author":1,"featured_media":0,"parent":0,"menu_order":0,"comment_status":"closed","ping_status":"closed","template":"","meta":{"pagelayer_contact_templates":[],"_pagelayer_content":"","footnotes":""},"class_list":["post-143","page","type-page","status-publish","hentry"],"_links":{"self":[{"href":"https:\/\/uncme.org.br\/congresso2025\/wp-json\/wp\/v2\/pages\/143","targetHints":{"allow":["GET"]}}],"collection":[{"href":"https:\/\/uncme.org.br\/congresso2025\/wp-json\/wp\/v2\/pages"}],"about":[{"href":"https:\/\/uncme.org.br\/congresso2025\/wp-json\/wp\/v2\/types\/page"}],"author":[{"embeddable":true,"href":"https:\/\/uncme.org.br\/congresso2025\/wp-json\/wp\/v2\/users\/1"}],"replies":[{"embeddable":true,"href":"https:\/\/uncme.org.br\/congresso2025\/wp-json\/wp\/v2\/comments?post=143"}],"version-history":[{"count":7,"href":"https:\/\/uncme.org.br\/congresso2025\/wp-json\/wp\/v2\/pages\/143\/revisions"}],"predecessor-version":[{"id":261,"href":"https:\/\/uncme.org.br\/congresso2025\/wp-json\/wp\/v2\/pages\/143\/revisions\/261"}],"wp:attachment":[{"href":"https:\/\/uncme.org.br\/congresso2025\/wp-json\/wp\/v2\/media?parent=143"}],"curies":[{"name":"wp","href":"https:\/\/api.w.org\/{rel}","templated":true}]}}