{"id":46,"date":"2024-05-16T08:33:30","date_gmt":"2024-05-16T11:33:30","guid":{"rendered":"https:\/\/uncme.org.br\/encme2024\/?page_id=46"},"modified":"2024-08-19T17:11:37","modified_gmt":"2024-08-19T20:11:37","slug":"programacao","status":"publish","type":"page","link":"https:\/\/uncme.org.br\/encme2024\/programacao\/","title":{"rendered":"Programa\u00e7\u00e3o"},"content":{"rendered":"\n<p class=\"has-text-align-center\"><strong>PROGRAMA\u00c7\u00c3O | DIA: 20\/08\/2024 | TER\u00c7A-FEIRA \u2013 TARDE<\/strong><\/p>\n\n\n\n<div class=\"wp-block-group\"><div class=\"wp-block-group__inner-container is-layout-constrained wp-block-group-is-layout-constrained\">\n<figure class=\"is-style-stripes wp-block-table\"><table><tbody><tr><td><strong>Atividade<\/strong><\/td><td><strong>Tem\u00e1rio<\/strong><\/td><td><strong>Hor\u00e1rio<\/strong>&nbsp;&nbsp;&nbsp;&nbsp;&nbsp;&nbsp;&nbsp;&nbsp;&nbsp;<\/td><\/tr><tr><td>Credenciamento<\/td><td><\/td><td>12h00<\/td><\/tr><\/tbody><\/table><\/figure>\n\n\n\n<p class=\"has-text-align-center\"><strong>PROGRAMA\u00c7\u00c3O | DIA: 20\/08\/2024 | TER\u00c7A-FEIRA \u2013 NOITE<\/strong><\/p>\n\n\n\n<figure class=\"is-style-stripes wp-block-table\"><table><tbody><tr><td><strong>Atividade<\/strong><\/td><td><strong>Tem\u00e1rio<\/strong><\/td><td><strong>Hor\u00e1rio<\/strong>&nbsp;&nbsp;&nbsp;&nbsp;&nbsp;&nbsp;&nbsp;&nbsp;&nbsp;<\/td><\/tr><tr><td>Acolhimento<\/td><td>1\u00aa Atividade Cultural<\/td><td>18h00<\/td><\/tr><tr><td>Abertura<\/td><td>Abertura oficial do encontro<\/td><td>18h30<\/td><\/tr><tr><td>Mesa das Autoridades<\/td><td><\/td><td>18h50<\/td><\/tr><tr><td>Momento Magno<\/td><td>\u201cSistema Nacional de Educa\u00e7\u00e3o o e PNE: uma prioridade urgente para os Conselhos Municipais da Educa\u00e7\u00e3o\u201d<\/td><td>19h30<\/td><\/tr><tr><td>Encerramento<\/td><td>Coquetel de abertura com atra\u00e7\u00e3o musical<\/td><td>21h<\/td><\/tr><\/tbody><\/table><\/figure>\n<\/div><\/div>\n\n\n\n<div class=\"wp-block-group\"><div class=\"wp-block-group__inner-container is-layout-constrained wp-block-group-is-layout-constrained\">\n<p class=\"has-text-align-center\"><strong>PROGRAMA\u00c7\u00c3O | DIA 21\/08\/2024 | QUARTA-FEIRA \u2013 MANH\u00c3<\/strong><\/p>\n\n\n\n<figure class=\"is-style-stripes wp-block-table\"><table><tbody><tr><td><strong>Atividade<\/strong><\/td><td><strong>Tem\u00e1rio<\/strong><\/td><td><strong>Hor\u00e1rio<\/strong>&nbsp;&nbsp;&nbsp;&nbsp;&nbsp;&nbsp;&nbsp;&nbsp;&nbsp;&nbsp;<\/td><\/tr><tr><td>Acolhimento<\/td><td>2\u00aa Atividade Cultural &#8211; Palco Principal<\/td><td>08h20<\/td><\/tr><tr><td>Oficinas Tem\u00e1ticas<\/td><td>1 \u00e0 13<\/td><td>09:00<\/td><\/tr><tr><td>Encerramento<\/td><td><\/td><td>12:00<\/td><\/tr><\/tbody><\/table><\/figure>\n<\/div><\/div>\n\n\n\n<div class=\"wp-block-group\"><div class=\"wp-block-group__inner-container is-layout-constrained wp-block-group-is-layout-constrained\">\n<p class=\"has-text-align-center\"><strong>PROGRAMA\u00c7\u00c3O | DIA 21\/08\/2024 | QUARTA-FEIRA \u2013 TARDE<\/strong><\/p>\n\n\n\n<figure class=\"is-style-stripes wp-block-table\"><table><tbody><tr><td><strong>Atividade<\/strong><\/td><td><strong>Tem\u00e1rio<\/strong><\/td><td><strong>Hor\u00e1rio<\/strong>&nbsp;&nbsp;&nbsp;&nbsp;&nbsp;&nbsp;&nbsp;&nbsp;&nbsp;&nbsp;<\/td><\/tr><tr><td>Acolhimento<\/td><td><\/td><td>14:00<\/td><\/tr><tr><td>3\u00aa Atividade Cultural<\/td><td><\/td><td>14:20<\/td><\/tr><tr><td>1\u00aa Mesa<\/td><td>\u201cPlano Nacional de Educa\u00e7\u00e3o\u201d<\/td><td>14:30<\/td><\/tr><tr><td>Cofee-break<\/td><td><\/td><td>16:00<\/td><\/tr><tr><td>2\u00aa Mesa<\/td><td>\u201cProgramas e Planejamento da Educa\u00e7\u00e3o B\u00e1sica na intersec\u00e7\u00e3o dos Conselhos Municipais da Educa\u00e7\u00e3o\u201d<\/td><td>16:30<\/td><\/tr><tr><td>Roda de Conversa<\/td><td><\/td><td>18:00<\/td><\/tr><tr><td>Encerramento<\/td><td><\/td><td>18:10<\/td><\/tr><\/tbody><\/table><\/figure>\n<\/div><\/div>\n\n\n\n<div class=\"wp-block-group\"><div class=\"wp-block-group__inner-container is-layout-constrained wp-block-group-is-layout-constrained\">\n<p class=\"has-text-align-center\"><strong>PROGRAMA\u00c7\u00c3O | DIA 22\/08\/2024 | QUINTA-FEIRA \u2013 MANH\u00c3<\/strong><\/p>\n\n\n\n<figure class=\"is-style-stripes wp-block-table\"><table><tbody><tr><td><strong>Atividade<\/strong><\/td><td><strong>Tem\u00e1rio<\/strong><\/td><td><strong>Hor\u00e1rio<\/strong>&nbsp;&nbsp;&nbsp;&nbsp;&nbsp;&nbsp;&nbsp;&nbsp;&nbsp;&nbsp;<\/td><\/tr><tr><td>Acolhimento<\/td><td><\/td><td>08h00<\/td><\/tr><tr><td>4\u00aa Atividade Cultural<\/td><td><\/td><td>08h20<\/td><\/tr><tr><td>3\u00aa Mesa:<\/td><td>\u201cDiversidade e Inclus\u00e3o\u201d<\/td><td>08h40<\/td><\/tr><tr><td>Cofee-break<\/td><td><\/td><td>10h00<\/td><\/tr><tr><td>4\u00aa Mesa:<\/td><td>\u201cO Cacs FUNDEB e suas prioridades no controle social da pol\u00edtica educacional no \u00e2mbito das municipalidades\u201d<\/td><td>10h30<\/td><\/tr><tr><td>Roda de Conversa<\/td><td><\/td><td>12h00<\/td><\/tr><tr><td>Encerramento<\/td><td><\/td><td>12h10<\/td><\/tr><\/tbody><\/table><\/figure>\n<\/div><\/div>\n\n\n\n<div class=\"wp-block-group\"><div class=\"wp-block-group__inner-container is-layout-constrained wp-block-group-is-layout-constrained\">\n<p class=\"has-text-align-center\"><strong>PROGRAMA\u00c7\u00c3O | DIA 22\/08\/2024 | QUINTA-FEIRA \u2013 TARDE<\/strong><\/p>\n\n\n\n<figure class=\"is-style-stripes wp-block-table\"><table><tbody><tr><td><strong>Atividade<\/strong><\/td><td><strong>Tem\u00e1rio<\/strong><\/td><td><strong>Hor\u00e1rio<\/strong>&nbsp;&nbsp;&nbsp;&nbsp;&nbsp;&nbsp;&nbsp;&nbsp;&nbsp;&nbsp;<\/td><\/tr><tr><td>Acolhimento<\/td><td><\/td><td>14h00<\/td><\/tr><tr><td>5\u00aa Atividade Cultural<\/td><td><\/td><td>14h20<\/td><\/tr><tr><td>5\u00aa Mesa:<\/td><td>\u201cA import\u00e2ncia do controle social na \u00f3tica dos Conselhos Municipais da Educa\u00e7\u00e3o\u201d<\/td><td>14h30<\/td><\/tr><tr><td>Cofee-break<\/td><td><\/td><td>16h00<\/td><\/tr><tr><td>6\u00aa Mesa<\/td><td>\u201cEscola Integral de Tempo Integral e sua rela\u00e7\u00e3o aos \u00f3rg\u00e3os de controle social da pol\u00edtica educacional\u201d<\/td><td>16h30<\/td><\/tr><tr><td>Roda de Conversa<\/td><td><\/td><td>18h00<\/td><\/tr><tr><td>Encerramento<\/td><td><\/td><td>18h10<\/td><\/tr><\/tbody><\/table><\/figure>\n<\/div><\/div>\n\n\n\n<p class=\"\"><\/p>\n\n\n\n<div class=\"wp-block-group\"><div class=\"wp-block-group__inner-container is-layout-constrained wp-block-group-is-layout-constrained\">\n<p class=\"has-text-align-center\"><strong>PROGRAMA\u00c7\u00c3O | DIA 23\/08\/2024 | SEXTA-FEIRA \u2013 MANH\u00c3<\/strong><\/p>\n\n\n\n<figure class=\"is-style-stripes wp-block-table\"><table><tbody><tr><td><strong>Atividade<\/strong><\/td><td><\/td><td><strong>Hor\u00e1rio<\/strong>&nbsp;&nbsp;&nbsp;&nbsp;&nbsp;&nbsp;&nbsp;&nbsp;&nbsp;&nbsp;<\/td><\/tr><tr><td>Acolhimento<\/td><td><\/td><td>08:00<\/td><\/tr><tr><td>6\u00aa Atividade Cultural<\/td><td><\/td><td>08:20<\/td><\/tr><tr><td>Experi\u00eancias Exitosas dos CMEs<\/td><td><\/td><td>08:40<\/td><\/tr><tr><td>Eixos Principais da Carta Itapetininga\/SP<\/td><td><\/td><td>09:50<\/td><\/tr><tr><td>Intera\u00e7\u00e3o<\/td><td><\/td><td>11:00<\/td><\/tr><tr><td>An\u00fancio do XXXIV Encontro Nacional &#8211; 2025<\/td><td><\/td><td>11:10<\/td><\/tr><tr><td>Encerramento do evento<\/td><td><\/td><td>12:00<\/td><\/tr><\/tbody><\/table><\/figure>\n<\/div><\/div>\n\n\n\n<div class=\"wp-block-group\"><div class=\"wp-block-group__inner-container is-layout-constrained wp-block-group-is-layout-constrained\">\n<p class=\"has-text-align-center\"><strong>OFICINAS TEM\u00c1TICAS<\/strong><\/p>\n\n\n\n<figure class=\"is-style-stripes wp-block-table\"><table><tbody><tr><td class=\"has-text-align-center\" data-align=\"center\"><strong>OFICINA N\u00ba.<\/strong> <\/td><td><strong>TEM\u00c1RIO<\/strong><\/td><\/tr><tr><td class=\"has-text-align-center\" data-align=\"center\">01<\/td><td>\u201cCACS FUNDEB\u201d<\/td><\/tr><tr><td class=\"has-text-align-center\" data-align=\"center\">02<\/td><td>\u201cEduca\u00e7\u00e3o do Campo\u201d<\/td><\/tr><tr><td class=\"has-text-align-center\" data-align=\"center\">03<\/td><td>\u201cEduca\u00e7\u00e3o Bilingue\u201d<\/td><\/tr><tr><td class=\"has-text-align-center\" data-align=\"center\">04<\/td><td>\u201cDireitos Humanos\u201d<\/td><\/tr><tr><td class=\"has-text-align-center\" data-align=\"center\">05<\/td><td>\u201cEduca\u00e7\u00e3o de Jovens e Adultos\u201d<\/td><\/tr><tr><td class=\"has-text-align-center\" data-align=\"center\">06<\/td><td>\u201cRela\u00e7\u00f5es \u00e9tnico-raciais para o ensino de Hist\u00f3ria e Cultura Afro-brasileira e Africana\u201d<\/td><\/tr><tr><td class=\"has-text-align-center\" data-align=\"center\">07<\/td><td>\u201cEduca\u00e7\u00e3o Quilombola\u201d<\/td><\/tr><tr><td class=\"has-text-align-center\" data-align=\"center\">08<\/td><td>\u201cEduca\u00e7\u00e3o Ind\u00edgena\u201d<\/td><\/tr><tr><td class=\"has-text-align-center\" data-align=\"center\">09<\/td><td>\u201cAlfabetiza\u00e7\u00e3o\u201d<\/td><\/tr><tr><td class=\"has-text-align-center\" data-align=\"center\">10<\/td><td>\u201cEscola Integral de Tempo Integral\u201d<\/td><\/tr><tr><td class=\"has-text-align-center\" data-align=\"center\">11<\/td><td>\u201cSistema Nacional de Educa\u00e7\u00e3o\u201d<\/td><\/tr><tr><td class=\"has-text-align-center\" data-align=\"center\">12<\/td><td>\u201cPlanos Primeira Inf\u00e2ncia\u201d<\/td><\/tr><tr><td class=\"has-text-align-center\" data-align=\"center\">13<\/td><td>\u201cEduca\u00e7\u00e3o Especial na perspectiva da Educa\u00e7\u00e3o Inclusiva\u201d<\/td><\/tr><tr><td class=\"has-text-align-center\" data-align=\"center\">14<\/td><td>\u201cAtos Normativos da Educa\u00e7\u00e3o Infantil\u201d<\/td><\/tr><tr><td class=\"has-text-align-center\" data-align=\"center\">15<\/td><td>\u201cEstrutura dos Atos Normativos para os CMEs\u201d<\/td><\/tr><tr><td class=\"has-text-align-center\" data-align=\"center\">16<\/td><td>\u201cCAE\u201d<\/td><\/tr><\/tbody><\/table><\/figure>\n<\/div><\/div>\n\n\n\n<div class=\"wp-block-essential-blocks-button  root-eb-button-lgi5a\"><div class=\"eb-parent-wrapper eb-parent-eb-button-lgi5a \"><div class=\"eb-button-wrapper eb-button-alignment eb-button-lgi5a\"><div class=\"eb-button\"><a class=\"eb-button-anchor\" href=\"https:\/\/uncme.org.br\/encme2024\/wp-content\/uploads\/2024\/08\/programacao-xxxiii-encme.pdf\" target=\"_blank\" rel=\"noopener\">Clique aqui pra baixar a programa\u00e7\u00e3o!<\/a><\/div><\/div><\/div><\/div>\n\n\n\n<p class=\"\"><\/p>\n","protected":false},"excerpt":{"rendered":"<p>PROGRAMA\u00c7\u00c3O | DIA: 20\/08\/2024 | TER\u00c7A-FEIRA \u2013 TARDE Atividade Tem\u00e1rio Hor\u00e1rio&nbsp;&nbsp;&nbsp;&nbsp;&nbsp;&nbsp;&nbsp;&nbsp;&nbsp; Credenciamento 12h00 PROGRAMA\u00c7\u00c3O | DIA: 20\/08\/2024 | TER\u00c7A-FEIRA \u2013 NOITE Atividade Tem\u00e1rio Hor\u00e1rio&nbsp;&nbsp;&nbsp;&nbsp;&nbsp;&nbsp;&nbsp;&nbsp;&nbsp; Acolhimento 1\u00aa Atividade Cultural 18h00 Abertura Abertura oficial do encontro 18h30 Mesa das Autoridades 18h50 Momento Magno \u201cSistema Nacional de Educa\u00e7\u00e3o o e PNE: uma prioridade urgente para os Conselhos Municipais&hellip; <br \/> <a class=\"button small blue\" href=\"https:\/\/uncme.org.br\/encme2024\/programacao\/\">Leia mais<\/a><\/p>\n","protected":false},"author":1,"featured_media":0,"parent":0,"menu_order":0,"comment_status":"closed","ping_status":"closed","template":"","meta":{"nf_dc_page":"","_eb_attr":"","footnotes":""},"class_list":["post-46","page","type-page","status-publish","hentry"],"_links":{"self":[{"href":"https:\/\/uncme.org.br\/encme2024\/wp-json\/wp\/v2\/pages\/46","targetHints":{"allow":["GET"]}}],"collection":[{"href":"https:\/\/uncme.org.br\/encme2024\/wp-json\/wp\/v2\/pages"}],"about":[{"href":"https:\/\/uncme.org.br\/encme2024\/wp-json\/wp\/v2\/types\/page"}],"author":[{"embeddable":true,"href":"https:\/\/uncme.org.br\/encme2024\/wp-json\/wp\/v2\/users\/1"}],"replies":[{"embeddable":true,"href":"https:\/\/uncme.org.br\/encme2024\/wp-json\/wp\/v2\/comments?post=46"}],"version-history":[{"count":5,"href":"https:\/\/uncme.org.br\/encme2024\/wp-json\/wp\/v2\/pages\/46\/revisions"}],"predecessor-version":[{"id":295,"href":"https:\/\/uncme.org.br\/encme2024\/wp-json\/wp\/v2\/pages\/46\/revisions\/295"}],"wp:attachment":[{"href":"https:\/\/uncme.org.br\/encme2024\/wp-json\/wp\/v2\/media?parent=46"}],"curies":[{"name":"wp","href":"https:\/\/api.w.org\/{rel}","templated":true}]}}