{"id":14,"date":"2020-10-11T21:53:41","date_gmt":"2020-10-12T00:53:41","guid":{"rendered":"https:\/\/uncme.org.br\/inicio\/uncmeba\/?page_id=14"},"modified":"2021-07-03T18:07:22","modified_gmt":"2021-07-03T21:07:22","slug":"noticiais","status":"publish","type":"page","link":"https:\/\/uncme.org.br\/inicio\/uncmeba\/noticiais\/","title":{"rendered":"Not\u00edciais"},"content":{"rendered":"<ul class=\"wp-block-latest-posts__list is-grid columns-3 has-dates wp-block-latest-posts\"><li><div class=\"wp-block-latest-posts__featured-image\"><img fetchpriority=\"high\" decoding=\"async\" width=\"300\" height=\"216\" src=\"https:\/\/uncme.org.br\/inicio\/uncmeba\/wp-content\/uploads\/sites\/4\/2022\/08\/PROGRAMACAO-SERIE-FORMACAO-ONLINE-300x216.png\" class=\"attachment-medium size-medium wp-post-image\" alt=\"\" style=\"\" srcset=\"https:\/\/uncme.org.br\/inicio\/uncmeba\/wp-content\/uploads\/sites\/4\/2022\/08\/PROGRAMACAO-SERIE-FORMACAO-ONLINE-300x216.png 300w, https:\/\/uncme.org.br\/inicio\/uncmeba\/wp-content\/uploads\/sites\/4\/2022\/08\/PROGRAMACAO-SERIE-FORMACAO-ONLINE-1024x738.png 1024w, https:\/\/uncme.org.br\/inicio\/uncmeba\/wp-content\/uploads\/sites\/4\/2022\/08\/PROGRAMACAO-SERIE-FORMACAO-ONLINE-768x553.png 768w, https:\/\/uncme.org.br\/inicio\/uncmeba\/wp-content\/uploads\/sites\/4\/2022\/08\/PROGRAMACAO-SERIE-FORMACAO-ONLINE.png 1066w\" sizes=\"(max-width: 300px) 100vw, 300px\" \/><\/div><a class=\"wp-block-latest-posts__post-title\" href=\"https:\/\/uncme.org.br\/inicio\/uncmeba\/2022\/08\/16\/programacao-da-serie-formacao-on-line\/\">PROGRAMA\u00c7\u00c3O DA S\u00c9RIE FORMA\u00c7\u00c3O ON-LINE<\/a><time datetime=\"2022-08-16T15:13:54-03:00\" class=\"wp-block-latest-posts__post-date\">16 de agosto de 2022<\/time><\/li>\n<li><div class=\"wp-block-latest-posts__featured-image\"><img decoding=\"async\" width=\"300\" height=\"300\" src=\"https:\/\/uncme.org.br\/inicio\/uncmeba\/wp-content\/uploads\/sites\/4\/2022\/08\/CURSO_PDDE_16-08-2022-300x300.jpeg\" class=\"attachment-medium size-medium wp-post-image\" alt=\"\" style=\"\" srcset=\"https:\/\/uncme.org.br\/inicio\/uncmeba\/wp-content\/uploads\/sites\/4\/2022\/08\/CURSO_PDDE_16-08-2022-300x300.jpeg 300w, https:\/\/uncme.org.br\/inicio\/uncmeba\/wp-content\/uploads\/sites\/4\/2022\/08\/CURSO_PDDE_16-08-2022-1024x1024.jpeg 1024w, https:\/\/uncme.org.br\/inicio\/uncmeba\/wp-content\/uploads\/sites\/4\/2022\/08\/CURSO_PDDE_16-08-2022-150x150.jpeg 150w, https:\/\/uncme.org.br\/inicio\/uncmeba\/wp-content\/uploads\/sites\/4\/2022\/08\/CURSO_PDDE_16-08-2022-768x768.jpeg 768w, https:\/\/uncme.org.br\/inicio\/uncmeba\/wp-content\/uploads\/sites\/4\/2022\/08\/CURSO_PDDE_16-08-2022-700x700.jpeg 700w, https:\/\/uncme.org.br\/inicio\/uncmeba\/wp-content\/uploads\/sites\/4\/2022\/08\/CURSO_PDDE_16-08-2022.jpeg 1080w\" sizes=\"(max-width: 300px) 100vw, 300px\" \/><\/div><a class=\"wp-block-latest-posts__post-title\" href=\"https:\/\/uncme.org.br\/inicio\/uncmeba\/2022\/08\/16\/curso-pdde-e-acoes-interadas-na-regiao-nordeste\/\">CURSO PDDE E A\u00c7\u00d5ES INTERADAS NA REGI\u00c3O NORDESTE<\/a><time datetime=\"2022-08-16T14:52:26-03:00\" class=\"wp-block-latest-posts__post-date\">16 de agosto de 2022<\/time><\/li>\n<li><div class=\"wp-block-latest-posts__featured-image\"><img decoding=\"async\" width=\"300\" height=\"300\" src=\"https:\/\/uncme.org.br\/inicio\/uncmeba\/wp-content\/uploads\/sites\/4\/2022\/08\/PDDE-23-08-2022-300x300.jpeg\" class=\"attachment-medium size-medium wp-post-image\" alt=\"\" style=\"\" srcset=\"https:\/\/uncme.org.br\/inicio\/uncmeba\/wp-content\/uploads\/sites\/4\/2022\/08\/PDDE-23-08-2022-300x300.jpeg 300w, https:\/\/uncme.org.br\/inicio\/uncmeba\/wp-content\/uploads\/sites\/4\/2022\/08\/PDDE-23-08-2022-1024x1024.jpeg 1024w, https:\/\/uncme.org.br\/inicio\/uncmeba\/wp-content\/uploads\/sites\/4\/2022\/08\/PDDE-23-08-2022-150x150.jpeg 150w, https:\/\/uncme.org.br\/inicio\/uncmeba\/wp-content\/uploads\/sites\/4\/2022\/08\/PDDE-23-08-2022-768x768.jpeg 768w, https:\/\/uncme.org.br\/inicio\/uncmeba\/wp-content\/uploads\/sites\/4\/2022\/08\/PDDE-23-08-2022-700x700.jpeg 700w, https:\/\/uncme.org.br\/inicio\/uncmeba\/wp-content\/uploads\/sites\/4\/2022\/08\/PDDE-23-08-2022.jpeg 1080w\" sizes=\"(max-width: 300px) 100vw, 300px\" \/><\/div><a class=\"wp-block-latest-posts__post-title\" href=\"https:\/\/uncme.org.br\/inicio\/uncmeba\/2022\/08\/16\/encontros-presenciais-com-dirigentes-estaduais-e-municipais-de-educacao\/\">ENCONTROS PRESENCIAIS COM DIRIGENTES ESTADUAIS E MUNICIPAIS DE EDUCA\u00c7\u00c3O<\/a><time datetime=\"2022-08-16T14:50:03-03:00\" class=\"wp-block-latest-posts__post-date\">16 de agosto de 2022<\/time><\/li>\n<li><div class=\"wp-block-latest-posts__featured-image\"><img loading=\"lazy\" decoding=\"async\" width=\"300\" height=\"300\" src=\"https:\/\/uncme.org.br\/inicio\/uncmeba\/wp-content\/uploads\/sites\/4\/2022\/08\/UNCME_30_ANOS-300x300.jpeg\" class=\"attachment-medium size-medium wp-post-image\" alt=\"\" style=\"\" srcset=\"https:\/\/uncme.org.br\/inicio\/uncmeba\/wp-content\/uploads\/sites\/4\/2022\/08\/UNCME_30_ANOS-300x300.jpeg 300w, https:\/\/uncme.org.br\/inicio\/uncmeba\/wp-content\/uploads\/sites\/4\/2022\/08\/UNCME_30_ANOS-1024x1024.jpeg 1024w, https:\/\/uncme.org.br\/inicio\/uncmeba\/wp-content\/uploads\/sites\/4\/2022\/08\/UNCME_30_ANOS-150x150.jpeg 150w, https:\/\/uncme.org.br\/inicio\/uncmeba\/wp-content\/uploads\/sites\/4\/2022\/08\/UNCME_30_ANOS-768x768.jpeg 768w, https:\/\/uncme.org.br\/inicio\/uncmeba\/wp-content\/uploads\/sites\/4\/2022\/08\/UNCME_30_ANOS-700x700.jpeg 700w, https:\/\/uncme.org.br\/inicio\/uncmeba\/wp-content\/uploads\/sites\/4\/2022\/08\/UNCME_30_ANOS.jpeg 1080w\" sizes=\"(max-width: 300px) 100vw, 300px\" \/><\/div><a class=\"wp-block-latest-posts__post-title\" href=\"https:\/\/uncme.org.br\/inicio\/uncmeba\/2022\/08\/05\/uncme-30-anos\/\">UNCME 30 ANOS<\/a><time datetime=\"2022-08-05T14:37:00-03:00\" class=\"wp-block-latest-posts__post-date\">5 de agosto de 2022<\/time><\/li>\n<li><div class=\"wp-block-latest-posts__featured-image\"><img loading=\"lazy\" decoding=\"async\" width=\"300\" height=\"169\" src=\"https:\/\/uncme.org.br\/inicio\/uncmeba\/wp-content\/uploads\/sites\/4\/2022\/06\/live-175-300x169.png\" class=\"attachment-medium size-medium wp-post-image\" alt=\"\" style=\"\" srcset=\"https:\/\/uncme.org.br\/inicio\/uncmeba\/wp-content\/uploads\/sites\/4\/2022\/06\/live-175-300x169.png 300w, https:\/\/uncme.org.br\/inicio\/uncmeba\/wp-content\/uploads\/sites\/4\/2022\/06\/live-175-768x432.png 768w, https:\/\/uncme.org.br\/inicio\/uncmeba\/wp-content\/uploads\/sites\/4\/2022\/06\/live-175.png 960w\" sizes=\"(max-width: 300px) 100vw, 300px\" \/><\/div><a class=\"wp-block-latest-posts__post-title\" href=\"https:\/\/uncme.org.br\/inicio\/uncmeba\/2022\/06\/10\/live-175-diretrizes-nacionais-de-educacao-do-campo-o-que-fazer-no-contexto-municipal\/\">LIVE 175: Diretrizes Nacionais de Educa\u00e7\u00e3o do Campo: O que fazer no contexto municipal?!<\/a><time datetime=\"2022-06-10T14:23:57-03:00\" class=\"wp-block-latest-posts__post-date\">10 de junho de 2022<\/time><\/li>\n<li><div class=\"wp-block-latest-posts__featured-image\"><img loading=\"lazy\" decoding=\"async\" width=\"300\" height=\"169\" src=\"https:\/\/uncme.org.br\/inicio\/uncmeba\/wp-content\/uploads\/sites\/4\/2022\/06\/xxiv_dia_2_002-300x169.jpeg\" class=\"attachment-medium size-medium wp-post-image\" alt=\"\" style=\"\" srcset=\"https:\/\/uncme.org.br\/inicio\/uncmeba\/wp-content\/uploads\/sites\/4\/2022\/06\/xxiv_dia_2_002-300x169.jpeg 300w, https:\/\/uncme.org.br\/inicio\/uncmeba\/wp-content\/uploads\/sites\/4\/2022\/06\/xxiv_dia_2_002-1024x576.jpeg 1024w, https:\/\/uncme.org.br\/inicio\/uncmeba\/wp-content\/uploads\/sites\/4\/2022\/06\/xxiv_dia_2_002-768x432.jpeg 768w, https:\/\/uncme.org.br\/inicio\/uncmeba\/wp-content\/uploads\/sites\/4\/2022\/06\/xxiv_dia_2_002.jpeg 1280w\" sizes=\"(max-width: 300px) 100vw, 300px\" \/><\/div><a class=\"wp-block-latest-posts__post-title\" href=\"https:\/\/uncme.org.br\/inicio\/uncmeba\/2022\/06\/07\/xxiv-encontro-estadual-da-uncme-ba-30-anos-da-uncme-nacional-segundo-dia\/\">XXIV Encontro Estadual da UNCME BA \/ 30 anos da UNCME Nacional &#8211; Segundo dia<\/a><time datetime=\"2022-06-07T22:12:42-03:00\" class=\"wp-block-latest-posts__post-date\">7 de junho de 2022<\/time><\/li>\n<li><div class=\"wp-block-latest-posts__featured-image\"><img loading=\"lazy\" decoding=\"async\" width=\"300\" height=\"200\" src=\"https:\/\/uncme.org.br\/inicio\/uncmeba\/wp-content\/uploads\/sites\/4\/2022\/06\/SC2_07062022-4-1-300x200.jpg\" class=\"attachment-medium size-medium wp-post-image\" alt=\"\" style=\"\" srcset=\"https:\/\/uncme.org.br\/inicio\/uncmeba\/wp-content\/uploads\/sites\/4\/2022\/06\/SC2_07062022-4-1-300x200.jpg 300w, https:\/\/uncme.org.br\/inicio\/uncmeba\/wp-content\/uploads\/sites\/4\/2022\/06\/SC2_07062022-4-1-768x512.jpg 768w, https:\/\/uncme.org.br\/inicio\/uncmeba\/wp-content\/uploads\/sites\/4\/2022\/06\/SC2_07062022-4-1.jpg 1020w\" sizes=\"(max-width: 300px) 100vw, 300px\" \/><\/div><a class=\"wp-block-latest-posts__post-title\" href=\"https:\/\/uncme.org.br\/inicio\/uncmeba\/2022\/06\/07\/uniao-nacional-dos-conselhos-municipais-da-educacao-faz-congresso-estadual-em-vitoria-da-conquista-e-homenageia-prefeita\/\">Uni\u00e3o Nacional Dos Conselhos Municipais Da Educa\u00e7\u00e3o Faz Congresso Estadual Em Vit\u00f3ria Da Conquista E Homenageia Prefeita<\/a><time datetime=\"2022-06-07T21:05:35-03:00\" class=\"wp-block-latest-posts__post-date\">7 de junho de 2022<\/time><\/li>\n<li><div class=\"wp-block-latest-posts__featured-image\"><img loading=\"lazy\" decoding=\"async\" width=\"300\" height=\"169\" src=\"https:\/\/uncme.org.br\/inicio\/uncmeba\/wp-content\/uploads\/sites\/4\/2022\/06\/xxix-conquista-06062022-300x169.png\" class=\"attachment-medium size-medium wp-post-image\" alt=\"\" style=\"\" srcset=\"https:\/\/uncme.org.br\/inicio\/uncmeba\/wp-content\/uploads\/sites\/4\/2022\/06\/xxix-conquista-06062022-300x169.png 300w, https:\/\/uncme.org.br\/inicio\/uncmeba\/wp-content\/uploads\/sites\/4\/2022\/06\/xxix-conquista-06062022-768x432.png 768w, https:\/\/uncme.org.br\/inicio\/uncmeba\/wp-content\/uploads\/sites\/4\/2022\/06\/xxix-conquista-06062022.png 960w\" sizes=\"(max-width: 300px) 100vw, 300px\" \/><\/div><a class=\"wp-block-latest-posts__post-title\" href=\"https:\/\/uncme.org.br\/inicio\/uncmeba\/2022\/06\/06\/conquista-sessao-solene-celebra-30-anos-da-uniao-nacional-dos-conselhos-municipais-de-educacao\/\">Conquista: Sess\u00e3o Solene celebra 30 anos da Uni\u00e3o Nacional dos Conselhos Municipais de Educa\u00e7\u00e3o<\/a><time datetime=\"2022-06-06T20:13:02-03:00\" class=\"wp-block-latest-posts__post-date\">6 de junho de 2022<\/time><\/li>\n<li><div class=\"wp-block-latest-posts__featured-image\"><img loading=\"lazy\" decoding=\"async\" width=\"300\" height=\"169\" src=\"https:\/\/uncme.org.br\/inicio\/uncmeba\/wp-content\/uploads\/sites\/4\/2022\/06\/xxix-capa-300x169.png\" class=\"attachment-medium size-medium wp-post-image\" alt=\"\" style=\"\" srcset=\"https:\/\/uncme.org.br\/inicio\/uncmeba\/wp-content\/uploads\/sites\/4\/2022\/06\/xxix-capa-300x169.png 300w, https:\/\/uncme.org.br\/inicio\/uncmeba\/wp-content\/uploads\/sites\/4\/2022\/06\/xxix-capa-768x432.png 768w, https:\/\/uncme.org.br\/inicio\/uncmeba\/wp-content\/uploads\/sites\/4\/2022\/06\/xxix-capa.png 960w\" sizes=\"(max-width: 300px) 100vw, 300px\" \/><\/div><a class=\"wp-block-latest-posts__post-title\" href=\"https:\/\/uncme.org.br\/inicio\/uncmeba\/2022\/06\/06\/xxiv-encontro-estadual-da-uncme-ba-e-30-anos-da-uncme-nacional\/\">XXIV Encontro Estadual da UNCME BA \/ 30 anos da UNCME Nacional<\/a><time datetime=\"2022-06-06T18:30:52-03:00\" class=\"wp-block-latest-posts__post-date\">6 de junho de 2022<\/time><\/li>\n<li><div class=\"wp-block-latest-posts__featured-image\"><img loading=\"lazy\" decoding=\"async\" width=\"300\" height=\"169\" src=\"https:\/\/uncme.org.br\/inicio\/uncmeba\/wp-content\/uploads\/sites\/4\/2022\/06\/xxix-conquista-05062022-300x169.png\" class=\"attachment-medium size-medium wp-post-image\" alt=\"\" style=\"\" srcset=\"https:\/\/uncme.org.br\/inicio\/uncmeba\/wp-content\/uploads\/sites\/4\/2022\/06\/xxix-conquista-05062022-300x169.png 300w, https:\/\/uncme.org.br\/inicio\/uncmeba\/wp-content\/uploads\/sites\/4\/2022\/06\/xxix-conquista-05062022-768x432.png 768w, https:\/\/uncme.org.br\/inicio\/uncmeba\/wp-content\/uploads\/sites\/4\/2022\/06\/xxix-conquista-05062022.png 960w\" sizes=\"(max-width: 300px) 100vw, 300px\" \/><\/div><a class=\"wp-block-latest-posts__post-title\" href=\"https:\/\/uncme.org.br\/inicio\/uncmeba\/2022\/06\/05\/vitoria-da-conquista-recebera-encontro-da-uniao-nacional-dos-conselhos-municipais-de-educacao-seccional-bahia\/\">Vit\u00f3ria da Conquista receber\u00e1 encontro da Uni\u00e3o Nacional dos Conselhos Municipais de Educa\u00e7\u00e3o Seccional Bahia<\/a><time datetime=\"2022-06-05T20:25:00-03:00\" class=\"wp-block-latest-posts__post-date\">5 de junho de 2022<\/time><\/li>\n<li><a class=\"wp-block-latest-posts__post-title\" href=\"https:\/\/uncme.org.br\/inicio\/uncmeba\/2021\/07\/14\/protocolos-em-tempos-de-excepcionalidade\/\">PROTOCOLOS EM TEMPOS DE EXCEPCIONALIDADE<\/a><time datetime=\"2021-07-14T08:50:36-03:00\" class=\"wp-block-latest-posts__post-date\">14 de julho de 2021<\/time><\/li>\n<li><a class=\"wp-block-latest-posts__post-title\" href=\"https:\/\/uncme.org.br\/inicio\/uncmeba\/2021\/07\/14\/orientac%cc%a7o%cc%83es-complementares-para-o-cumprimento-do-ano-letivos-2020-uncme-undime-bahia\/\">ORIENTAC\u0327O\u0303ES COMPLEMENTARES PARA O CUMPRIMENTO DO ANO LETIVOS 2020 UNCME UNDIME BAHIA<\/a><time datetime=\"2021-07-14T08:49:23-03:00\" class=\"wp-block-latest-posts__post-date\">14 de julho de 2021<\/time><\/li>\n<li><a class=\"wp-block-latest-posts__post-title\" href=\"https:\/\/uncme.org.br\/inicio\/uncmeba\/2021\/07\/14\/nota-tecnica-uncme-ba-mp-dv-2020\/\">NOTA T\u00c9CNICA UNCME BA MP DV 2020<\/a><time datetime=\"2021-07-14T08:46:52-03:00\" class=\"wp-block-latest-posts__post-date\">14 de julho de 2021<\/time><\/li>\n<li><a class=\"wp-block-latest-posts__post-title\" href=\"https:\/\/uncme.org.br\/inicio\/uncmeba\/2021\/07\/14\/nota-tecnica-agenda-colaborativa\/\">NOTA T\u00c9CNICA AGENDA COLABORATIVA<\/a><time datetime=\"2021-07-14T08:45:06-03:00\" class=\"wp-block-latest-posts__post-date\">14 de julho de 2021<\/time><\/li>\n<li><a class=\"wp-block-latest-posts__post-title\" href=\"https:\/\/uncme.org.br\/inicio\/uncmeba\/2021\/07\/14\/covid-19-guia-8-reabertura-das-escolas-campanha\/\">COVID-19 Guia 8 &#8211; REABERTURA DAS ESCOLAS CAMPANHA<\/a><time datetime=\"2021-07-14T08:43:57-03:00\" class=\"wp-block-latest-posts__post-date\">14 de julho de 2021<\/time><\/li>\n<li><a class=\"wp-block-latest-posts__post-title\" href=\"https:\/\/uncme.org.br\/inicio\/uncmeba\/2021\/07\/14\/contribuicoes-da-uncme-bahia-para-o-continuum-letivo\/\">CONTRIBUI\u00c7\u00d5ES DA UNCME BAHIA  PARA O CONTINUUM LETIVO<\/a><time datetime=\"2021-07-14T08:41:49-03:00\" class=\"wp-block-latest-posts__post-date\">14 de julho de 2021<\/time><\/li>\n<li><a class=\"wp-block-latest-posts__post-title\" href=\"https:\/\/uncme.org.br\/inicio\/uncmeba\/2021\/07\/13\/recomendacoes-retorno-gradativo-as-atividades-presenciais-gilvania-nascimento\/\">Recomenda\u00e7\u00f5es retorno gradativo \u00e0s atividades presenciais \u2013 Gilv\u00e2nia Nascimento<\/a><time datetime=\"2021-07-13T15:59:06-03:00\" class=\"wp-block-latest-posts__post-date\">13 de julho de 2021<\/time><\/li>\n<li><a class=\"wp-block-latest-posts__post-title\" href=\"https:\/\/uncme.org.br\/inicio\/uncmeba\/2021\/07\/13\/recomendacoes-retorno-gradativo-as-atividades-presenciais\/\">Recomenda\u00e7\u00f5es retorno gradativo \u00e0s atividades presenciais &#8211; Alda Muniz P\u00eape<\/a><time datetime=\"2021-07-13T15:52:35-03:00\" class=\"wp-block-latest-posts__post-date\">13 de julho de 2021<\/time><\/li>\n<li><a class=\"wp-block-latest-posts__post-title\" href=\"https:\/\/uncme.org.br\/inicio\/uncmeba\/2021\/07\/13\/o-papel-dos-conselhos-municipais-de-educacao\/\">O Papel dos Conselhos Municipais de Educa\u00e7\u00e3o<\/a><time datetime=\"2021-07-13T15:49:49-03:00\" class=\"wp-block-latest-posts__post-date\">13 de julho de 2021<\/time><\/li>\n<li><a class=\"wp-block-latest-posts__post-title\" href=\"https:\/\/uncme.org.br\/inicio\/uncmeba\/2021\/07\/03\/sistema-conselho-e-plano\/\">Sistema Conselho e Plano<\/a><time datetime=\"2021-07-03T20:49:01-03:00\" class=\"wp-block-latest-posts__post-date\">3 de julho de 2021<\/time><\/li>\n<li><div class=\"wp-block-latest-posts__featured-image\"><img loading=\"lazy\" decoding=\"async\" width=\"300\" height=\"169\" src=\"https:\/\/uncme.org.br\/inicio\/uncmeba\/wp-content\/uploads\/sites\/4\/2021\/07\/programacao-xxiii-300x169.png\" class=\"attachment-medium size-medium wp-post-image\" alt=\"\" style=\"\" srcset=\"https:\/\/uncme.org.br\/inicio\/uncmeba\/wp-content\/uploads\/sites\/4\/2021\/07\/programacao-xxiii-300x169.png 300w, https:\/\/uncme.org.br\/inicio\/uncmeba\/wp-content\/uploads\/sites\/4\/2021\/07\/programacao-xxiii-768x432.png 768w, https:\/\/uncme.org.br\/inicio\/uncmeba\/wp-content\/uploads\/sites\/4\/2021\/07\/programacao-xxiii.png 960w\" sizes=\"(max-width: 300px) 100vw, 300px\" \/><\/div><a class=\"wp-block-latest-posts__post-title\" href=\"https:\/\/uncme.org.br\/inicio\/uncmeba\/2021\/07\/03\/programacao-do-xxiii-encontro-estadual-da-uncme\/\">PROGRAMA\u00c7\u00c3O DO XXIII ENCONTRO ESTADUAL DA UNCME<\/a><time datetime=\"2021-07-03T17:24:28-03:00\" class=\"wp-block-latest-posts__post-date\">3 de julho de 2021<\/time><\/li>\n<li><div class=\"wp-block-latest-posts__featured-image\"><img loading=\"lazy\" decoding=\"async\" width=\"300\" height=\"169\" src=\"https:\/\/uncme.org.br\/inicio\/uncmeba\/wp-content\/uploads\/sites\/4\/2021\/07\/xxiii-uncme-ba-00-300x169.png\" class=\"attachment-medium size-medium wp-post-image\" alt=\"\" style=\"\" srcset=\"https:\/\/uncme.org.br\/inicio\/uncmeba\/wp-content\/uploads\/sites\/4\/2021\/07\/xxiii-uncme-ba-00-300x169.png 300w, https:\/\/uncme.org.br\/inicio\/uncmeba\/wp-content\/uploads\/sites\/4\/2021\/07\/xxiii-uncme-ba-00-768x432.png 768w, https:\/\/uncme.org.br\/inicio\/uncmeba\/wp-content\/uploads\/sites\/4\/2021\/07\/xxiii-uncme-ba-00.png 960w\" sizes=\"(max-width: 300px) 100vw, 300px\" \/><\/div><a class=\"wp-block-latest-posts__post-title\" href=\"https:\/\/uncme.org.br\/inicio\/uncmeba\/2021\/07\/03\/presencas-confirmadas-para-o-xxiii-encontro-estadual-da-uncme-bahia-05-e-06-de-julho-de-2021-e-diretos-a-educacao\/\">Presen\u00e7as confirmadas para o XXIII Encontro Estadual da UNCME Bahia 05 e 06 de julho de 2021<\/a><time datetime=\"2021-07-03T15:33:37-03:00\" class=\"wp-block-latest-posts__post-date\">3 de julho de 2021<\/time><\/li>\n<li><div class=\"wp-block-latest-posts__featured-image\"><img loading=\"lazy\" decoding=\"async\" width=\"300\" height=\"169\" src=\"https:\/\/uncme.org.br\/inicio\/uncmeba\/wp-content\/uploads\/sites\/4\/2021\/07\/xxiii-uncme-ba-capa-300x169.png\" class=\"attachment-medium size-medium wp-post-image\" alt=\"\" style=\"\" srcset=\"https:\/\/uncme.org.br\/inicio\/uncmeba\/wp-content\/uploads\/sites\/4\/2021\/07\/xxiii-uncme-ba-capa-300x169.png 300w, https:\/\/uncme.org.br\/inicio\/uncmeba\/wp-content\/uploads\/sites\/4\/2021\/07\/xxiii-uncme-ba-capa-1024x576.png 1024w, https:\/\/uncme.org.br\/inicio\/uncmeba\/wp-content\/uploads\/sites\/4\/2021\/07\/xxiii-uncme-ba-capa-768x432.png 768w, https:\/\/uncme.org.br\/inicio\/uncmeba\/wp-content\/uploads\/sites\/4\/2021\/07\/xxiii-uncme-ba-capa-1536x864.png 1536w, https:\/\/uncme.org.br\/inicio\/uncmeba\/wp-content\/uploads\/sites\/4\/2021\/07\/xxiii-uncme-ba-capa-2048x1152.png 2048w\" sizes=\"(max-width: 300px) 100vw, 300px\" \/><\/div><a class=\"wp-block-latest-posts__post-title\" href=\"https:\/\/uncme.org.br\/inicio\/uncmeba\/2021\/07\/03\/xxiii-encontro-estadual-da-uncme-bahia-05-e-06-de-julho-de-2021\/\">XXIII Encontro Estadual da UNCME Bahia 05 e 06 de julho de 2021<\/a><time datetime=\"2021-07-03T14:51:05-03:00\" class=\"wp-block-latest-posts__post-date\">3 de julho de 2021<\/time><\/li>\n<li><div class=\"wp-block-latest-posts__featured-image\"><img loading=\"lazy\" decoding=\"async\" width=\"300\" height=\"169\" src=\"https:\/\/uncme.org.br\/inicio\/uncmeba\/wp-content\/uploads\/sites\/4\/2021\/07\/serie-formacao-300x169.png\" class=\"attachment-medium size-medium wp-post-image\" alt=\"\" style=\"\" srcset=\"https:\/\/uncme.org.br\/inicio\/uncmeba\/wp-content\/uploads\/sites\/4\/2021\/07\/serie-formacao-300x169.png 300w, https:\/\/uncme.org.br\/inicio\/uncmeba\/wp-content\/uploads\/sites\/4\/2021\/07\/serie-formacao-768x432.png 768w, https:\/\/uncme.org.br\/inicio\/uncmeba\/wp-content\/uploads\/sites\/4\/2021\/07\/serie-formacao.png 960w\" sizes=\"(max-width: 300px) 100vw, 300px\" \/><\/div><a class=\"wp-block-latest-posts__post-title\" href=\"https:\/\/uncme.org.br\/inicio\/uncmeba\/2021\/07\/02\/serie-formacao\/\">S\u00e9rie Forma\u00e7\u00e3o<\/a><time datetime=\"2021-07-02T16:31:00-03:00\" class=\"wp-block-latest-posts__post-date\">2 de julho de 2021<\/time><\/li>\n<\/ul>","protected":false},"excerpt":{"rendered":"","protected":false},"author":1,"featured_media":0,"parent":0,"menu_order":0,"comment_status":"closed","ping_status":"closed","template":"","meta":{"colormag_page_container_layout":"default_layout","colormag_page_sidebar_layout":"default_layout","footnotes":""},"class_list":["post-14","page","type-page","status-publish","hentry"],"_links":{"self":[{"href":"https:\/\/uncme.org.br\/inicio\/uncmeba\/wp-json\/wp\/v2\/pages\/14","targetHints":{"allow":["GET"]}}],"collection":[{"href":"https:\/\/uncme.org.br\/inicio\/uncmeba\/wp-json\/wp\/v2\/pages"}],"about":[{"href":"https:\/\/uncme.org.br\/inicio\/uncmeba\/wp-json\/wp\/v2\/types\/page"}],"author":[{"embeddable":true,"href":"https:\/\/uncme.org.br\/inicio\/uncmeba\/wp-json\/wp\/v2\/users\/1"}],"replies":[{"embeddable":true,"href":"https:\/\/uncme.org.br\/inicio\/uncmeba\/wp-json\/wp\/v2\/comments?post=14"}],"version-history":[{"count":4,"href":"https:\/\/uncme.org.br\/inicio\/uncmeba\/wp-json\/wp\/v2\/pages\/14\/revisions"}],"predecessor-version":[{"id":232,"href":"https:\/\/uncme.org.br\/inicio\/uncmeba\/wp-json\/wp\/v2\/pages\/14\/revisions\/232"}],"wp:attachment":[{"href":"https:\/\/uncme.org.br\/inicio\/uncmeba\/wp-json\/wp\/v2\/media?parent=14"}],"curies":[{"name":"wp","href":"https:\/\/api.w.org\/{rel}","templated":true}]}}