{"id":67,"date":"2021-07-01T15:14:17","date_gmt":"2021-07-01T18:14:17","guid":{"rendered":"https:\/\/uncme.org.br\/inicio\/uncmeba\/?page_id=67"},"modified":"2021-07-03T13:21:33","modified_gmt":"2021-07-03T16:21:33","slug":"apresentacao","status":"publish","type":"page","link":"https:\/\/uncme.org.br\/inicio\/uncmeba\/apresentacao\/","title":{"rendered":"Apresenta\u00e7\u00e3o"},"content":{"rendered":"\t\t<div data-elementor-type=\"wp-page\" data-elementor-id=\"67\" class=\"elementor elementor-67\">\n\t\t\t\t\t\t<section class=\"elementor-section elementor-top-section elementor-element elementor-element-997fb2b elementor-section-boxed elementor-section-height-default elementor-section-height-default\" data-id=\"997fb2b\" data-element_type=\"section\" data-e-type=\"section\">\n\t\t\t\t\t\t<div class=\"elementor-container elementor-column-gap-default\">\n\t\t\t\t\t<div class=\"elementor-column elementor-col-50 elementor-top-column elementor-element elementor-element-6bb5594\" data-id=\"6bb5594\" data-element_type=\"column\" data-e-type=\"column\">\n\t\t\t<div class=\"elementor-widget-wrap elementor-element-populated\">\n\t\t\t\t\t\t<div class=\"elementor-element elementor-element-b0c6e88 elementor-widget elementor-widget-heading\" data-id=\"b0c6e88\" data-element_type=\"widget\" data-e-type=\"widget\" data-widget_type=\"heading.default\">\n\t\t\t\t<div class=\"elementor-widget-container\">\n\t\t\t\t\t<h5 class=\"elementor-heading-title elementor-size-default\">Apresenta\u00e7\u00e3o<\/h5>\t\t\t\t<\/div>\n\t\t\t\t<\/div>\n\t\t\t\t<div class=\"elementor-element elementor-element-55b0656 elementor-widget elementor-widget-text-editor\" data-id=\"55b0656\" data-element_type=\"widget\" data-e-type=\"widget\" data-widget_type=\"text-editor.default\">\n\t\t\t\t<div class=\"elementor-widget-container\">\n\t\t\t\t\t\t\t\t\t<p><img decoding=\"async\" class=\"alignnone  aligncenter\" src=\"https:\/\/uncme.org.br\/inicio\/wp-content\/uploads\/2020\/08\/logo-uncme-resumido.png\" width=\"132\" height=\"138\" \/><img decoding=\"async\" class=\"alignnone wp-image-107 aligncenter\" src=\"https:\/\/uncme.org.br\/inicio\/uncmeba\/wp-content\/uploads\/sites\/4\/2020\/10\/cropped-BAHIA-948x1024.png\" alt=\"\" width=\"118\" height=\"128\" srcset=\"https:\/\/uncme.org.br\/inicio\/uncmeba\/wp-content\/uploads\/sites\/4\/2020\/10\/cropped-BAHIA-948x1024.png 948w, https:\/\/uncme.org.br\/inicio\/uncmeba\/wp-content\/uploads\/sites\/4\/2020\/10\/cropped-BAHIA-278x300.png 278w, https:\/\/uncme.org.br\/inicio\/uncmeba\/wp-content\/uploads\/sites\/4\/2020\/10\/cropped-BAHIA-768x830.png 768w, https:\/\/uncme.org.br\/inicio\/uncmeba\/wp-content\/uploads\/sites\/4\/2020\/10\/cropped-BAHIA.png 954w\" sizes=\"(max-width: 118px) 100vw, 118px\" \/><\/p>\t\t\t\t\t\t\t\t<\/div>\n\t\t\t\t<\/div>\n\t\t\t\t\t<\/div>\n\t\t<\/div>\n\t\t\t\t<div class=\"elementor-column elementor-col-50 elementor-top-column elementor-element elementor-element-fef36c9\" data-id=\"fef36c9\" data-element_type=\"column\" data-e-type=\"column\">\n\t\t\t<div class=\"elementor-widget-wrap elementor-element-populated\">\n\t\t\t\t\t\t<div class=\"elementor-element elementor-element-bce7208 elementor-widget elementor-widget-text-editor\" data-id=\"bce7208\" data-element_type=\"widget\" data-e-type=\"widget\" data-widget_type=\"text-editor.default\">\n\t\t\t\t<div class=\"elementor-widget-container\">\n\t\t\t\t\t\t\t\t\t<p style=\"text-align: justify;\">Art. 1\u00b0<\/p><p style=\"text-align: justify;\">A Uni\u00e3o Nacional dos Conselhos Municipais de Educa\u00e7\u00e3o, doravante denominada UNCME, entidade de direito privado, sem fins lucrativos, com sede e foro no Distrito Federal, \u00e9 \u00f3rg\u00e3o de representa\u00e7\u00e3o nacional dos Conselhos Municipais de Educa\u00e7\u00e3o dos munic\u00edpios brasileiros.<\/p><p style=\"text-align: justify;\">Par\u00e1grafo \u00fanico<\/p><p style=\"text-align: justify;\">Haver\u00e1 um escrit\u00f3rio de representa\u00e7\u00e3o da entidade no Estado de cujo Conselho Municipal de Educa\u00e7\u00e3o for eleito o Presidente da UNCME.<\/p><p style=\"text-align: justify;\">Art. 2\u00b0<\/p><p style=\"text-align: justify;\">A entidade organizar-se-\u00e1 em todos os Estados brasileiros e, em cada um deles, adotar\u00e1 o nome de UNCME, acrescido da sigla do respectivo Estado.<\/p>\t\t\t\t\t\t\t\t<\/div>\n\t\t\t\t<\/div>\n\t\t\t\t\t<\/div>\n\t\t<\/div>\n\t\t\t\t\t<\/div>\n\t\t<\/section>\n\t\t\t\t<section class=\"elementor-section elementor-top-section elementor-element elementor-element-952d4e5 elementor-section-boxed elementor-section-height-default elementor-section-height-default\" data-id=\"952d4e5\" data-element_type=\"section\" data-e-type=\"section\">\n\t\t\t\t\t\t<div class=\"elementor-container elementor-column-gap-default\">\n\t\t\t\t\t<div class=\"elementor-column elementor-col-100 elementor-top-column elementor-element elementor-element-716ab72\" data-id=\"716ab72\" data-element_type=\"column\" data-e-type=\"column\">\n\t\t\t<div class=\"elementor-widget-wrap\">\n\t\t\t\t\t\t\t<\/div>\n\t\t<\/div>\n\t\t\t\t\t<\/div>\n\t\t<\/section>\n\t\t\t\t<\/div>\n\t\t","protected":false},"excerpt":{"rendered":"<p>Apresenta\u00e7\u00e3o Art. 1\u00b0 A Uni\u00e3o Nacional dos Conselhos Municipais de Educa\u00e7\u00e3o, doravante denominada UNCME, entidade de direito privado, sem fins<\/p>\n","protected":false},"author":1,"featured_media":0,"parent":0,"menu_order":0,"comment_status":"closed","ping_status":"closed","template":"","meta":{"colormag_page_container_layout":"default_layout","colormag_page_sidebar_layout":"default_layout","footnotes":""},"class_list":["post-67","page","type-page","status-publish","hentry"],"_links":{"self":[{"href":"https:\/\/uncme.org.br\/inicio\/uncmeba\/wp-json\/wp\/v2\/pages\/67","targetHints":{"allow":["GET"]}}],"collection":[{"href":"https:\/\/uncme.org.br\/inicio\/uncmeba\/wp-json\/wp\/v2\/pages"}],"about":[{"href":"https:\/\/uncme.org.br\/inicio\/uncmeba\/wp-json\/wp\/v2\/types\/page"}],"author":[{"embeddable":true,"href":"https:\/\/uncme.org.br\/inicio\/uncmeba\/wp-json\/wp\/v2\/users\/1"}],"replies":[{"embeddable":true,"href":"https:\/\/uncme.org.br\/inicio\/uncmeba\/wp-json\/wp\/v2\/comments?post=67"}],"version-history":[{"count":4,"href":"https:\/\/uncme.org.br\/inicio\/uncmeba\/wp-json\/wp\/v2\/pages\/67\/revisions"}],"predecessor-version":[{"id":141,"href":"https:\/\/uncme.org.br\/inicio\/uncmeba\/wp-json\/wp\/v2\/pages\/67\/revisions\/141"}],"wp:attachment":[{"href":"https:\/\/uncme.org.br\/inicio\/uncmeba\/wp-json\/wp\/v2\/media?parent=67"}],"curies":[{"name":"wp","href":"https:\/\/api.w.org\/{rel}","templated":true}]}}