{"id":71,"date":"2021-07-01T15:19:04","date_gmt":"2021-07-01T18:19:04","guid":{"rendered":"https:\/\/uncme.org.br\/inicio\/uncmeba\/?page_id=71"},"modified":"2021-07-03T14:36:04","modified_gmt":"2021-07-03T17:36:04","slug":"material-de-campanha","status":"publish","type":"page","link":"https:\/\/uncme.org.br\/inicio\/uncmeba\/material-de-campanha\/","title":{"rendered":"Material de campanha"},"content":{"rendered":"<ul class=\"wp-block-latest-posts__list has-dates wp-block-latest-posts\"><li><div class=\"wp-block-latest-posts__featured-image\"><img decoding=\"async\" width=\"150\" height=\"150\" src=\"https:\/\/uncme.org.br\/inicio\/uncmeba\/wp-content\/uploads\/sites\/4\/2021\/07\/serie-formacao-150x150.png\" class=\"attachment-thumbnail size-thumbnail wp-post-image\" alt=\"\" style=\"\" \/><\/div><a class=\"wp-block-latest-posts__post-title\" href=\"https:\/\/uncme.org.br\/inicio\/uncmeba\/2021\/07\/02\/serie-formacao\/\">S\u00e9rie Forma\u00e7\u00e3o<\/a><time datetime=\"2021-07-02T16:31:00-03:00\" class=\"wp-block-latest-posts__post-date\">2 de julho de 2021<\/time><\/li>\n<\/ul>","protected":false},"excerpt":{"rendered":"","protected":false},"author":1,"featured_media":0,"parent":0,"menu_order":0,"comment_status":"closed","ping_status":"closed","template":"","meta":{"colormag_page_container_layout":"default_layout","colormag_page_sidebar_layout":"default_layout","footnotes":""},"class_list":["post-71","page","type-page","status-publish","hentry"],"_links":{"self":[{"href":"https:\/\/uncme.org.br\/inicio\/uncmeba\/wp-json\/wp\/v2\/pages\/71","targetHints":{"allow":["GET"]}}],"collection":[{"href":"https:\/\/uncme.org.br\/inicio\/uncmeba\/wp-json\/wp\/v2\/pages"}],"about":[{"href":"https:\/\/uncme.org.br\/inicio\/uncmeba\/wp-json\/wp\/v2\/types\/page"}],"author":[{"embeddable":true,"href":"https:\/\/uncme.org.br\/inicio\/uncmeba\/wp-json\/wp\/v2\/users\/1"}],"replies":[{"embeddable":true,"href":"https:\/\/uncme.org.br\/inicio\/uncmeba\/wp-json\/wp\/v2\/comments?post=71"}],"version-history":[{"count":4,"href":"https:\/\/uncme.org.br\/inicio\/uncmeba\/wp-json\/wp\/v2\/pages\/71\/revisions"}],"predecessor-version":[{"id":204,"href":"https:\/\/uncme.org.br\/inicio\/uncmeba\/wp-json\/wp\/v2\/pages\/71\/revisions\/204"}],"wp:attachment":[{"href":"https:\/\/uncme.org.br\/inicio\/uncmeba\/wp-json\/wp\/v2\/media?parent=71"}],"curies":[{"name":"wp","href":"https:\/\/api.w.org\/{rel}","templated":true}]}}