{"id":73,"date":"2021-07-01T15:18:09","date_gmt":"2021-07-01T18:18:09","guid":{"rendered":"https:\/\/uncme.org.br\/inicio\/uncmeba\/?page_id=73"},"modified":"2021-07-03T19:14:29","modified_gmt":"2021-07-03T22:14:29","slug":"consultoria","status":"publish","type":"page","link":"https:\/\/uncme.org.br\/inicio\/uncmeba\/consultoria\/","title":{"rendered":"Consultoria"},"content":{"rendered":"\t\t<div data-elementor-type=\"wp-page\" data-elementor-id=\"73\" class=\"elementor elementor-73\">\n\t\t\t\t\t\t<section class=\"elementor-section elementor-top-section elementor-element elementor-element-8275ec3 elementor-section-boxed elementor-section-height-default elementor-section-height-default\" data-id=\"8275ec3\" data-element_type=\"section\" data-e-type=\"section\">\n\t\t\t\t\t\t<div class=\"elementor-container elementor-column-gap-default\">\n\t\t\t\t\t<div class=\"elementor-column elementor-col-100 elementor-top-column elementor-element elementor-element-c98d562\" data-id=\"c98d562\" data-element_type=\"column\" data-e-type=\"column\">\n\t\t\t<div class=\"elementor-widget-wrap\">\n\t\t\t\t\t\t\t<\/div>\n\t\t<\/div>\n\t\t\t\t\t<\/div>\n\t\t<\/section>\n\t\t\t\t<section class=\"elementor-section elementor-top-section elementor-element elementor-element-d5e157b elementor-section-boxed elementor-section-height-default elementor-section-height-default\" data-id=\"d5e157b\" data-element_type=\"section\" data-e-type=\"section\">\n\t\t\t\t\t\t<div class=\"elementor-container elementor-column-gap-default\">\n\t\t\t\t\t<div class=\"elementor-column elementor-col-33 elementor-top-column elementor-element elementor-element-31122e4\" data-id=\"31122e4\" data-element_type=\"column\" data-e-type=\"column\">\n\t\t\t<div class=\"elementor-widget-wrap elementor-element-populated\">\n\t\t\t\t\t\t<div class=\"elementor-element elementor-element-71a3d92 elementor-position-top elementor-widget elementor-widget-image-box\" data-id=\"71a3d92\" data-element_type=\"widget\" data-e-type=\"widget\" data-widget_type=\"image-box.default\">\n\t\t\t\t<div class=\"elementor-widget-container\">\n\t\t\t\t\t<div class=\"elementor-image-box-wrapper\"><figure class=\"elementor-image-box-img\"><img decoding=\"async\" src=\"https:\/\/uncme.org.br\/inicio\/wp-content\/uploads\/2021\/06\/consultoria2.png\" title=\"\" alt=\"\" loading=\"lazy\" \/><\/figure><\/div>\t\t\t\t<\/div>\n\t\t\t\t<\/div>\n\t\t\t\t\t<\/div>\n\t\t<\/div>\n\t\t\t\t<div class=\"elementor-column elementor-col-66 elementor-top-column elementor-element elementor-element-ffdeef7\" data-id=\"ffdeef7\" data-element_type=\"column\" data-e-type=\"column\">\n\t\t\t<div class=\"elementor-widget-wrap elementor-element-populated\">\n\t\t\t\t\t\t<div class=\"elementor-element elementor-element-0d24930 elementor-widget elementor-widget-text-editor\" data-id=\"0d24930\" data-element_type=\"widget\" data-e-type=\"widget\" data-widget_type=\"text-editor.default\">\n\t\t\t\t<div class=\"elementor-widget-container\">\n\t\t\t\t\t\t\t\t\t<h3>Consultorias<\/h3><ul><li><h5>Jur\u00eddica<\/h5><\/li><li><h5>Forma\u00e7\u00e3o e Gest\u00e3o<\/h5><\/li><\/ul>\t\t\t\t\t\t\t\t<\/div>\n\t\t\t\t<\/div>\n\t\t\t\t\t<\/div>\n\t\t<\/div>\n\t\t\t\t\t<\/div>\n\t\t<\/section>\n\t\t\t\t<\/div>\n\t\t","protected":false},"excerpt":{"rendered":"<p>Consultorias Jur\u00eddica Forma\u00e7\u00e3o e Gest\u00e3o<\/p>\n","protected":false},"author":1,"featured_media":0,"parent":0,"menu_order":0,"comment_status":"closed","ping_status":"closed","template":"","meta":{"colormag_page_container_layout":"default_layout","colormag_page_sidebar_layout":"default_layout","footnotes":""},"class_list":["post-73","page","type-page","status-publish","hentry"],"_links":{"self":[{"href":"https:\/\/uncme.org.br\/inicio\/uncmeba\/wp-json\/wp\/v2\/pages\/73","targetHints":{"allow":["GET"]}}],"collection":[{"href":"https:\/\/uncme.org.br\/inicio\/uncmeba\/wp-json\/wp\/v2\/pages"}],"about":[{"href":"https:\/\/uncme.org.br\/inicio\/uncmeba\/wp-json\/wp\/v2\/types\/page"}],"author":[{"embeddable":true,"href":"https:\/\/uncme.org.br\/inicio\/uncmeba\/wp-json\/wp\/v2\/users\/1"}],"replies":[{"embeddable":true,"href":"https:\/\/uncme.org.br\/inicio\/uncmeba\/wp-json\/wp\/v2\/comments?post=73"}],"version-history":[{"count":7,"href":"https:\/\/uncme.org.br\/inicio\/uncmeba\/wp-json\/wp\/v2\/pages\/73\/revisions"}],"predecessor-version":[{"id":337,"href":"https:\/\/uncme.org.br\/inicio\/uncmeba\/wp-json\/wp\/v2\/pages\/73\/revisions\/337"}],"wp:attachment":[{"href":"https:\/\/uncme.org.br\/inicio\/uncmeba\/wp-json\/wp\/v2\/media?parent=73"}],"curies":[{"name":"wp","href":"https:\/\/api.w.org\/{rel}","templated":true}]}}