{"id":8,"date":"2020-10-11T21:52:42","date_gmt":"2020-10-12T00:52:42","guid":{"rendered":"https:\/\/uncme.org.br\/inicio\/uncmeba\/?page_id=8"},"modified":"2022-05-20T15:59:32","modified_gmt":"2022-05-20T18:59:32","slug":"diretoria","status":"publish","type":"page","link":"https:\/\/uncme.org.br\/inicio\/uncmeba\/diretoria\/","title":{"rendered":"Diretoria"},"content":{"rendered":"\t\t<div data-elementor-type=\"wp-page\" data-elementor-id=\"8\" class=\"elementor elementor-8\">\n\t\t\t\t\t\t<section class=\"elementor-section elementor-top-section elementor-element elementor-element-ba2c3c9 elementor-section-boxed elementor-section-height-default elementor-section-height-default\" data-id=\"ba2c3c9\" data-element_type=\"section\" data-e-type=\"section\">\n\t\t\t\t\t\t<div class=\"elementor-container elementor-column-gap-default\">\n\t\t\t\t\t<div class=\"elementor-column elementor-col-100 elementor-top-column elementor-element elementor-element-b47c3a3\" data-id=\"b47c3a3\" data-element_type=\"column\" data-e-type=\"column\">\n\t\t\t<div class=\"elementor-widget-wrap elementor-element-populated\">\n\t\t\t\t\t\t<div class=\"elementor-element elementor-element-21107e5 elementor-widget elementor-widget-text-editor\" data-id=\"21107e5\" data-element_type=\"widget\" data-e-type=\"widget\" data-widget_type=\"text-editor.default\">\n\t\t\t\t<div class=\"elementor-widget-container\">\n\t\t\t\t\t\t\t\t\t<div style=\"text-align: center;\"><strong><span style=\"font-size: large; color: #ff6600;\">Diretoria UNCME &#8211; BA<\/span><\/strong><\/div>\t\t\t\t\t\t\t\t<\/div>\n\t\t\t\t<\/div>\n\t\t\t\t\t<\/div>\n\t\t<\/div>\n\t\t\t\t\t<\/div>\n\t\t<\/section>\n\t\t\t\t<section class=\"elementor-section elementor-top-section elementor-element elementor-element-3eb6a22 elementor-section-boxed elementor-section-height-default elementor-section-height-default\" data-id=\"3eb6a22\" data-element_type=\"section\" data-e-type=\"section\">\n\t\t\t\t\t\t<div class=\"elementor-container elementor-column-gap-default\">\n\t\t\t\t\t<div class=\"elementor-column elementor-col-100 elementor-top-column elementor-element elementor-element-319e4f9\" data-id=\"319e4f9\" data-element_type=\"column\" data-e-type=\"column\">\n\t\t\t<div class=\"elementor-widget-wrap elementor-element-populated\">\n\t\t\t\t\t\t<div class=\"elementor-element elementor-element-eb04842 elementor-widget elementor-widget-text-editor\" data-id=\"eb04842\" data-element_type=\"widget\" data-e-type=\"widget\" data-widget_type=\"text-editor.default\">\n\t\t\t\t<div class=\"elementor-widget-container\">\n\t\t\t\t\t\t\t\t\t<div style=\"text-align: center;\"><div><span style=\"font-size: large; color: #008000;\">Coordenadora Estadual da UNCME Bahia<\/span><\/div><\/div>\t\t\t\t\t\t\t\t<\/div>\n\t\t\t\t<\/div>\n\t\t\t\t<div class=\"elementor-element elementor-element-ee75ebc elementor-widget elementor-widget-image\" data-id=\"ee75ebc\" data-element_type=\"widget\" data-e-type=\"widget\" data-widget_type=\"image.default\">\n\t\t\t\t<div class=\"elementor-widget-container\">\n\t\t\t\t\t\t\t\t\t\t\t\t\t\t\t<img decoding=\"async\" src=\"https:\/\/uncme.org.br\/inicio\/uncmeba\/wp-content\/uploads\/sites\/4\/elementor\/thumbs\/gilvania-rjxqfuve1ik09q5ymf68g8fwlejrlqq9wf87s4nqhc.png\" title=\"gilvania\" alt=\"gilvania\" loading=\"lazy\" \/>\t\t\t\t\t\t\t\t\t\t\t\t\t\t\t<\/div>\n\t\t\t\t<\/div>\n\t\t\t\t<div class=\"elementor-element elementor-element-f35e303 elementor-widget elementor-widget-text-editor\" data-id=\"f35e303\" data-element_type=\"widget\" data-e-type=\"widget\" data-widget_type=\"text-editor.default\">\n\t\t\t\t<div class=\"elementor-widget-container\">\n\t\t\t\t\t\t\t\t\t<div style=\"text-align: center;\"><span style=\"color: #000000;\">Gilv\u00e2nia da Concei\u00e7\u00e3o Nascimento<\/span><\/div>\t\t\t\t\t\t\t\t<\/div>\n\t\t\t\t<\/div>\n\t\t\t\t<div class=\"elementor-element elementor-element-c1ab166 elementor-widget elementor-widget-spacer\" data-id=\"c1ab166\" data-element_type=\"widget\" data-e-type=\"widget\" data-widget_type=\"spacer.default\">\n\t\t\t\t<div class=\"elementor-widget-container\">\n\t\t\t\t\t\t\t<div class=\"elementor-spacer\">\n\t\t\t<div class=\"elementor-spacer-inner\"><\/div>\n\t\t<\/div>\n\t\t\t\t\t\t<\/div>\n\t\t\t\t<\/div>\n\t\t\t\t\t<\/div>\n\t\t<\/div>\n\t\t\t\t\t<\/div>\n\t\t<\/section>\n\t\t\t\t<section class=\"elementor-section elementor-top-section elementor-element elementor-element-6351161 elementor-section-boxed elementor-section-height-default elementor-section-height-default\" data-id=\"6351161\" data-element_type=\"section\" data-e-type=\"section\">\n\t\t\t\t\t\t<div class=\"elementor-container elementor-column-gap-default\">\n\t\t\t\t\t<div class=\"elementor-column elementor-col-100 elementor-top-column elementor-element elementor-element-f85d835\" data-id=\"f85d835\" data-element_type=\"column\" data-e-type=\"column\">\n\t\t\t<div class=\"elementor-widget-wrap elementor-element-populated\">\n\t\t\t\t\t\t<div class=\"elementor-element elementor-element-5f8da38 elementor-widget elementor-widget-text-editor\" data-id=\"5f8da38\" data-element_type=\"widget\" data-e-type=\"widget\" data-widget_type=\"text-editor.default\">\n\t\t\t\t<div class=\"elementor-widget-container\">\n\t\t\t\t\t\t\t\t\t<div style=\"text-align: center;\"><div><span style=\"font-size: large; color: #008000;\"><span style=\"font-size: large;\">Vice Coordenador<\/span> Estadual da UNCME Bahia<\/span><\/div><\/div>\t\t\t\t\t\t\t\t<\/div>\n\t\t\t\t<\/div>\n\t\t\t\t<div class=\"elementor-element elementor-element-02dab14 elementor-widget elementor-widget-image\" data-id=\"02dab14\" data-element_type=\"widget\" data-e-type=\"widget\" data-widget_type=\"image.default\">\n\t\t\t\t<div class=\"elementor-widget-container\">\n\t\t\t\t\t\t\t\t\t\t\t\t\t\t\t<img decoding=\"async\" src=\"https:\/\/uncme.org.br\/inicio\/uncmeba\/wp-content\/uploads\/sites\/4\/elementor\/thumbs\/adauto-rjxqfuve1ik09q5ymf68g8fwlejrlqq9wf87s4nqhc.png\" title=\"adauto\" alt=\"adauto\" loading=\"lazy\" \/>\t\t\t\t\t\t\t\t\t\t\t\t\t\t\t<\/div>\n\t\t\t\t<\/div>\n\t\t\t\t<div class=\"elementor-element elementor-element-f348c95 elementor-widget elementor-widget-text-editor\" data-id=\"f348c95\" data-element_type=\"widget\" data-e-type=\"widget\" data-widget_type=\"text-editor.default\">\n\t\t\t\t<div class=\"elementor-widget-container\">\n\t\t\t\t\t\t\t\t\t<div style=\"text-align: center;\"><div><span style=\"font-size: large;\"><i>Adauto de Ara\u00fajo Lima\u00a0<br \/><\/i><\/span><\/div><\/div>\t\t\t\t\t\t\t\t<\/div>\n\t\t\t\t<\/div>\n\t\t\t\t<div class=\"elementor-element elementor-element-cf6c067 elementor-widget elementor-widget-spacer\" data-id=\"cf6c067\" data-element_type=\"widget\" data-e-type=\"widget\" data-widget_type=\"spacer.default\">\n\t\t\t\t<div class=\"elementor-widget-container\">\n\t\t\t\t\t\t\t<div class=\"elementor-spacer\">\n\t\t\t<div class=\"elementor-spacer-inner\"><\/div>\n\t\t<\/div>\n\t\t\t\t\t\t<\/div>\n\t\t\t\t<\/div>\n\t\t\t\t\t<\/div>\n\t\t<\/div>\n\t\t\t\t\t<\/div>\n\t\t<\/section>\n\t\t\t\t<section class=\"elementor-section elementor-top-section elementor-element elementor-element-2f86d10 elementor-section-boxed elementor-section-height-default elementor-section-height-default\" data-id=\"2f86d10\" data-element_type=\"section\" data-e-type=\"section\">\n\t\t\t\t\t\t<div class=\"elementor-container elementor-column-gap-default\">\n\t\t\t\t\t<div class=\"elementor-column elementor-col-100 elementor-top-column elementor-element elementor-element-672a0e7\" data-id=\"672a0e7\" data-element_type=\"column\" data-e-type=\"column\">\n\t\t\t<div class=\"elementor-widget-wrap elementor-element-populated\">\n\t\t\t\t\t\t<div class=\"elementor-element elementor-element-a6ba15d elementor-widget elementor-widget-text-editor\" data-id=\"a6ba15d\" data-element_type=\"widget\" data-e-type=\"widget\" data-widget_type=\"text-editor.default\">\n\t\t\t\t<div class=\"elementor-widget-container\">\n\t\t\t\t\t\t\t\t\t<div style=\"text-align: center;\"><span style=\"color: #008000;\">Assessoria Especial da UNCME Bahia<\/span><\/div>\t\t\t\t\t\t\t\t<\/div>\n\t\t\t\t<\/div>\n\t\t\t\t<div class=\"elementor-element elementor-element-0169818 elementor-widget elementor-widget-image\" data-id=\"0169818\" data-element_type=\"widget\" data-e-type=\"widget\" data-widget_type=\"image.default\">\n\t\t\t\t<div class=\"elementor-widget-container\">\n\t\t\t\t\t\t\t\t\t\t\t\t\t\t\t<img decoding=\"async\" src=\"https:\/\/uncme.org.br\/inicio\/uncmeba\/wp-content\/uploads\/sites\/4\/elementor\/thumbs\/auda-rjxqfuve1ik09q5ymf68g8fwlejrlqq9wf87s4nqhc.png\" title=\"auda\" alt=\"auda\" loading=\"lazy\" \/>\t\t\t\t\t\t\t\t\t\t\t\t\t\t\t<\/div>\n\t\t\t\t<\/div>\n\t\t\t\t<div class=\"elementor-element elementor-element-ff6a0eb elementor-widget elementor-widget-text-editor\" data-id=\"ff6a0eb\" data-element_type=\"widget\" data-e-type=\"widget\" data-widget_type=\"text-editor.default\">\n\t\t\t\t<div class=\"elementor-widget-container\">\n\t\t\t\t\t\t\t\t\t<div style=\"text-align: center;\"><div><div><span style=\"font-size: large;\"><i>Alda Muniz P\u00eape<\/i><\/span><\/div><\/div><\/div>\t\t\t\t\t\t\t\t<\/div>\n\t\t\t\t<\/div>\n\t\t\t\t<div class=\"elementor-element elementor-element-20f54ff elementor-widget elementor-widget-spacer\" data-id=\"20f54ff\" data-element_type=\"widget\" data-e-type=\"widget\" data-widget_type=\"spacer.default\">\n\t\t\t\t<div class=\"elementor-widget-container\">\n\t\t\t\t\t\t\t<div class=\"elementor-spacer\">\n\t\t\t<div class=\"elementor-spacer-inner\"><\/div>\n\t\t<\/div>\n\t\t\t\t\t\t<\/div>\n\t\t\t\t<\/div>\n\t\t\t\t\t<\/div>\n\t\t<\/div>\n\t\t\t\t\t<\/div>\n\t\t<\/section>\n\t\t\t\t<section class=\"elementor-section elementor-top-section elementor-element elementor-element-8410cd4 elementor-section-boxed elementor-section-height-default elementor-section-height-default\" data-id=\"8410cd4\" data-element_type=\"section\" data-e-type=\"section\">\n\t\t\t\t\t\t<div class=\"elementor-container elementor-column-gap-default\">\n\t\t\t\t\t<div class=\"elementor-column elementor-col-100 elementor-top-column elementor-element elementor-element-4f420e2\" data-id=\"4f420e2\" data-element_type=\"column\" data-e-type=\"column\">\n\t\t\t<div class=\"elementor-widget-wrap elementor-element-populated\">\n\t\t\t\t\t\t<div class=\"elementor-element elementor-element-7c64296 elementor-widget elementor-widget-text-editor\" data-id=\"7c64296\" data-element_type=\"widget\" data-e-type=\"widget\" data-widget_type=\"text-editor.default\">\n\t\t\t\t<div class=\"elementor-widget-container\">\n\t\t\t\t\t\t\t\t\t<div style=\"text-align: center;\"><span style=\"color: #008000;\">Secretaria Administrativa UNCME Bahia<\/span><\/div>\t\t\t\t\t\t\t\t<\/div>\n\t\t\t\t<\/div>\n\t\t\t\t<div class=\"elementor-element elementor-element-7ea6649 elementor-widget elementor-widget-image\" data-id=\"7ea6649\" data-element_type=\"widget\" data-e-type=\"widget\" data-widget_type=\"image.default\">\n\t\t\t\t<div class=\"elementor-widget-container\">\n\t\t\t\t\t\t\t\t\t\t\t\t\t\t\t<img decoding=\"async\" src=\"https:\/\/uncme.org.br\/inicio\/uncmeba\/wp-content\/uploads\/sites\/4\/elementor\/thumbs\/nubia-ba-rjxqfvt88clalc4lgxkv0q7d6sf4tfu08jvp9emcb4.jpeg\" title=\"nubia-ba\" alt=\"nubia-ba\" loading=\"lazy\" \/>\t\t\t\t\t\t\t\t\t\t\t\t\t\t\t<\/div>\n\t\t\t\t<\/div>\n\t\t\t\t<div class=\"elementor-element elementor-element-8359b70 elementor-widget elementor-widget-text-editor\" data-id=\"8359b70\" data-element_type=\"widget\" data-e-type=\"widget\" data-widget_type=\"text-editor.default\">\n\t\t\t\t<div class=\"elementor-widget-container\">\n\t\t\t\t\t\t\t\t\t<div style=\"text-align: center;\"><div><div><span style=\"font-size: large;\"><i>Maria N\u00fabia dos Santos<\/i><\/span><\/div><\/div><\/div>\t\t\t\t\t\t\t\t<\/div>\n\t\t\t\t<\/div>\n\t\t\t\t<div class=\"elementor-element elementor-element-ddcd96f elementor-widget elementor-widget-spacer\" data-id=\"ddcd96f\" data-element_type=\"widget\" data-e-type=\"widget\" data-widget_type=\"spacer.default\">\n\t\t\t\t<div class=\"elementor-widget-container\">\n\t\t\t\t\t\t\t<div class=\"elementor-spacer\">\n\t\t\t<div class=\"elementor-spacer-inner\"><\/div>\n\t\t<\/div>\n\t\t\t\t\t\t<\/div>\n\t\t\t\t<\/div>\n\t\t\t\t\t<\/div>\n\t\t<\/div>\n\t\t\t\t\t<\/div>\n\t\t<\/section>\n\t\t\t\t<section class=\"elementor-section elementor-top-section elementor-element elementor-element-059e6d3 elementor-section-boxed elementor-section-height-default elementor-section-height-default\" data-id=\"059e6d3\" data-element_type=\"section\" data-e-type=\"section\">\n\t\t\t\t\t\t<div class=\"elementor-container elementor-column-gap-default\">\n\t\t\t\t\t<div class=\"elementor-column elementor-col-100 elementor-top-column elementor-element elementor-element-63db1d8\" data-id=\"63db1d8\" data-element_type=\"column\" data-e-type=\"column\">\n\t\t\t<div class=\"elementor-widget-wrap elementor-element-populated\">\n\t\t\t\t\t\t<div class=\"elementor-element elementor-element-083a88d elementor-widget elementor-widget-text-editor\" data-id=\"083a88d\" data-element_type=\"widget\" data-e-type=\"widget\" data-widget_type=\"text-editor.default\">\n\t\t\t\t<div class=\"elementor-widget-container\">\n\t\t\t\t\t\t\t\t\t<div style=\"text-align: center;\"><span style=\"color: #008000;\">Secret\u00e1ria Executiva da UNCME Bahia<\/span><\/div>\t\t\t\t\t\t\t\t<\/div>\n\t\t\t\t<\/div>\n\t\t\t\t<div class=\"elementor-element elementor-element-ab3f4f8 elementor-widget elementor-widget-image\" data-id=\"ab3f4f8\" data-element_type=\"widget\" data-e-type=\"widget\" data-widget_type=\"image.default\">\n\t\t\t\t<div class=\"elementor-widget-container\">\n\t\t\t\t\t\t\t\t\t\t\t\t\t\t\t<img decoding=\"async\" src=\"https:\/\/uncme.org.br\/inicio\/uncmeba\/wp-content\/uploads\/sites\/4\/elementor\/thumbs\/mariana-rjxqfuve1ik09q5ymf68g8fwlejrlqq9wf87s4nqhc.png\" title=\"mariana\" alt=\"mariana\" loading=\"lazy\" \/>\t\t\t\t\t\t\t\t\t\t\t\t\t\t\t<\/div>\n\t\t\t\t<\/div>\n\t\t\t\t<div class=\"elementor-element elementor-element-b382e62 elementor-widget elementor-widget-text-editor\" data-id=\"b382e62\" data-element_type=\"widget\" data-e-type=\"widget\" data-widget_type=\"text-editor.default\">\n\t\t\t\t<div class=\"elementor-widget-container\">\n\t\t\t\t\t\t\t\t\t<div style=\"text-align: center;\"><div><div><span style=\"font-size: large;\"><i>Mariana M. Camargo Arag\u00e3o<\/i><\/span><\/div><\/div><\/div>\t\t\t\t\t\t\t\t<\/div>\n\t\t\t\t<\/div>\n\t\t\t\t<div class=\"elementor-element elementor-element-39ff924 elementor-widget elementor-widget-spacer\" data-id=\"39ff924\" data-element_type=\"widget\" data-e-type=\"widget\" data-widget_type=\"spacer.default\">\n\t\t\t\t<div class=\"elementor-widget-container\">\n\t\t\t\t\t\t\t<div class=\"elementor-spacer\">\n\t\t\t<div class=\"elementor-spacer-inner\"><\/div>\n\t\t<\/div>\n\t\t\t\t\t\t<\/div>\n\t\t\t\t<\/div>\n\t\t\t\t\t<\/div>\n\t\t<\/div>\n\t\t\t\t\t<\/div>\n\t\t<\/section>\n\t\t\t\t<section class=\"elementor-section elementor-top-section elementor-element elementor-element-1b253f0 elementor-section-boxed elementor-section-height-default elementor-section-height-default\" data-id=\"1b253f0\" data-element_type=\"section\" data-e-type=\"section\">\n\t\t\t\t\t\t<div class=\"elementor-container elementor-column-gap-default\">\n\t\t\t\t\t<div class=\"elementor-column elementor-col-100 elementor-top-column elementor-element elementor-element-376cd3a\" data-id=\"376cd3a\" data-element_type=\"column\" data-e-type=\"column\">\n\t\t\t<div class=\"elementor-widget-wrap elementor-element-populated\">\n\t\t\t\t\t\t<div class=\"elementor-element elementor-element-19394a6 elementor-widget elementor-widget-text-editor\" data-id=\"19394a6\" data-element_type=\"widget\" data-e-type=\"widget\" data-widget_type=\"text-editor.default\">\n\t\t\t\t<div class=\"elementor-widget-container\">\n\t\t\t\t\t\t\t\t\t<div style=\"text-align: center;\"><span style=\"color: #008000;\">Apoio Administrativo da UNCME Bahia<\/span><\/div>\t\t\t\t\t\t\t\t<\/div>\n\t\t\t\t<\/div>\n\t\t\t\t<div class=\"elementor-element elementor-element-4611bf0 elementor-widget elementor-widget-text-editor\" data-id=\"4611bf0\" data-element_type=\"widget\" data-e-type=\"widget\" data-widget_type=\"text-editor.default\">\n\t\t\t\t<div class=\"elementor-widget-container\">\n\t\t\t\t\t\t\t\t\t<div style=\"text-align: center;\"><div><div><span style=\"font-size: large;\"><i>J\u00e9ssica Ingred Lins<\/i><\/span><\/div><\/div><\/div>\t\t\t\t\t\t\t\t<\/div>\n\t\t\t\t<\/div>\n\t\t\t\t<div class=\"elementor-element elementor-element-66fa8dc elementor-widget elementor-widget-spacer\" data-id=\"66fa8dc\" data-element_type=\"widget\" data-e-type=\"widget\" data-widget_type=\"spacer.default\">\n\t\t\t\t<div class=\"elementor-widget-container\">\n\t\t\t\t\t\t\t<div class=\"elementor-spacer\">\n\t\t\t<div class=\"elementor-spacer-inner\"><\/div>\n\t\t<\/div>\n\t\t\t\t\t\t<\/div>\n\t\t\t\t<\/div>\n\t\t\t\t\t<\/div>\n\t\t<\/div>\n\t\t\t\t\t<\/div>\n\t\t<\/section>\n\t\t\t\t<section class=\"elementor-section elementor-top-section elementor-element elementor-element-2d1d9e7 elementor-section-boxed elementor-section-height-default elementor-section-height-default\" data-id=\"2d1d9e7\" data-element_type=\"section\" data-e-type=\"section\">\n\t\t\t\t\t\t<div class=\"elementor-container elementor-column-gap-default\">\n\t\t\t\t\t<div class=\"elementor-column elementor-col-100 elementor-top-column elementor-element elementor-element-a34633d\" data-id=\"a34633d\" data-element_type=\"column\" data-e-type=\"column\">\n\t\t\t<div class=\"elementor-widget-wrap elementor-element-populated\">\n\t\t\t\t\t\t<div class=\"elementor-element elementor-element-44e2e70 elementor-widget elementor-widget-text-editor\" data-id=\"44e2e70\" data-element_type=\"widget\" data-e-type=\"widget\" data-widget_type=\"text-editor.default\">\n\t\t\t\t<div class=\"elementor-widget-container\">\n\t\t\t\t\t\t\t\t\t<div style=\"text-align: center;\"><span style=\"color: #008000;\">Contato<\/span><\/div>\t\t\t\t\t\t\t\t<\/div>\n\t\t\t\t<\/div>\n\t\t\t\t<div class=\"elementor-element elementor-element-9128ea3 elementor-widget elementor-widget-text-editor\" data-id=\"9128ea3\" data-element_type=\"widget\" data-e-type=\"widget\" data-widget_type=\"text-editor.default\">\n\t\t\t\t<div class=\"elementor-widget-container\">\n\t\t\t\t\t\t\t\t\t<div style=\"text-align: center;\"><p><span style=\"font-size: large; color: #ff6600;\"><i><b>uncmebahiasecretaria@gmail.com\u00a0<\/b><\/i><\/span><span style=\"color: var( --e-global-color-text ); font-size: large;\"><i>\u00a0<a href=\"tel:73991054028\">(73) 9 9105-4028<\/a>\u00a0 \/\u00a0\u00a0<\/i><\/span><span style=\"font-size: 16px;\"><a href=\"tel:7399996691\">(73) 9 999-6691<\/a><\/span><br \/><span style=\"color: var( --e-global-color-text ); font-size: large;\"><i><a href=\"mailto:executivauncme@gmail.com\" target=\"_blank\" rel=\"noopener noreferrer\"><b>executivauncme@gmail.com<\/b><\/a>\u00a0<\/i><\/span><a style=\"font-size: 16px;\" href=\"tel:71993011524\" target=\"_blank\" rel=\"noopener\">(71) 9 9301-1524<\/a><\/p><\/div>\t\t\t\t\t\t\t\t<\/div>\n\t\t\t\t<\/div>\n\t\t\t\t<div class=\"elementor-element elementor-element-2e3a821 elementor-widget elementor-widget-spacer\" data-id=\"2e3a821\" data-element_type=\"widget\" data-e-type=\"widget\" data-widget_type=\"spacer.default\">\n\t\t\t\t<div class=\"elementor-widget-container\">\n\t\t\t\t\t\t\t<div class=\"elementor-spacer\">\n\t\t\t<div class=\"elementor-spacer-inner\"><\/div>\n\t\t<\/div>\n\t\t\t\t\t\t<\/div>\n\t\t\t\t<\/div>\n\t\t\t\t\t<\/div>\n\t\t<\/div>\n\t\t\t\t\t<\/div>\n\t\t<\/section>\n\t\t\t\t<section class=\"elementor-section elementor-top-section elementor-element elementor-element-aaa455d elementor-section-boxed elementor-section-height-default elementor-section-height-default\" data-id=\"aaa455d\" data-element_type=\"section\" data-e-type=\"section\">\n\t\t\t\t\t\t<div class=\"elementor-container elementor-column-gap-default\">\n\t\t\t\t\t<div class=\"elementor-column elementor-col-100 elementor-top-column elementor-element elementor-element-bebbb66\" data-id=\"bebbb66\" data-element_type=\"column\" data-e-type=\"column\">\n\t\t\t<div class=\"elementor-widget-wrap elementor-element-populated\">\n\t\t\t\t\t\t<div class=\"elementor-element elementor-element-73dc70c elementor-widget elementor-widget-text-editor\" data-id=\"73dc70c\" data-element_type=\"widget\" data-e-type=\"widget\" data-widget_type=\"text-editor.default\">\n\t\t\t\t<div class=\"elementor-widget-container\">\n\t\t\t\t\t\t\t\t\t<div style=\"text-align: center;\"><span style=\"color: #008000;\">Grupo Gestor da UNCME Bahia<\/span><\/div>\t\t\t\t\t\t\t\t<\/div>\n\t\t\t\t<\/div>\n\t\t\t\t<div class=\"elementor-element elementor-element-949ddab elementor-widget elementor-widget-text-editor\" data-id=\"949ddab\" data-element_type=\"widget\" data-e-type=\"widget\" data-widget_type=\"text-editor.default\">\n\t\t\t\t<div class=\"elementor-widget-container\">\n\t\t\t\t\t\t\t\t\t<ul><li style=\"font-weight: 400;\">Adeyde dos Santos Rodrigues (Rio Real)<\/li><li style=\"font-weight: 400;\">Alzira dos Santos Le\u00e3o (Maca\u00fabas)<\/li><li style=\"font-weight: 400;\">Ant\u00f4nio Carlos de Jesus Silva (Mutu\u00edpe)<\/li><li style=\"font-weight: 400;\">Elaine Teixeira Novaes (Jequi\u00e9)<\/li><li style=\"font-weight: 400;\">Elcimar L\u00e1zaro Vieira (Seabra)<\/li><li style=\"font-weight: 400;\">Gilva Santos Cardoso de Oliveira (Santo Est\u00eav\u00e3o)<\/li><li style=\"font-weight: 400;\">Hosana Silva de Almeida Batista (Itapetinga)<\/li><li style=\"font-weight: 400;\">Irene Carvalho de Brito Cotrim (Guanambi)<\/li><li style=\"font-weight: 400;\">Isaura Fonseca de Souza (Ilh\u00e9us)<\/li><li style=\"font-weight: 400;\">Osman Nogueira Junior (Ilh\u00e9us)<\/li><\/ul>\t\t\t\t\t\t\t\t<\/div>\n\t\t\t\t<\/div>\n\t\t\t\t<div class=\"elementor-element elementor-element-70ca7f2 elementor-widget elementor-widget-spacer\" data-id=\"70ca7f2\" data-element_type=\"widget\" data-e-type=\"widget\" data-widget_type=\"spacer.default\">\n\t\t\t\t<div class=\"elementor-widget-container\">\n\t\t\t\t\t\t\t<div class=\"elementor-spacer\">\n\t\t\t<div class=\"elementor-spacer-inner\"><\/div>\n\t\t<\/div>\n\t\t\t\t\t\t<\/div>\n\t\t\t\t<\/div>\n\t\t\t\t\t<\/div>\n\t\t<\/div>\n\t\t\t\t\t<\/div>\n\t\t<\/section>\n\t\t\t\t<\/div>\n\t\t","protected":false},"excerpt":{"rendered":"<p>Diretoria UNCME &#8211; BACoordenadora Estadual da UNCME Bahia Gilv\u00e2nia da Concei\u00e7\u00e3o Nascimento Vice Coordenador Estadual da UNCME Bahia Adauto de<\/p>\n","protected":false},"author":1,"featured_media":0,"parent":0,"menu_order":0,"comment_status":"closed","ping_status":"closed","template":"","meta":{"colormag_page_container_layout":"default_layout","colormag_page_sidebar_layout":"default_layout","footnotes":""},"class_list":["post-8","page","type-page","status-publish","hentry"],"_links":{"self":[{"href":"https:\/\/uncme.org.br\/inicio\/uncmeba\/wp-json\/wp\/v2\/pages\/8","targetHints":{"allow":["GET"]}}],"collection":[{"href":"https:\/\/uncme.org.br\/inicio\/uncmeba\/wp-json\/wp\/v2\/pages"}],"about":[{"href":"https:\/\/uncme.org.br\/inicio\/uncmeba\/wp-json\/wp\/v2\/types\/page"}],"author":[{"embeddable":true,"href":"https:\/\/uncme.org.br\/inicio\/uncmeba\/wp-json\/wp\/v2\/users\/1"}],"replies":[{"embeddable":true,"href":"https:\/\/uncme.org.br\/inicio\/uncmeba\/wp-json\/wp\/v2\/comments?post=8"}],"version-history":[{"count":34,"href":"https:\/\/uncme.org.br\/inicio\/uncmeba\/wp-json\/wp\/v2\/pages\/8\/revisions"}],"predecessor-version":[{"id":448,"href":"https:\/\/uncme.org.br\/inicio\/uncmeba\/wp-json\/wp\/v2\/pages\/8\/revisions\/448"}],"wp:attachment":[{"href":"https:\/\/uncme.org.br\/inicio\/uncmeba\/wp-json\/wp\/v2\/media?parent=8"}],"curies":[{"name":"wp","href":"https:\/\/api.w.org\/{rel}","templated":true}]}}