{"id":1077,"date":"2020-09-21T19:24:19","date_gmt":"2020-09-21T22:24:19","guid":{"rendered":"https:\/\/uncme.org.br\/inicio\/?page_id=1077"},"modified":"2020-10-25T16:15:04","modified_gmt":"2020-10-25T19:15:04","slug":"banco-de-leis","status":"publish","type":"page","link":"https:\/\/uncme.org.br\/inicio\/banco-de-leis\/","title":{"rendered":"Banco de Leis"},"content":{"rendered":"\n<ul class=\"wp-block-list\"><li><a rel=\"noreferrer noopener\" href=\"https:\/\/www.gov.br\/mec\/pt-br\" target=\"_blank\">MEC &#8211; Minist\u00e9rio da Educa\u00e7\u00e3o<\/a><\/li><li><a rel=\"noreferrer noopener\" href=\"https:\/\/www.gov.br\/mec\/pt-br\/acesso-a-informacao\/institucional\/cne\" target=\"_blank\">CNE &#8211; Conselho Nacional de Educa\u00e7\u00e3o<\/a><\/li><li><a rel=\"noreferrer noopener\" href=\"https:\/\/legis.senado.leg.br\/comissoes\/comissao?0&amp;codcol=47\" target=\"_blank\">SENADO &#8211; Comiss\u00e3o de Educa\u00e7\u00e3o, Cultura e Esporte<\/a><\/li><li><a rel=\"noreferrer noopener\" href=\"https:\/\/www2.camara.leg.br\/atividade-legislativa\/comissoes\/comissoes-permanentes\/ce\" target=\"_blank\">C\u00c2MARA FEDERAL<\/a><\/li><\/ul>\n\n\n\n<p><\/p>\n","protected":false},"excerpt":{"rendered":"<p>MEC &#8211; Minist\u00e9rio da Educa\u00e7\u00e3o CNE &#8211; Conselho Nacional de Educa\u00e7\u00e3o SENADO &#8211; Comiss\u00e3o de Educa\u00e7\u00e3o, Cultura e Esporte C\u00c2MARA FEDERAL<\/p>\n","protected":false},"author":1,"featured_media":0,"parent":0,"menu_order":0,"comment_status":"closed","ping_status":"closed","template":"","meta":{"tpgb_global_settings":"","footnotes":""},"class_list":["post-1077","page","type-page","status-publish","hentry"],"tpgb_featured_images":null,"tpgb_post_meta_info":{"get_date":"21 de setembro de 2020","get_modified_date":"25 de outubro de 2020","author_name":"jesserfidelisjr","author_url":"https:\/\/uncme.org.br\/inicio\/blog\/author\/jesserfidelisjr\/","author_email":"jesserfidelisjr@gmail.com","author_website":"https:\/\/uncme.org.br\/inicio","author_description":"","author_facebook":"","author_twitter":"","author_instagram":"","author_role":["administrator"],"author_firstname":"","author_lastname":"","user_login":"jesserfidelisjr","author_avatar":"<img alt='' src='https:\/\/secure.gravatar.com\/avatar\/a4419674b8d420fd879a0ccedfe14621541a70ceaabcc8114bf0101af11850bb?s=200&#038;d=mm&#038;r=g' srcset='https:\/\/secure.gravatar.com\/avatar\/a4419674b8d420fd879a0ccedfe14621541a70ceaabcc8114bf0101af11850bb?s=400&#038;d=mm&#038;r=g 2x' class='avatar avatar-200 photo' height='200' width='200' decoding='async'\/>","author_avatar_url":"https:\/\/secure.gravatar.com\/avatar\/a4419674b8d420fd879a0ccedfe14621541a70ceaabcc8114bf0101af11850bb?s=96&d=mm&r=g","comment_count":0,"post_likes":0,"post_views":0},"tpgb_post_category":[],"blog_post_layout_featured_media_urls":{"thumbnail":"","full":""},"categories_names":null,"comments_number":"0","wpmagazine_modules_lite_featured_media_urls":{"thumbnail":"","cvmm-medium":"","cvmm-medium-plus":"","cvmm-portrait":"","cvmm-medium-square":"","cvmm-large":"","cvmm-small":"","full":""},"_links":{"self":[{"href":"https:\/\/uncme.org.br\/inicio\/wp-json\/wp\/v2\/pages\/1077","targetHints":{"allow":["GET"]}}],"collection":[{"href":"https:\/\/uncme.org.br\/inicio\/wp-json\/wp\/v2\/pages"}],"about":[{"href":"https:\/\/uncme.org.br\/inicio\/wp-json\/wp\/v2\/types\/page"}],"author":[{"embeddable":true,"href":"https:\/\/uncme.org.br\/inicio\/wp-json\/wp\/v2\/users\/1"}],"replies":[{"embeddable":true,"href":"https:\/\/uncme.org.br\/inicio\/wp-json\/wp\/v2\/comments?post=1077"}],"version-history":[{"count":2,"href":"https:\/\/uncme.org.br\/inicio\/wp-json\/wp\/v2\/pages\/1077\/revisions"}],"predecessor-version":[{"id":2017,"href":"https:\/\/uncme.org.br\/inicio\/wp-json\/wp\/v2\/pages\/1077\/revisions\/2017"}],"wp:attachment":[{"href":"https:\/\/uncme.org.br\/inicio\/wp-json\/wp\/v2\/media?parent=1077"}],"curies":[{"name":"wp","href":"https:\/\/api.w.org\/{rel}","templated":true}]}}