{"id":1103,"date":"2020-09-21T20:24:47","date_gmt":"2020-09-21T23:24:47","guid":{"rendered":"https:\/\/uncme.org.br\/inicio\/?page_id=1103"},"modified":"2021-06-18T16:56:23","modified_gmt":"2021-06-18T19:56:23","slug":"consultoria","status":"publish","type":"page","link":"https:\/\/uncme.org.br\/inicio\/consultoria\/","title":{"rendered":"Consultoria"},"content":{"rendered":"\t\t<div data-elementor-type=\"wp-page\" data-elementor-id=\"1103\" class=\"elementor elementor-1103\" data-elementor-settings=\"{&quot;elb_prgrs_enabled&quot;:&quot;no&quot;}\">\n\t\t\t\t\t\t<section class=\"elementor-section elementor-top-section elementor-element elementor-element-b42269c elementor-section-boxed elementor-section-height-default elementor-section-height-default elb-parallax-section-no elb-rveal-el-no\" data-id=\"b42269c\" data-element_type=\"section\" data-e-type=\"section\" data-settings=\"{&quot;elb_backgrdmv_ext_enabled&quot;:&quot;no&quot;,&quot;elb_bgobjdeco_ext_enabled&quot;:&quot;no&quot;,&quot;elb_back_prlx_ext_enabled&quot;:&quot;no&quot;,&quot;elb_elmrveal_enabled&quot;:&quot;no&quot;}\">\n\t\t\t\t\t\t<div class=\"elementor-container elementor-column-gap-default\">\n\t\t\t\t\t<div class=\"elementor-column elementor-col-33 elementor-top-column elementor-element elementor-element-5d7a192 elb-rveal-el-no\" data-id=\"5d7a192\" data-element_type=\"column\" data-e-type=\"column\" data-settings=\"{&quot;elb_elmrveal_enabled&quot;:&quot;no&quot;}\">\n\t\t\t<div class=\"elementor-widget-wrap elementor-element-populated\">\n\t\t\t\t\t\t<div class=\"elementor-element elementor-element-daa16f6 elementor-position-top elb-rveal-el-no elementor-widget elementor-widget-image-box\" data-id=\"daa16f6\" data-element_type=\"widget\" data-e-type=\"widget\" data-settings=\"{&quot;elb_elmrveal_enabled&quot;:&quot;no&quot;}\" data-widget_type=\"image-box.default\">\n\t\t\t\t<div class=\"elementor-widget-container\">\n\t\t\t\t\t<div class=\"elementor-image-box-wrapper\"><figure class=\"elementor-image-box-img\"><img fetchpriority=\"high\" decoding=\"async\" width=\"573\" height=\"756\" src=\"https:\/\/uncme.org.br\/inicio\/wp-content\/uploads\/2021\/06\/consultoria2.png\" class=\"attachment-large size-large wp-image-2966\" alt=\"\" srcset=\"https:\/\/uncme.org.br\/inicio\/wp-content\/uploads\/2021\/06\/consultoria2.png 573w, https:\/\/uncme.org.br\/inicio\/wp-content\/uploads\/2021\/06\/consultoria2-227x300.png 227w\" sizes=\"(max-width: 573px) 100vw, 573px\" \/><\/figure><\/div>\t\t\t\t<\/div>\n\t\t\t\t<\/div>\n\t\t\t\t\t<\/div>\n\t\t<\/div>\n\t\t\t\t<div class=\"elementor-column elementor-col-66 elementor-top-column elementor-element elementor-element-c7c5005 elb-rveal-el-no\" data-id=\"c7c5005\" data-element_type=\"column\" data-e-type=\"column\" data-settings=\"{&quot;elb_elmrveal_enabled&quot;:&quot;no&quot;}\">\n\t\t\t<div class=\"elementor-widget-wrap elementor-element-populated\">\n\t\t\t\t\t\t<div class=\"elementor-element elementor-element-535c2c5 elb-rveal-el-no elementor-widget elementor-widget-text-editor\" data-id=\"535c2c5\" data-element_type=\"widget\" data-e-type=\"widget\" data-settings=\"{&quot;elb_elmrveal_enabled&quot;:&quot;no&quot;}\" data-widget_type=\"text-editor.default\">\n\t\t\t\t<div class=\"elementor-widget-container\">\n\t\t\t\t\t\t\t\t\t<h3>Consultorias<\/h3>\n<ul>\n<li>\n<h5>Jur\u00eddica<\/h5>\n<\/li>\n<li>\n<h5>Forma\u00e7\u00e3o e Gest\u00e3o<\/h5>\n<\/li>\n<li>\n<h5>Comunica\u00e7\u00e3o<\/h5>\n<\/li>\n<li>\n<h5>Cont\u00e1bil<\/h5>\n<\/li>\n<\/ul>\t\t\t\t\t\t\t\t<\/div>\n\t\t\t\t<\/div>\n\t\t\t\t\t<\/div>\n\t\t<\/div>\n\t\t\t\t\t<\/div>\n\t\t<\/section>\n\t\t\t\t<\/div>\n\t\t","protected":false},"excerpt":{"rendered":"<p>Consultorias Jur\u00eddica Forma\u00e7\u00e3o e Gest\u00e3o Comunica\u00e7\u00e3o Cont\u00e1bil<\/p>\n","protected":false},"author":1,"featured_media":0,"parent":0,"menu_order":0,"comment_status":"closed","ping_status":"closed","template":"","meta":{"tpgb_global_settings":"","footnotes":""},"class_list":["post-1103","page","type-page","status-publish","hentry"],"tpgb_featured_images":null,"tpgb_post_meta_info":{"get_date":"21 de setembro de 2020","get_modified_date":"18 de junho de 2021","author_name":"jesserfidelisjr","author_url":"https:\/\/uncme.org.br\/inicio\/blog\/author\/jesserfidelisjr\/","author_email":"jesserfidelisjr@gmail.com","author_website":"https:\/\/uncme.org.br\/inicio","author_description":"","author_facebook":"","author_twitter":"","author_instagram":"","author_role":["administrator"],"author_firstname":"","author_lastname":"","user_login":"jesserfidelisjr","author_avatar":"<img alt='' src='https:\/\/secure.gravatar.com\/avatar\/a4419674b8d420fd879a0ccedfe14621541a70ceaabcc8114bf0101af11850bb?s=200&#038;d=mm&#038;r=g' srcset='https:\/\/secure.gravatar.com\/avatar\/a4419674b8d420fd879a0ccedfe14621541a70ceaabcc8114bf0101af11850bb?s=400&#038;d=mm&#038;r=g 2x' class='avatar avatar-200 photo' height='200' width='200' decoding='async'\/>","author_avatar_url":"https:\/\/secure.gravatar.com\/avatar\/a4419674b8d420fd879a0ccedfe14621541a70ceaabcc8114bf0101af11850bb?s=96&d=mm&r=g","comment_count":0,"post_likes":0,"post_views":0},"tpgb_post_category":[],"blog_post_layout_featured_media_urls":{"thumbnail":"","full":""},"categories_names":null,"comments_number":"0","wpmagazine_modules_lite_featured_media_urls":{"thumbnail":"","cvmm-medium":"","cvmm-medium-plus":"","cvmm-portrait":"","cvmm-medium-square":"","cvmm-large":"","cvmm-small":"","full":""},"_links":{"self":[{"href":"https:\/\/uncme.org.br\/inicio\/wp-json\/wp\/v2\/pages\/1103","targetHints":{"allow":["GET"]}}],"collection":[{"href":"https:\/\/uncme.org.br\/inicio\/wp-json\/wp\/v2\/pages"}],"about":[{"href":"https:\/\/uncme.org.br\/inicio\/wp-json\/wp\/v2\/types\/page"}],"author":[{"embeddable":true,"href":"https:\/\/uncme.org.br\/inicio\/wp-json\/wp\/v2\/users\/1"}],"replies":[{"embeddable":true,"href":"https:\/\/uncme.org.br\/inicio\/wp-json\/wp\/v2\/comments?post=1103"}],"version-history":[{"count":14,"href":"https:\/\/uncme.org.br\/inicio\/wp-json\/wp\/v2\/pages\/1103\/revisions"}],"predecessor-version":[{"id":2980,"href":"https:\/\/uncme.org.br\/inicio\/wp-json\/wp\/v2\/pages\/1103\/revisions\/2980"}],"wp:attachment":[{"href":"https:\/\/uncme.org.br\/inicio\/wp-json\/wp\/v2\/media?parent=1103"}],"curies":[{"name":"wp","href":"https:\/\/api.w.org\/{rel}","templated":true}]}}