{"id":373,"date":"2020-08-20T10:14:06","date_gmt":"2020-08-20T13:14:06","guid":{"rendered":"https:\/\/uncme.org.br\/inicio\/?page_id=373"},"modified":"2026-03-27T19:24:10","modified_gmt":"2026-03-27T22:24:10","slug":"cartas-da-uncme","status":"publish","type":"page","link":"https:\/\/uncme.org.br\/inicio\/cartas-da-uncme\/","title":{"rendered":"Cartas da UNCME"},"content":{"rendered":"<ul class=\"wp-block-latest-posts__list wp-block-latest-posts has-medium-font-size\"><li><a class=\"wp-block-latest-posts__post-title\" href=\"https:\/\/uncme.org.br\/inicio\/blog\/cartas-da-uncme-de-2001-a-2022\/\">Cartas da UNCME de 2001 \u00e0 2022<\/a><div class=\"wp-block-latest-posts__post-excerpt\"><\/div><\/li>\n<li><a class=\"wp-block-latest-posts__post-title\" href=\"https:\/\/uncme.org.br\/inicio\/blog\/carta-compromisso-2023-nova-petropolis-rs\/\">CARTA COMPROMISSO 2023 &#8211; NOVA PETR\u00d3POLIS\/RS<\/a><div class=\"wp-block-latest-posts__post-excerpt\"><\/div><\/li>\n<li><a class=\"wp-block-latest-posts__post-title\" href=\"https:\/\/uncme.org.br\/inicio\/blog\/xxxi-encontro-nacional-virtual-dos-conselhos-municipais-de-educacao-cabo-de-santo-agostinho-pe\/\">XXXI ENCONTRO NACIONAL DOS CONSELHOS MUNICIPAIS DE EDUCA\u00c7\u00c3O, CABO DE SANTO AGOSTINHO-PE<\/a><div class=\"wp-block-latest-posts__post-excerpt\"><\/div><\/li>\n<li><a class=\"wp-block-latest-posts__post-title\" href=\"https:\/\/uncme.org.br\/inicio\/blog\/carta-2021\/\">CARTA 2021<\/a><div class=\"wp-block-latest-posts__post-excerpt\">XXX ENCONTRO NACIONAL VIRTUAL DOS CONSELHOS MUNICIPAIS DE EDUCA\u00c7\u00c3O, SINOP \/ MT<\/div><\/li>\n<li><a class=\"wp-block-latest-posts__post-title\" href=\"https:\/\/uncme.org.br\/inicio\/blog\/carta-da-uncme-na-defesa-da-educacao-brasileira\/\">CARTA 2020<\/a><div class=\"wp-block-latest-posts__post-excerpt\">I ENCONTRO NACIONAL VIRTUAL DOS CONSELHOS MUNICIPAIS DE EDUCA\u00c7\u00c3O &#8211; CARTA DOS CME&#8217;S DO BRASIL DURANTE A PANDEMIA DO COVID 19.<\/div><\/li>\n<li><a class=\"wp-block-latest-posts__post-title\" href=\"https:\/\/uncme.org.br\/inicio\/blog\/carta-2019\/\">CARTA 2019<\/a><div class=\"wp-block-latest-posts__post-excerpt\">XXIX ENCONTRO NACIONAL DOS CONSELHOS MUNICIPAIS DE EDUCA\u00c7\u00c3O &#8211; CARTA DE ARACAJU &#8211; SE<\/div><\/li>\n<li><a class=\"wp-block-latest-posts__post-title\" href=\"https:\/\/uncme.org.br\/inicio\/blog\/carta-2018\/\">CARTA 2018<\/a><div class=\"wp-block-latest-posts__post-excerpt\">XXVIII ENCONTRO NACIONAL DOS CONSELHOS MUNICIPAIS DE EDUCA\u00c7\u00c3O &#8211; CARTA DE LONDRINA &#8211; PR<\/div><\/li>\n<li><a class=\"wp-block-latest-posts__post-title\" href=\"https:\/\/uncme.org.br\/inicio\/blog\/carta-2017\/\">Carta 2017<\/a><div class=\"wp-block-latest-posts__post-excerpt\">XXVII ENCONTRO NACIONAL DE CONSELHOS MUNICIPAIS DE EDUCA\u00c7\u00c3O &#8211; CARTA DE ILH\u00c9US &#8211; BA<\/div><\/li>\n<li><a class=\"wp-block-latest-posts__post-title\" href=\"https:\/\/uncme.org.br\/inicio\/blog\/carta-2016\/\">Carta 2016<\/a><div class=\"wp-block-latest-posts__post-excerpt\">XXVI ENCONTRO NACIONAL DE CONSELHOS MUNICIPAIS DE EDUCA\u00c7\u00c3O &#8211; CARTA DE PALMAS &#8211; TO<\/div><\/li>\n<li><a class=\"wp-block-latest-posts__post-title\" href=\"https:\/\/uncme.org.br\/inicio\/blog\/carta-2015\/\">Carta 2015<\/a><div class=\"wp-block-latest-posts__post-excerpt\">XXV ENCONTRO NACIONAL DE CONSELHOS MUNICIPAIS DE EDUCA\u00c7\u00c3O &#8211; CARTA DE IPOJUCA &#8211; PE<\/div><\/li>\n<li><a class=\"wp-block-latest-posts__post-title\" href=\"https:\/\/uncme.org.br\/inicio\/blog\/carta-2014\/\">Carta 2014<\/a><div class=\"wp-block-latest-posts__post-excerpt\">XXIV ENCONTRO NACIONAL DE CONSELHOS MUNICIPAIS DE EDUCA\u00c7\u00c3O &#8211; CARTA DE MANAUS &#8211; AM<\/div><\/li>\n<li><a class=\"wp-block-latest-posts__post-title\" href=\"https:\/\/uncme.org.br\/inicio\/blog\/carta-2013\/\">Carta 2013<\/a><div class=\"wp-block-latest-posts__post-excerpt\">XXIII ENCONTRO NACIONAL DE CONSELHOS MUNICIPAIS DE EDUCA\u00c7\u00c3O &#8211; CARTA DE SALVADOR &#8211; BA<\/div><\/li>\n<li><a class=\"wp-block-latest-posts__post-title\" href=\"https:\/\/uncme.org.br\/inicio\/blog\/carta-2012\/\">Carta 2012<\/a><div class=\"wp-block-latest-posts__post-excerpt\">XXII ENCONTRO NACIONAL DE CONSELHOS MUNICIPAIS DE EDUCA\u00c7\u00c3O &#8211; CARTA DE GRAMADO &#8211; RS<\/div><\/li>\n<li><a class=\"wp-block-latest-posts__post-title\" href=\"https:\/\/uncme.org.br\/inicio\/blog\/carta-2011\/\">Carta 2011<\/a><div class=\"wp-block-latest-posts__post-excerpt\">XXI ENCONTRO NACIONAL DE CONSELHOS MUNICIPAIS DE EDUCA\u00c7\u00c3O &#8211; CARTA DE PALMAS &#8211; TO<\/div><\/li>\n<li><a class=\"wp-block-latest-posts__post-title\" href=\"https:\/\/uncme.org.br\/inicio\/blog\/carta-2010\/\">Carta 2010<\/a><div class=\"wp-block-latest-posts__post-excerpt\">XX ENCONTRO NACIONAL DE CONSELHOS MUNICIPAIS DE EDUCA\u00c7\u00c3O &#8211; CARTA DE ARACAJU &#8211; SE<\/div><\/li>\n<li><a class=\"wp-block-latest-posts__post-title\" href=\"https:\/\/uncme.org.br\/inicio\/blog\/carta-2009\/\">Carta 2009<\/a><div class=\"wp-block-latest-posts__post-excerpt\">IX ENCONTRO NACIONAL DE CONSELHOS MUNICIPAIS DE EDUCA\u00c7\u00c3O &#8211; CARTA DE GUARULHOS &#8211; SP<\/div><\/li>\n<li><a class=\"wp-block-latest-posts__post-title\" href=\"https:\/\/uncme.org.br\/inicio\/blog\/carta-2007\/\">Carta 2007<\/a><div class=\"wp-block-latest-posts__post-excerpt\">XVII ENCONTRO NACIONAL DE CONSELHOS MUNICIPAIS DE EDUCA\u00c7\u00c3O- CARTA DE CALDAS NOVAS &#8211; GO<\/div><\/li>\n<li><a class=\"wp-block-latest-posts__post-title\" href=\"https:\/\/uncme.org.br\/inicio\/blog\/carta-2006\/\">Carta 2006<\/a><div class=\"wp-block-latest-posts__post-excerpt\">XVI ENCONTRO NACIONAL DE CONSELHOS MUNICIPAIS DE EDUCA\u00c7\u00c3O &#8211; CARTA DE ANGRA DOS REIS -RJ<\/div><\/li>\n<li><a class=\"wp-block-latest-posts__post-title\" href=\"https:\/\/uncme.org.br\/inicio\/blog\/carta-2005\/\">Carta 2005<\/a><div class=\"wp-block-latest-posts__post-excerpt\">XV ENCONTRO NACIONAL DE CONSELHOS MUNICIPAIS DE EDUCA\u00c7\u00c3O &#8211; CARTA DE SERRA DO ESPIRITO SANTO &#8211; ES<\/div><\/li>\n<li><a class=\"wp-block-latest-posts__post-title\" href=\"https:\/\/uncme.org.br\/inicio\/blog\/carta-2004\/\">Carta 2004<\/a><div class=\"wp-block-latest-posts__post-excerpt\">XIV ENCONTRO NACIONAL DE CONSELHOS MUNICIPAIS DE EDUCA\u00c7\u00c3O &#8211; CARTA DE JO\u00c3O PESSOA &#8211; PB<\/div><\/li>\n<li><a class=\"wp-block-latest-posts__post-title\" href=\"https:\/\/uncme.org.br\/inicio\/blog\/carta-2003\/\">Carta 2003<\/a><div class=\"wp-block-latest-posts__post-excerpt\">XIII ENCONTRO NACIONAL DE CONSELHOS MUNICIPAIS DE EDUCA\u00c7\u00c3O &#8211; CARTA DE BEL\u00c9M &#8211; PA<\/div><\/li>\n<li><a class=\"wp-block-latest-posts__post-title\" href=\"https:\/\/uncme.org.br\/inicio\/blog\/cartas-2002\/\">Cartas 2002<\/a><div class=\"wp-block-latest-posts__post-excerpt\">XII ENCONTRO NACIONAL DE CONSELHOS MUNICIPAIS DE EDUCA\u00c7\u00c3O &#8211; CARTA DE CABO DE SANTO AGOSTINHO &#8211; PE<\/div><\/li>\n<li><a class=\"wp-block-latest-posts__post-title\" href=\"https:\/\/uncme.org.br\/inicio\/blog\/cartas-2001\/\">Cartas 2001<\/a><div class=\"wp-block-latest-posts__post-excerpt\">XI ENCONTRO NACIONAL DE CONSELHOS MUNICIPAIS DE EDUCA\u00c7\u00c3O &#8211; CARTA DE MARACAN\u00c3 &#8211; CE<\/div><\/li>\n<\/ul>","protected":false},"excerpt":{"rendered":"","protected":false},"author":1,"featured_media":0,"parent":0,"menu_order":0,"comment_status":"closed","ping_status":"closed","template":"","meta":{"tpgb_global_settings":"","footnotes":""},"class_list":["post-373","page","type-page","status-publish","hentry"],"tpgb_featured_images":null,"tpgb_post_meta_info":{"get_date":"20 de agosto de 2020","get_modified_date":"27 de mar\u00e7o de 2026","author_name":"jesserfidelisjr","author_url":"https:\/\/uncme.org.br\/inicio\/blog\/author\/jesserfidelisjr\/","author_email":"jesserfidelisjr@gmail.com","author_website":"https:\/\/uncme.org.br\/inicio","author_description":"","author_facebook":"","author_twitter":"","author_instagram":"","author_role":["administrator"],"author_firstname":"","author_lastname":"","user_login":"jesserfidelisjr","author_avatar":"<img alt='' src='https:\/\/secure.gravatar.com\/avatar\/a4419674b8d420fd879a0ccedfe14621541a70ceaabcc8114bf0101af11850bb?s=200&#038;d=mm&#038;r=g' srcset='https:\/\/secure.gravatar.com\/avatar\/a4419674b8d420fd879a0ccedfe14621541a70ceaabcc8114bf0101af11850bb?s=400&#038;d=mm&#038;r=g 2x' class='avatar avatar-200 photo' height='200' width='200' decoding='async'\/>","author_avatar_url":"https:\/\/secure.gravatar.com\/avatar\/a4419674b8d420fd879a0ccedfe14621541a70ceaabcc8114bf0101af11850bb?s=96&d=mm&r=g","comment_count":0,"post_likes":0,"post_views":0},"tpgb_post_category":[],"blog_post_layout_featured_media_urls":{"thumbnail":"","full":""},"categories_names":null,"comments_number":"0","wpmagazine_modules_lite_featured_media_urls":{"thumbnail":"","cvmm-medium":"","cvmm-medium-plus":"","cvmm-portrait":"","cvmm-medium-square":"","cvmm-large":"","cvmm-small":"","full":""},"_links":{"self":[{"href":"https:\/\/uncme.org.br\/inicio\/wp-json\/wp\/v2\/pages\/373","targetHints":{"allow":["GET"]}}],"collection":[{"href":"https:\/\/uncme.org.br\/inicio\/wp-json\/wp\/v2\/pages"}],"about":[{"href":"https:\/\/uncme.org.br\/inicio\/wp-json\/wp\/v2\/types\/page"}],"author":[{"embeddable":true,"href":"https:\/\/uncme.org.br\/inicio\/wp-json\/wp\/v2\/users\/1"}],"replies":[{"embeddable":true,"href":"https:\/\/uncme.org.br\/inicio\/wp-json\/wp\/v2\/comments?post=373"}],"version-history":[{"count":3,"href":"https:\/\/uncme.org.br\/inicio\/wp-json\/wp\/v2\/pages\/373\/revisions"}],"predecessor-version":[{"id":11816,"href":"https:\/\/uncme.org.br\/inicio\/wp-json\/wp\/v2\/pages\/373\/revisions\/11816"}],"wp:attachment":[{"href":"https:\/\/uncme.org.br\/inicio\/wp-json\/wp\/v2\/media?parent=373"}],"curies":[{"name":"wp","href":"https:\/\/api.w.org\/{rel}","templated":true}]}}