{"id":382,"date":"2020-08-20T10:18:17","date_gmt":"2020-08-20T13:18:17","guid":{"rendered":"https:\/\/uncme.org.br\/inicio\/?page_id=382"},"modified":"2026-03-27T18:06:04","modified_gmt":"2026-03-27T21:06:04","slug":"resolucoes","status":"publish","type":"page","link":"https:\/\/uncme.org.br\/inicio\/resolucoes\/","title":{"rendered":"Resolu\u00e7\u00f5es"},"content":{"rendered":"<ul class=\"wp-block-latest-posts__list has-dates wp-block-latest-posts has-medium-font-size\"><li><a class=\"wp-block-latest-posts__post-title\" href=\"https:\/\/uncme.org.br\/inicio\/blog\/resolucao-no-001-2026-2\/\">RESOLU\u00c7\u00c3O N\u00ba 001\/2026<\/a><time datetime=\"2026-01-06T14:28:00-03:00\" class=\"wp-block-latest-posts__post-date\">6 de janeiro de 2026<\/time><div class=\"wp-block-latest-posts__post-excerpt\">Estabelece contribui\u00e7\u00f5es de anuidades para o exerc\u00edcio de 2026 e d\u00e1 outras provid\u00eancias.<\/div><\/li>\n<li><a class=\"wp-block-latest-posts__post-title\" href=\"https:\/\/uncme.org.br\/inicio\/blog\/resolucao-no-003-2025\/\">RESOLU\u00c7\u00c3O N\u00ba 003\/2025<\/a><time datetime=\"2025-03-25T16:47:00-03:00\" class=\"wp-block-latest-posts__post-date\">25 de mar\u00e7o de 2025<\/time><div class=\"wp-block-latest-posts__post-excerpt\">DECLARA LUTO OFICIALNO \u00c2MBITO DA UNCMEPELO FALECIMENTO DOCONSELHEIRO MILTON HERRERA.<\/div><\/li>\n<li><a class=\"wp-block-latest-posts__post-title\" href=\"https:\/\/uncme.org.br\/inicio\/blog\/resolucao-uncme-no-002-2025\/\">RESOLU\u00c7\u00c3O UNCME N\u00ba 002\/2025<\/a><time datetime=\"2025-03-12T16:33:00-03:00\" class=\"wp-block-latest-posts__post-date\">12 de mar\u00e7o de 2025<\/time><div class=\"wp-block-latest-posts__post-excerpt\">Aprova a cria\u00e7\u00e3o das Seccionais da UNCME nos Estados abaixo descritos.<\/div><\/li>\n<li><a class=\"wp-block-latest-posts__post-title\" href=\"https:\/\/uncme.org.br\/inicio\/blog\/resolucao-no-001-2025\/\">RESOLU\u00c7\u00c3O N\u00ba 001\/2025<\/a><time datetime=\"2025-01-03T16:11:00-03:00\" class=\"wp-block-latest-posts__post-date\">3 de janeiro de 2025<\/time><div class=\"wp-block-latest-posts__post-excerpt\">Estabelece contribui\u00e7\u00f5es de anuidades para o exerc\u00edcio de 2025.<\/div><\/li>\n<li><a class=\"wp-block-latest-posts__post-title\" href=\"https:\/\/uncme.org.br\/inicio\/blog\/resolucao-no-002-2024\/\">RESOLU\u00c7\u00c3O N\u00ba 002\/2024<\/a><time datetime=\"2024-02-03T16:51:32-03:00\" class=\"wp-block-latest-posts__post-date\">3 de fevereiro de 2024<\/time><div class=\"wp-block-latest-posts__post-excerpt\">Estabelece contribui\u00e7\u00f5es de anuidades para o exerc\u00edcio de 2024.<\/div><\/li>\n<li><a class=\"wp-block-latest-posts__post-title\" href=\"https:\/\/uncme.org.br\/inicio\/blog\/resolucao-uncme-no-004-2023\/\">RESOLU\u00c7\u00c3O UNCME N\u00ba. 004\/2023<\/a><time datetime=\"2023-11-22T16:56:43-03:00\" class=\"wp-block-latest-posts__post-date\">22 de novembro de 2023<\/time><div class=\"wp-block-latest-posts__post-excerpt\">Disp\u00f5e sobre a cria\u00e7\u00e3o da Escola de Forma\u00e7\u00e3o da Uni\u00e3o Nacional dos Conselhos Municipais da Educa\u00e7\u00e3o \u201cProf. Genu\u00edno Bordignon\u201d e d\u00e1 outras provid\u00eancias.<\/div><\/li>\n<li><a class=\"wp-block-latest-posts__post-title\" href=\"https:\/\/uncme.org.br\/inicio\/blog\/resolucao-uncme-no-003-2023\/\">RESOLU\u00c7\u00c3O UNCME n\u00ba 003\/2023<\/a><time datetime=\"2023-11-22T15:28:31-03:00\" class=\"wp-block-latest-posts__post-date\">22 de novembro de 2023<\/time><div class=\"wp-block-latest-posts__post-excerpt\">Cria\u00e7\u00e3o, instala\u00e7\u00e3o e organiza\u00e7\u00e3o da Uni\u00e3o Nacional dos Conselhos Municipais da Educa\u00e7\u00e3o \u2013 UNCME, seccional especial Distrito Federal.<\/div><\/li>\n<li><a class=\"wp-block-latest-posts__post-title\" href=\"https:\/\/uncme.org.br\/inicio\/blog\/resolucao-no-002-2023\/\">RESOLU\u00c7\u00c3O N\u00ba 002\/2023<\/a><time datetime=\"2023-11-09T16:53:41-03:00\" class=\"wp-block-latest-posts__post-date\">9 de novembro de 2023<\/time><div class=\"wp-block-latest-posts__post-excerpt\">Disp\u00f5e sobre Homenagem com o nome do Professor Genu\u00edno Bordignon para a Escola de Conselhos da Educa\u00e7\u00e3o da UNCME.<\/div><\/li>\n<li><a class=\"wp-block-latest-posts__post-title\" href=\"https:\/\/uncme.org.br\/inicio\/blog\/resolucao-e-portaria-001-2023-referente-anuidades-da-uncme\/\">Resolu\u00e7\u00e3o e Portaria 001\/2023 &#8211; Referente Anuidades da UNCME<\/a><time datetime=\"2023-02-23T14:37:46-03:00\" class=\"wp-block-latest-posts__post-date\">23 de fevereiro de 2023<\/time><div class=\"wp-block-latest-posts__post-excerpt\"><\/div><\/li>\n<li><a class=\"wp-block-latest-posts__post-title\" href=\"https:\/\/uncme.org.br\/inicio\/blog\/resolucao-no-001-2023\/\">RESOLU\u00c7\u00c3O N\u00ba 001\/2023<\/a><time datetime=\"2023-02-07T14:17:56-03:00\" class=\"wp-block-latest-posts__post-date\">7 de fevereiro de 2023<\/time><div class=\"wp-block-latest-posts__post-excerpt\">Estabelece contribui\u00e7\u00f5es de anuidades para o exerc\u00edcio de 2023.<\/div><\/li>\n<li><a class=\"wp-block-latest-posts__post-title\" href=\"https:\/\/uncme.org.br\/inicio\/blog\/resolucao-01-2022\/\">Resolu\u00e7\u00e3o 01\/2022<\/a><time datetime=\"2022-02-06T18:14:00-03:00\" class=\"wp-block-latest-posts__post-date\">6 de fevereiro de 2022<\/time><div class=\"wp-block-latest-posts__post-excerpt\">Estabelece contribui\u00e7\u00f5es de anuidades para o exerc\u00edcio de 2022.<\/div><\/li>\n<li><a class=\"wp-block-latest-posts__post-title\" href=\"https:\/\/uncme.org.br\/inicio\/blog\/resolucao-002-2021\/\">Resolu\u00e7\u00e3o 002\/2021<\/a><time datetime=\"2021-06-06T11:32:00-03:00\" class=\"wp-block-latest-posts__post-date\">6 de junho de 2021<\/time><div class=\"wp-block-latest-posts__post-excerpt\">Define crit\u00e9rios para realiza\u00e7\u00e3o dos Encontros Estaduais e Nacional da UNCME no ano de 2021, tendo em vista a situa\u00e7\u00e3o de PANDEMIA de COVID-19 e d\u00e1 outras provid\u00eancias.<\/div><\/li>\n<li><a class=\"wp-block-latest-posts__post-title\" href=\"https:\/\/uncme.org.br\/inicio\/blog\/resolucao-001-2021\/\">Resolu\u00e7\u00e3o 001\/2021<\/a><time datetime=\"2021-05-25T11:27:00-03:00\" class=\"wp-block-latest-posts__post-date\">25 de maio de 2021<\/time><div class=\"wp-block-latest-posts__post-excerpt\">Estabelece contribui\u00e7\u00f5es de anuidades para o exerc\u00edcio de 2021.<\/div><\/li>\n<li><a class=\"wp-block-latest-posts__post-title\" href=\"https:\/\/uncme.org.br\/inicio\/blog\/resolucao-001-2020\/\">Resolu\u00e7\u00e3o 001\/2020<\/a><time datetime=\"2020-01-20T22:02:38-03:00\" class=\"wp-block-latest-posts__post-date\">20 de janeiro de 2020<\/time><div class=\"wp-block-latest-posts__post-excerpt\">Estabelece contribui\u00e7\u00f5es de anuidades para o exerc\u00edcio de 2020<\/div><\/li>\n<li><a class=\"wp-block-latest-posts__post-title\" href=\"https:\/\/uncme.org.br\/inicio\/blog\/anexo-iv-da-resolucao-no-002-2019\/\">Anexo IV da Resolu\u00e7\u00e3o n\u00ba 002\/2019<\/a><time datetime=\"2019-10-22T22:23:41-03:00\" class=\"wp-block-latest-posts__post-date\">22 de outubro de 2019<\/time><div class=\"wp-block-latest-posts__post-excerpt\"><\/div><\/li>\n<li><a class=\"wp-block-latest-posts__post-title\" href=\"https:\/\/uncme.org.br\/inicio\/blog\/anexo-iii-da-resolucao-no-002-2019\/\">Anexo III da Resolu\u00e7\u00e3o n\u00ba 002\/2019<\/a><time datetime=\"2019-10-22T22:22:00-03:00\" class=\"wp-block-latest-posts__post-date\">22 de outubro de 2019<\/time><div class=\"wp-block-latest-posts__post-excerpt\"><\/div><\/li>\n<li><a class=\"wp-block-latest-posts__post-title\" href=\"https:\/\/uncme.org.br\/inicio\/blog\/anexo-ii-da-resolucao-no-002-2019\/\">Anexo II da Resolu\u00e7\u00e3o n\u00ba 002\/2019<\/a><time datetime=\"2019-10-22T22:19:32-03:00\" class=\"wp-block-latest-posts__post-date\">22 de outubro de 2019<\/time><div class=\"wp-block-latest-posts__post-excerpt\"><\/div><\/li>\n<li><a class=\"wp-block-latest-posts__post-title\" href=\"https:\/\/uncme.org.br\/inicio\/blog\/resolucao-002-2019-2\/\">Anexo I da Resolu\u00e7\u00e3o n\u00ba 002\/2019<\/a><time datetime=\"2019-10-22T22:13:21-03:00\" class=\"wp-block-latest-posts__post-date\">22 de outubro de 2019<\/time><div class=\"wp-block-latest-posts__post-excerpt\"><\/div><\/li>\n<li><a class=\"wp-block-latest-posts__post-title\" href=\"https:\/\/uncme.org.br\/inicio\/blog\/resolucao-002-2019\/\">Resolu\u00e7\u00e3o 002\/2019<\/a><time datetime=\"2019-10-22T22:07:28-03:00\" class=\"wp-block-latest-posts__post-date\">22 de outubro de 2019<\/time><div class=\"wp-block-latest-posts__post-excerpt\">Regulamenta crit\u00e9rios para o Processo Eleitoral da UNCME Nacional exerc\u00edcio 2019.<\/div><\/li>\n<li><a class=\"wp-block-latest-posts__post-title\" href=\"https:\/\/uncme.org.br\/inicio\/blog\/resolucao-002-2018\/\">Resolu\u00e7\u00e3o 002\/2018<\/a><time datetime=\"2019-10-22T22:04:44-03:00\" class=\"wp-block-latest-posts__post-date\">22 de outubro de 2019<\/time><div class=\"wp-block-latest-posts__post-excerpt\">Estabelece contribui\u00e7\u00f5es de anuidades para o exerc\u00edcio de 2019.<\/div><\/li>\n<li><a class=\"wp-block-latest-posts__post-title\" href=\"https:\/\/uncme.org.br\/inicio\/blog\/resolucao-001-2019\/\">Resolu\u00e7\u00e3o 001\/2019<\/a><time datetime=\"2019-03-18T22:00:05-03:00\" class=\"wp-block-latest-posts__post-date\">18 de mar\u00e7o de 2019<\/time><div class=\"wp-block-latest-posts__post-excerpt\">Regulamenta crit\u00e9rios e procedimentos para o uso do grupo de WhatsApp da Diretoria Nacional da UNCME, como instrumento de comunica\u00e7\u00e3o institucional.<\/div><\/li>\n<li><a class=\"wp-block-latest-posts__post-title\" href=\"https:\/\/uncme.org.br\/inicio\/blog\/resolucao-001-2018\/\">Resolu\u00e7\u00e3o 001\/2018<\/a><time datetime=\"2018-03-15T21:56:48-03:00\" class=\"wp-block-latest-posts__post-date\">15 de mar\u00e7o de 2018<\/time><div class=\"wp-block-latest-posts__post-excerpt\">Estabelece contribui\u00e7\u00f5es de anuidades para o Exerc\u00edcio de 2018.<\/div><\/li>\n<\/ul>","protected":false},"excerpt":{"rendered":"","protected":false},"author":1,"featured_media":0,"parent":0,"menu_order":0,"comment_status":"closed","ping_status":"closed","template":"","meta":{"tpgb_global_settings":"","footnotes":""},"class_list":["post-382","page","type-page","status-publish","hentry"],"tpgb_featured_images":null,"tpgb_post_meta_info":{"get_date":"20 de agosto de 2020","get_modified_date":"27 de mar\u00e7o de 2026","author_name":"jesserfidelisjr","author_url":"https:\/\/uncme.org.br\/inicio\/blog\/author\/jesserfidelisjr\/","author_email":"jesserfidelisjr@gmail.com","author_website":"https:\/\/uncme.org.br\/inicio","author_description":"","author_facebook":"","author_twitter":"","author_instagram":"","author_role":["administrator"],"author_firstname":"","author_lastname":"","user_login":"jesserfidelisjr","author_avatar":"<img alt='' src='https:\/\/secure.gravatar.com\/avatar\/a4419674b8d420fd879a0ccedfe14621541a70ceaabcc8114bf0101af11850bb?s=200&#038;d=mm&#038;r=g' srcset='https:\/\/secure.gravatar.com\/avatar\/a4419674b8d420fd879a0ccedfe14621541a70ceaabcc8114bf0101af11850bb?s=400&#038;d=mm&#038;r=g 2x' class='avatar avatar-200 photo' height='200' width='200' decoding='async'\/>","author_avatar_url":"https:\/\/secure.gravatar.com\/avatar\/a4419674b8d420fd879a0ccedfe14621541a70ceaabcc8114bf0101af11850bb?s=96&d=mm&r=g","comment_count":0,"post_likes":0,"post_views":0},"tpgb_post_category":[],"blog_post_layout_featured_media_urls":{"thumbnail":"","full":""},"categories_names":null,"comments_number":"0","wpmagazine_modules_lite_featured_media_urls":{"thumbnail":"","cvmm-medium":"","cvmm-medium-plus":"","cvmm-portrait":"","cvmm-medium-square":"","cvmm-large":"","cvmm-small":"","full":""},"_links":{"self":[{"href":"https:\/\/uncme.org.br\/inicio\/wp-json\/wp\/v2\/pages\/382","targetHints":{"allow":["GET"]}}],"collection":[{"href":"https:\/\/uncme.org.br\/inicio\/wp-json\/wp\/v2\/pages"}],"about":[{"href":"https:\/\/uncme.org.br\/inicio\/wp-json\/wp\/v2\/types\/page"}],"author":[{"embeddable":true,"href":"https:\/\/uncme.org.br\/inicio\/wp-json\/wp\/v2\/users\/1"}],"replies":[{"embeddable":true,"href":"https:\/\/uncme.org.br\/inicio\/wp-json\/wp\/v2\/comments?post=382"}],"version-history":[{"count":7,"href":"https:\/\/uncme.org.br\/inicio\/wp-json\/wp\/v2\/pages\/382\/revisions"}],"predecessor-version":[{"id":11801,"href":"https:\/\/uncme.org.br\/inicio\/wp-json\/wp\/v2\/pages\/382\/revisions\/11801"}],"wp:attachment":[{"href":"https:\/\/uncme.org.br\/inicio\/wp-json\/wp\/v2\/media?parent=382"}],"curies":[{"name":"wp","href":"https:\/\/api.w.org\/{rel}","templated":true}]}}