{"id":385,"date":"2020-08-20T10:19:09","date_gmt":"2020-08-20T13:19:09","guid":{"rendered":"https:\/\/uncme.org.br\/inicio\/?page_id=385"},"modified":"2020-11-30T15:59:40","modified_gmt":"2020-11-30T18:59:40","slug":"servicos","status":"publish","type":"page","link":"https:\/\/uncme.org.br\/inicio\/servicos\/","title":{"rendered":"Servi\u00e7os"},"content":{"rendered":"\n<ul class=\"wp-block-list\"><li><a href=\"https:\/\/uncme.org.br\/inicio\/conselhos-filiados\/\">Conselhos Filiados<\/a><\/li><li><a href=\"https:\/\/uncme.org.br\/inicio\/filiacao-online\/\">Filia\u00e7\u00e3o online<\/a><\/li><li><a href=\"https:\/\/uncme.org.br\/inicio\/inscricoes\/\">Inscri\u00e7\u00f5es<\/a><\/li><li><a href=\"https:\/\/uncme.org.br\/inicio\/solicitacao-de-boleto\/\">Solicita\u00e7\u00e3o de Boletos<\/a><\/li><li><a href=\"https:\/\/uncme.org.br\/inicio\/consultoria\/\">Consultorias<\/a><\/li><\/ul>\n","protected":false},"excerpt":{"rendered":"<p>Conselhos Filiados Filia\u00e7\u00e3o online Inscri\u00e7\u00f5es Solicita\u00e7\u00e3o de Boletos Consultorias<\/p>\n","protected":false},"author":1,"featured_media":0,"parent":0,"menu_order":0,"comment_status":"closed","ping_status":"closed","template":"","meta":{"tpgb_global_settings":"","footnotes":""},"class_list":["post-385","page","type-page","status-publish","hentry"],"tpgb_featured_images":null,"tpgb_post_meta_info":{"get_date":"20 de agosto de 2020","get_modified_date":"30 de novembro de 2020","author_name":"jesserfidelisjr","author_url":"https:\/\/uncme.org.br\/inicio\/blog\/author\/jesserfidelisjr\/","author_email":"jesserfidelisjr@gmail.com","author_website":"https:\/\/uncme.org.br\/inicio","author_description":"","author_facebook":"","author_twitter":"","author_instagram":"","author_role":["administrator"],"author_firstname":"","author_lastname":"","user_login":"jesserfidelisjr","author_avatar":"<img alt='' src='https:\/\/secure.gravatar.com\/avatar\/a4419674b8d420fd879a0ccedfe14621541a70ceaabcc8114bf0101af11850bb?s=200&#038;d=mm&#038;r=g' srcset='https:\/\/secure.gravatar.com\/avatar\/a4419674b8d420fd879a0ccedfe14621541a70ceaabcc8114bf0101af11850bb?s=400&#038;d=mm&#038;r=g 2x' class='avatar avatar-200 photo' height='200' width='200' decoding='async'\/>","author_avatar_url":"https:\/\/secure.gravatar.com\/avatar\/a4419674b8d420fd879a0ccedfe14621541a70ceaabcc8114bf0101af11850bb?s=96&d=mm&r=g","comment_count":0,"post_likes":0,"post_views":0},"tpgb_post_category":[],"blog_post_layout_featured_media_urls":{"thumbnail":"","full":""},"categories_names":null,"comments_number":"0","wpmagazine_modules_lite_featured_media_urls":{"thumbnail":"","cvmm-medium":"","cvmm-medium-plus":"","cvmm-portrait":"","cvmm-medium-square":"","cvmm-large":"","cvmm-small":"","full":""},"_links":{"self":[{"href":"https:\/\/uncme.org.br\/inicio\/wp-json\/wp\/v2\/pages\/385","targetHints":{"allow":["GET"]}}],"collection":[{"href":"https:\/\/uncme.org.br\/inicio\/wp-json\/wp\/v2\/pages"}],"about":[{"href":"https:\/\/uncme.org.br\/inicio\/wp-json\/wp\/v2\/types\/page"}],"author":[{"embeddable":true,"href":"https:\/\/uncme.org.br\/inicio\/wp-json\/wp\/v2\/users\/1"}],"replies":[{"embeddable":true,"href":"https:\/\/uncme.org.br\/inicio\/wp-json\/wp\/v2\/comments?post=385"}],"version-history":[{"count":2,"href":"https:\/\/uncme.org.br\/inicio\/wp-json\/wp\/v2\/pages\/385\/revisions"}],"predecessor-version":[{"id":2468,"href":"https:\/\/uncme.org.br\/inicio\/wp-json\/wp\/v2\/pages\/385\/revisions\/2468"}],"wp:attachment":[{"href":"https:\/\/uncme.org.br\/inicio\/wp-json\/wp\/v2\/media?parent=385"}],"curies":[{"name":"wp","href":"https:\/\/api.w.org\/{rel}","templated":true}]}}