{"id":5387,"date":"2022-06-17T23:00:03","date_gmt":"2022-06-18T02:00:03","guid":{"rendered":"https:\/\/uncme.org.br\/inicio\/?page_id=5387"},"modified":"2024-05-14T16:23:42","modified_gmt":"2024-05-14T19:23:42","slug":"biblioteca-virtual","status":"publish","type":"page","link":"https:\/\/uncme.org.br\/inicio\/biblioteca-virtual\/","title":{"rendered":"Biblioteca Virtual"},"content":{"rendered":"<ul class=\"wp-block-latest-posts__list has-dates wp-block-latest-posts\"><li><a class=\"wp-block-latest-posts__post-title\" href=\"https:\/\/uncme.org.br\/inicio\/blog\/lei-no-14-851-de-3-de-maio-de-2024\/\">LEI N\u00ba 14.851, DE 3 DE MAIO DE 2024<\/a><time datetime=\"2024-05-08T15:59:12-03:00\" class=\"wp-block-latest-posts__post-date\">8 de maio de 2024<\/time><\/li>\n<li><a class=\"wp-block-latest-posts__post-title\" href=\"https:\/\/uncme.org.br\/inicio\/blog\/material-das-palestras-do-xxxi-encontro-nacional-dos-cmes-2022\/\">MATERIAL DAS PALESTRAS DO XXXI ENCONTRO NACIONAL DOS CME&#8217;s 2022<\/a><time datetime=\"2022-12-01T16:52:26-03:00\" class=\"wp-block-latest-posts__post-date\">1 de dezembro de 2022<\/time><\/li>\n<li><a class=\"wp-block-latest-posts__post-title\" href=\"https:\/\/uncme.org.br\/inicio\/blog\/um-retrato-da-infancia-e-adolescencia-no-brasil\/\">Um retrato da inf\u00e2ncia e adolesc\u00eancia no Brasil<\/a><time datetime=\"2021-06-17T23:47:05-03:00\" class=\"wp-block-latest-posts__post-date\">17 de junho de 2021<\/time><\/li>\n<li><a class=\"wp-block-latest-posts__post-title\" href=\"https:\/\/uncme.org.br\/inicio\/blog\/paulo-freire-em-diferentes-contextos-ebook\/\">Paulo Freire em diferentes contextos &#8211; Ebook<\/a><time datetime=\"2021-06-17T23:46:44-03:00\" class=\"wp-block-latest-posts__post-date\">17 de junho de 2021<\/time><\/li>\n<li><a class=\"wp-block-latest-posts__post-title\" href=\"https:\/\/uncme.org.br\/inicio\/blog\/nota-tecnica-no-02-2022-cnpg\/\">NOTA T\u00c9CNICA N\u00ba 02\/2022-CNPG<\/a><time datetime=\"2021-06-17T23:45:50-03:00\" class=\"wp-block-latest-posts__post-date\">17 de junho de 2021<\/time><\/li>\n<li><a class=\"wp-block-latest-posts__post-title\" href=\"https:\/\/uncme.org.br\/inicio\/blog\/nota-conjunta-auxilio-crianca-cidada\/\">Nota Conjunta Aux\u00edlio Crian\u00e7a Cidad\u00e3<\/a><time datetime=\"2021-06-17T23:45:39-03:00\" class=\"wp-block-latest-posts__post-date\">17 de junho de 2021<\/time><\/li>\n<li><a class=\"wp-block-latest-posts__post-title\" href=\"https:\/\/uncme.org.br\/inicio\/blog\/infancia-recifense-em-primeiro-plano-2022\/\">Inf\u00e2ncia recifense em primeiro plano &#8211; 2022<\/a><time datetime=\"2021-06-17T23:45:26-03:00\" class=\"wp-block-latest-posts__post-date\">17 de junho de 2021<\/time><\/li>\n<li><a class=\"wp-block-latest-posts__post-title\" href=\"https:\/\/uncme.org.br\/inicio\/blog\/guia-de-retorno-das-atividades-presenciais-na-educao-basica\/\">Guia de retorno das Atividades Presenciais na Edu\u00e7\u00e3o B\u00e1sica<\/a><time datetime=\"2021-06-17T23:36:50-03:00\" class=\"wp-block-latest-posts__post-date\">17 de junho de 2021<\/time><\/li>\n<li><a class=\"wp-block-latest-posts__post-title\" href=\"https:\/\/uncme.org.br\/inicio\/blog\/fundeb-perguntas-e-respostas-outubro-2021-para-publicacao\/\">Fundeb &#8211; Perguntas e Respostas &#8211; OUTUBRO 2021 &#8211; para publica\u00e7\u00e3o<\/a><time datetime=\"2021-06-17T23:35:24-03:00\" class=\"wp-block-latest-posts__post-date\">17 de junho de 2021<\/time><\/li>\n<li><a class=\"wp-block-latest-posts__post-title\" href=\"https:\/\/uncme.org.br\/inicio\/blog\/fundacao-anti-indigena\/\">FUNDA\u00c7\u00c3O ANTI-IND\u00cdGENA<\/a><time datetime=\"2021-06-17T23:31:50-03:00\" class=\"wp-block-latest-posts__post-date\">17 de junho de 2021<\/time><\/li>\n<li><a class=\"wp-block-latest-posts__post-title\" href=\"https:\/\/uncme.org.br\/inicio\/blog\/educacao-em-movimento\/\">Educa\u00e7\u00e3o em Movimento<\/a><time datetime=\"2021-06-17T23:25:11-03:00\" class=\"wp-block-latest-posts__post-date\">17 de junho de 2021<\/time><\/li>\n<li><a class=\"wp-block-latest-posts__post-title\" href=\"https:\/\/uncme.org.br\/inicio\/blog\/premio-nacional-de-educacao-21-3-22\/\">Pr\u00eamio Nacional de Educa\u00e7\u00e3o &#8211;  21.3.22<\/a><time datetime=\"2021-06-17T23:22:40-03:00\" class=\"wp-block-latest-posts__post-date\">17 de junho de 2021<\/time><\/li>\n<li><a class=\"wp-block-latest-posts__post-title\" href=\"https:\/\/uncme.org.br\/inicio\/blog\/medida-cautelar-na-acao-direta-de-inconstitucionalidade-6-926-distrito-federal\/\">Medida Cautelar na a\u00e7\u00e3o direta de inconstitucionalidade 6.926 Distrito Federal<\/a><time datetime=\"2021-06-17T23:18:21-03:00\" class=\"wp-block-latest-posts__post-date\">17 de junho de 2021<\/time><\/li>\n<li><a class=\"wp-block-latest-posts__post-title\" href=\"https:\/\/uncme.org.br\/inicio\/blog\/carlos-moore-racismo-sociedade\/\">Carlos Moore &#8211; Racismo &#038; Sociedade<\/a><time datetime=\"2021-06-17T23:13:56-03:00\" class=\"wp-block-latest-posts__post-date\">17 de junho de 2021<\/time><\/li>\n<li><a class=\"wp-block-latest-posts__post-title\" href=\"https:\/\/uncme.org.br\/inicio\/blog\/1a-conferencia-nacional-de-educacao\/\">1\u00aa Confer\u00eancia Nacional de Educa\u00e7\u00e3o<\/a><time datetime=\"2021-06-17T23:08:38-03:00\" class=\"wp-block-latest-posts__post-date\">17 de junho de 2021<\/time><\/li>\n<\/ul>","protected":false},"excerpt":{"rendered":"","protected":false},"author":1,"featured_media":0,"parent":0,"menu_order":0,"comment_status":"closed","ping_status":"closed","template":"","meta":{"tpgb_global_settings":"","footnotes":""},"class_list":["post-5387","page","type-page","status-publish","hentry"],"tpgb_featured_images":null,"tpgb_post_meta_info":{"get_date":"17 de junho de 2022","get_modified_date":"14 de maio de 2024","author_name":"jesserfidelisjr","author_url":"https:\/\/uncme.org.br\/inicio\/blog\/author\/jesserfidelisjr\/","author_email":"jesserfidelisjr@gmail.com","author_website":"https:\/\/uncme.org.br\/inicio","author_description":"","author_facebook":"","author_twitter":"","author_instagram":"","author_role":["administrator"],"author_firstname":"","author_lastname":"","user_login":"jesserfidelisjr","author_avatar":"<img alt='' src='https:\/\/secure.gravatar.com\/avatar\/a4419674b8d420fd879a0ccedfe14621541a70ceaabcc8114bf0101af11850bb?s=200&#038;d=mm&#038;r=g' srcset='https:\/\/secure.gravatar.com\/avatar\/a4419674b8d420fd879a0ccedfe14621541a70ceaabcc8114bf0101af11850bb?s=400&#038;d=mm&#038;r=g 2x' class='avatar avatar-200 photo' height='200' width='200' decoding='async'\/>","author_avatar_url":"https:\/\/secure.gravatar.com\/avatar\/a4419674b8d420fd879a0ccedfe14621541a70ceaabcc8114bf0101af11850bb?s=96&d=mm&r=g","comment_count":0,"post_likes":0,"post_views":0},"tpgb_post_category":[],"blog_post_layout_featured_media_urls":{"thumbnail":"","full":""},"categories_names":null,"comments_number":"0","wpmagazine_modules_lite_featured_media_urls":{"thumbnail":"","cvmm-medium":"","cvmm-medium-plus":"","cvmm-portrait":"","cvmm-medium-square":"","cvmm-large":"","cvmm-small":"","full":""},"_links":{"self":[{"href":"https:\/\/uncme.org.br\/inicio\/wp-json\/wp\/v2\/pages\/5387","targetHints":{"allow":["GET"]}}],"collection":[{"href":"https:\/\/uncme.org.br\/inicio\/wp-json\/wp\/v2\/pages"}],"about":[{"href":"https:\/\/uncme.org.br\/inicio\/wp-json\/wp\/v2\/types\/page"}],"author":[{"embeddable":true,"href":"https:\/\/uncme.org.br\/inicio\/wp-json\/wp\/v2\/users\/1"}],"replies":[{"embeddable":true,"href":"https:\/\/uncme.org.br\/inicio\/wp-json\/wp\/v2\/comments?post=5387"}],"version-history":[{"count":3,"href":"https:\/\/uncme.org.br\/inicio\/wp-json\/wp\/v2\/pages\/5387\/revisions"}],"predecessor-version":[{"id":9305,"href":"https:\/\/uncme.org.br\/inicio\/wp-json\/wp\/v2\/pages\/5387\/revisions\/9305"}],"wp:attachment":[{"href":"https:\/\/uncme.org.br\/inicio\/wp-json\/wp\/v2\/media?parent=5387"}],"curies":[{"name":"wp","href":"https:\/\/api.w.org\/{rel}","templated":true}]}}