{"id":7144,"date":"2023-03-10T10:28:31","date_gmt":"2023-03-10T13:28:31","guid":{"rendered":"https:\/\/uncme.org.br\/inicio\/?page_id=7144"},"modified":"2025-09-02T09:42:50","modified_gmt":"2025-09-02T12:42:50","slug":"encontros-nacionais","status":"publish","type":"page","link":"https:\/\/uncme.org.br\/inicio\/encontros-nacionais\/","title":{"rendered":"Encontros Nacionais"},"content":{"rendered":"\n<p><a href=\"https:\/\/uncme.org.br\/encme2024\/\" target=\"_blank\" rel=\"noopener\" title=\"\">XXXIV Encontro Nacional dos CMEs<\/a><br>Tema: <strong>&#8220;<strong>Conselhos Municipais da Educa\u00e7\u00e3o, um olhar para o pr\u00f3ximo dec\u00eanio: Educa\u00e7\u00e3o Inclusiva, Equidade, Justi\u00e7a e Qualidade Social, Financiamento e Infraestrutura.<\/strong>&#8221; <\/strong><br>per\u00edodo de 26 a 28\/11\/2025 &#8211; Fortaleza\/CE<\/p>\n\n\n\n<p><a href=\"https:\/\/uncme.org.br\/encme2024\/\" target=\"_blank\" rel=\"noopener\" title=\"\">XXXIII Encontro Nacional dos CMEs<\/a><br>Tema: <strong>&#8220;Sistema Nacional de Educa\u00e7\u00e3o o e PNE: uma prioridade urgente para os Conselhos Municipais da Educa\u00e7\u00e3o<\/strong>.<strong>&#8221; <\/strong><br>per\u00edodo de 20 a 23\/08\/2024 &#8211; Itapetininga\/SP<\/p>\n\n\n\n<p><a href=\"https:\/\/uncme.org.br\/viforum2024\/\" target=\"_blank\" rel=\"noopener\" title=\"\">VI F\u00f3rum Nacional dos Presidentes Nacional de Presidentes dos Conselhos Municipais de Educa\u00e7\u00e3o<\/a><br>Tema: <strong>&#8220;Plano Nacional de Educa\u00e7\u00e3o 2024-2034: desafios e perspectivas<\/strong>.<strong>&#8221; <\/strong><br>per\u00edodo de 05 a 07\/06\/2024 &#8211; Atalaia, Aracaju\/SE<br> <br><a href=\"https:\/\/uncme.org.br\/encme2023\/\" target=\"_blank\" rel=\"noopener\" title=\"\">XXXII Encontro Nacional dos CMEs<\/a><br>Tema: <strong>&#8220;Conselhos da Educa\u00e7\u00e3o: ressignificados para uma nova d\u00e9cada.&#8221; <\/strong><br>per\u00edodo de 07 a 10\/11\/2023 &#8211; Nova Petr\u00f3polis\/RS<\/p>\n\n\n\n<p><a href=\"https:\/\/uncme.org.br\/vforum2023\/\" target=\"_blank\" rel=\"noreferrer noopener\">V F\u00f3rum Nacional dos Presidentes Nacional de Presidentes dos Conselhos Municipais de Educa\u00e7\u00e3o<\/a><br>Tema: <strong>Sistema Nacional de Educa\u00e7\u00e3o uma necessidade urgente. <\/strong><br><strong>A import\u00e2ncia dos CACS FUNDEB: Financiamento dos Sistemas Municipais de Educa\u00e7\u00e3o.<\/strong><br>per\u00edodo de 12 a 14\/04\/2023 &#8211; S\u00e3o Jos\u00e9 dos Pinhais\/PR<\/p>\n\n\n\n<p><a rel=\"noreferrer noopener\" href=\"https:\/\/uncme.org.br\/encme2022\/\" target=\"_blank\">XXXI Encontro Nacional dos Conselhos Municipais de Educa\u00e7\u00e3o<\/a><br>Tema: <strong>Constru\u00e7\u00e3o de novas perspectivas para a Educa\u00e7\u00e3o Brasileira: Democracia e Direito de aprendizagem nos Sistemas de Ensino, 30 anos de hist\u00f3rias da UNCME Nacional.<\/strong><br>Per\u00edodo de 16 a 19\/11\/2022 &#8211; Cabo de Santo Agostinho\/PE<\/p>\n\n\n\n<p><a rel=\"noreferrer noopener\" href=\"https:\/\/uncme.org.br\/inicio\/ivforumnacionaldospresidentesdoscme2022\/\" target=\"_blank\">IV F\u00f3rum Nacional dos Presidentes Nacional de Presidentes dos Conselhos Municipais de Educa\u00e7\u00e3o<\/a><br>Tema: <strong>Funcionamento pleno dos Conselhos de Educa\u00e7\u00e3o no P\u00f3s Pandemia. <\/strong><br>Per\u00edodo de 07 a 08\/07\/2022 &#8211; Aracaju\/SE<\/p>\n\n\n\n<p><a rel=\"noreferrer noopener\" href=\"https:\/\/uncme.org.br\/inicio\/xxx-encontro-nacional-cme\/\" target=\"_blank\">XXX Encontro Nacional dos Conselhos Municipais de Educa\u00e7\u00e3o<\/a><br>Tema: <strong>Planejando a Educa\u00e7\u00e3o da pr\u00f3xima d\u00e9cada<\/strong><br>Per\u00edodo de 08 a 10\/12\/2021 &#8211; SINOP\/MT<\/p>\n","protected":false},"excerpt":{"rendered":"<p>XXXIV Encontro Nacional dos CMEsTema: &#8220;Conselhos Municipais da Educa\u00e7\u00e3o, um olhar para o pr\u00f3ximo dec\u00eanio: Educa\u00e7\u00e3o Inclusiva, Equidade, Justi\u00e7a e Qualidade Social, Financiamento e Infraestrutura.&#8221; per\u00edodo de 26 a 28\/11\/2025 &#8211; Fortaleza\/CE XXXIII Encontro Nacional dos CMEsTema: &#8220;Sistema Nacional de Educa\u00e7\u00e3o o e PNE: uma prioridade urgente para os Conselhos Municipais da Educa\u00e7\u00e3o.&#8221; per\u00edodo de [&hellip;]<\/p>\n","protected":false},"author":1,"featured_media":0,"parent":0,"menu_order":0,"comment_status":"closed","ping_status":"closed","template":"","meta":{"tpgb_global_settings":"","footnotes":""},"class_list":["post-7144","page","type-page","status-publish","hentry"],"tpgb_featured_images":null,"tpgb_post_meta_info":{"get_date":"10 de mar\u00e7o de 2023","get_modified_date":"2 de setembro de 2025","author_name":"jesserfidelisjr","author_url":"https:\/\/uncme.org.br\/inicio\/blog\/author\/jesserfidelisjr\/","author_email":"jesserfidelisjr@gmail.com","author_website":"https:\/\/uncme.org.br\/inicio","author_description":"","author_facebook":"","author_twitter":"","author_instagram":"","author_role":["administrator"],"author_firstname":"","author_lastname":"","user_login":"jesserfidelisjr","author_avatar":"<img alt='' src='https:\/\/secure.gravatar.com\/avatar\/a4419674b8d420fd879a0ccedfe14621541a70ceaabcc8114bf0101af11850bb?s=200&#038;d=mm&#038;r=g' srcset='https:\/\/secure.gravatar.com\/avatar\/a4419674b8d420fd879a0ccedfe14621541a70ceaabcc8114bf0101af11850bb?s=400&#038;d=mm&#038;r=g 2x' class='avatar avatar-200 photo' height='200' width='200' decoding='async'\/>","author_avatar_url":"https:\/\/secure.gravatar.com\/avatar\/a4419674b8d420fd879a0ccedfe14621541a70ceaabcc8114bf0101af11850bb?s=96&d=mm&r=g","comment_count":0,"post_likes":0,"post_views":0},"tpgb_post_category":[],"blog_post_layout_featured_media_urls":{"thumbnail":"","full":""},"categories_names":null,"comments_number":"0","wpmagazine_modules_lite_featured_media_urls":{"thumbnail":"","cvmm-medium":"","cvmm-medium-plus":"","cvmm-portrait":"","cvmm-medium-square":"","cvmm-large":"","cvmm-small":"","full":""},"_links":{"self":[{"href":"https:\/\/uncme.org.br\/inicio\/wp-json\/wp\/v2\/pages\/7144","targetHints":{"allow":["GET"]}}],"collection":[{"href":"https:\/\/uncme.org.br\/inicio\/wp-json\/wp\/v2\/pages"}],"about":[{"href":"https:\/\/uncme.org.br\/inicio\/wp-json\/wp\/v2\/types\/page"}],"author":[{"embeddable":true,"href":"https:\/\/uncme.org.br\/inicio\/wp-json\/wp\/v2\/users\/1"}],"replies":[{"embeddable":true,"href":"https:\/\/uncme.org.br\/inicio\/wp-json\/wp\/v2\/comments?post=7144"}],"version-history":[{"count":7,"href":"https:\/\/uncme.org.br\/inicio\/wp-json\/wp\/v2\/pages\/7144\/revisions"}],"predecessor-version":[{"id":11848,"href":"https:\/\/uncme.org.br\/inicio\/wp-json\/wp\/v2\/pages\/7144\/revisions\/11848"}],"wp:attachment":[{"href":"https:\/\/uncme.org.br\/inicio\/wp-json\/wp\/v2\/media?parent=7144"}],"curies":[{"name":"wp","href":"https:\/\/api.w.org\/{rel}","templated":true}]}}