{"id":9278,"date":"2024-05-06T13:55:58","date_gmt":"2024-05-06T16:55:58","guid":{"rendered":"https:\/\/uncme.org.br\/inicio\/?page_id=9278"},"modified":"2024-05-06T13:58:04","modified_gmt":"2024-05-06T16:58:04","slug":"oficio-circular","status":"publish","type":"page","link":"https:\/\/uncme.org.br\/inicio\/oficio-circular\/","title":{"rendered":"Of\u00edcio Circular"},"content":{"rendered":"<ul class=\"wp-block-latest-posts__list wp-block-latest-posts\"><li><a class=\"wp-block-latest-posts__post-title\" href=\"https:\/\/uncme.org.br\/inicio\/blog\/circular-de-prorrogacao-de-inscricao\/\">CIRCULAR DE PRORROGA\u00c7\u00c3O DE INSCRI\u00c7\u00c3O<\/a><\/li>\n<\/ul>","protected":false},"excerpt":{"rendered":"","protected":false},"author":1,"featured_media":0,"parent":0,"menu_order":0,"comment_status":"closed","ping_status":"closed","template":"","meta":{"tpgb_global_settings":"","footnotes":""},"class_list":["post-9278","page","type-page","status-publish","hentry"],"tpgb_featured_images":null,"tpgb_post_meta_info":{"get_date":"6 de maio de 2024","get_modified_date":"6 de maio de 2024","author_name":"jesserfidelisjr","author_url":"https:\/\/uncme.org.br\/inicio\/blog\/author\/jesserfidelisjr\/","author_email":"jesserfidelisjr@gmail.com","author_website":"https:\/\/uncme.org.br\/inicio","author_description":"","author_facebook":"","author_twitter":"","author_instagram":"","author_role":["administrator"],"author_firstname":"","author_lastname":"","user_login":"jesserfidelisjr","author_avatar":"<img alt='' src='https:\/\/secure.gravatar.com\/avatar\/a4419674b8d420fd879a0ccedfe14621541a70ceaabcc8114bf0101af11850bb?s=200&#038;d=mm&#038;r=g' srcset='https:\/\/secure.gravatar.com\/avatar\/a4419674b8d420fd879a0ccedfe14621541a70ceaabcc8114bf0101af11850bb?s=400&#038;d=mm&#038;r=g 2x' class='avatar avatar-200 photo' height='200' width='200' decoding='async'\/>","author_avatar_url":"https:\/\/secure.gravatar.com\/avatar\/a4419674b8d420fd879a0ccedfe14621541a70ceaabcc8114bf0101af11850bb?s=96&d=mm&r=g","comment_count":0,"post_likes":0,"post_views":0},"tpgb_post_category":[],"blog_post_layout_featured_media_urls":{"thumbnail":"","full":""},"categories_names":null,"comments_number":"0","wpmagazine_modules_lite_featured_media_urls":{"thumbnail":"","cvmm-medium":"","cvmm-medium-plus":"","cvmm-portrait":"","cvmm-medium-square":"","cvmm-large":"","cvmm-small":"","full":""},"_links":{"self":[{"href":"https:\/\/uncme.org.br\/inicio\/wp-json\/wp\/v2\/pages\/9278","targetHints":{"allow":["GET"]}}],"collection":[{"href":"https:\/\/uncme.org.br\/inicio\/wp-json\/wp\/v2\/pages"}],"about":[{"href":"https:\/\/uncme.org.br\/inicio\/wp-json\/wp\/v2\/types\/page"}],"author":[{"embeddable":true,"href":"https:\/\/uncme.org.br\/inicio\/wp-json\/wp\/v2\/users\/1"}],"replies":[{"embeddable":true,"href":"https:\/\/uncme.org.br\/inicio\/wp-json\/wp\/v2\/comments?post=9278"}],"version-history":[{"count":2,"href":"https:\/\/uncme.org.br\/inicio\/wp-json\/wp\/v2\/pages\/9278\/revisions"}],"predecessor-version":[{"id":9280,"href":"https:\/\/uncme.org.br\/inicio\/wp-json\/wp\/v2\/pages\/9278\/revisions\/9280"}],"wp:attachment":[{"href":"https:\/\/uncme.org.br\/inicio\/wp-json\/wp\/v2\/media?parent=9278"}],"curies":[{"name":"wp","href":"https:\/\/api.w.org\/{rel}","templated":true}]}}