{"id":9314,"date":"2024-05-16T09:28:48","date_gmt":"2024-05-16T12:28:48","guid":{"rendered":"https:\/\/uncme.org.br\/inicio\/?page_id=9314"},"modified":"2024-05-16T09:28:49","modified_gmt":"2024-05-16T12:28:49","slug":"eventos","status":"publish","type":"page","link":"https:\/\/uncme.org.br\/inicio\/eventos\/","title":{"rendered":"Eventos"},"content":{"rendered":"\n<p><a href=\"https:\/\/uncme.org.br\/inicio\/encontros-nacionais\/\" title=\"Encontros Nacional\">Encontros Nacional<\/a><br>F\u00f3rum de Presidentes<br>Semin\u00e1rio CACS-FUNDEB<br>Elei\u00e7\u00f5es<br><a href=\"https:\/\/uncme.org.br\/inicio\/palestras\/\" title=\"\">Palestras dos Eventos<\/a><\/p>\n","protected":false},"excerpt":{"rendered":"<p>Encontros NacionalF\u00f3rum de PresidentesSemin\u00e1rio CACS-FUNDEBElei\u00e7\u00f5esPalestras dos Eventos<\/p>\n","protected":false},"author":1,"featured_media":0,"parent":0,"menu_order":0,"comment_status":"closed","ping_status":"closed","template":"","meta":{"tpgb_global_settings":"","footnotes":""},"class_list":["post-9314","page","type-page","status-publish","hentry"],"tpgb_featured_images":null,"tpgb_post_meta_info":{"get_date":"16 de maio de 2024","get_modified_date":"16 de maio de 2024","author_name":"jesserfidelisjr","author_url":"https:\/\/uncme.org.br\/inicio\/blog\/author\/jesserfidelisjr\/","author_email":"jesserfidelisjr@gmail.com","author_website":"https:\/\/uncme.org.br\/inicio","author_description":"","author_facebook":"","author_twitter":"","author_instagram":"","author_role":["administrator"],"author_firstname":"","author_lastname":"","user_login":"jesserfidelisjr","author_avatar":"<img alt='' src='https:\/\/secure.gravatar.com\/avatar\/a4419674b8d420fd879a0ccedfe14621541a70ceaabcc8114bf0101af11850bb?s=200&#038;d=mm&#038;r=g' srcset='https:\/\/secure.gravatar.com\/avatar\/a4419674b8d420fd879a0ccedfe14621541a70ceaabcc8114bf0101af11850bb?s=400&#038;d=mm&#038;r=g 2x' class='avatar avatar-200 photo' height='200' width='200' decoding='async'\/>","author_avatar_url":"https:\/\/secure.gravatar.com\/avatar\/a4419674b8d420fd879a0ccedfe14621541a70ceaabcc8114bf0101af11850bb?s=96&d=mm&r=g","comment_count":0,"post_likes":0,"post_views":0},"tpgb_post_category":[],"blog_post_layout_featured_media_urls":{"thumbnail":"","full":""},"categories_names":null,"comments_number":"0","wpmagazine_modules_lite_featured_media_urls":{"thumbnail":"","cvmm-medium":"","cvmm-medium-plus":"","cvmm-portrait":"","cvmm-medium-square":"","cvmm-large":"","cvmm-small":"","full":""},"_links":{"self":[{"href":"https:\/\/uncme.org.br\/inicio\/wp-json\/wp\/v2\/pages\/9314","targetHints":{"allow":["GET"]}}],"collection":[{"href":"https:\/\/uncme.org.br\/inicio\/wp-json\/wp\/v2\/pages"}],"about":[{"href":"https:\/\/uncme.org.br\/inicio\/wp-json\/wp\/v2\/types\/page"}],"author":[{"embeddable":true,"href":"https:\/\/uncme.org.br\/inicio\/wp-json\/wp\/v2\/users\/1"}],"replies":[{"embeddable":true,"href":"https:\/\/uncme.org.br\/inicio\/wp-json\/wp\/v2\/comments?post=9314"}],"version-history":[{"count":1,"href":"https:\/\/uncme.org.br\/inicio\/wp-json\/wp\/v2\/pages\/9314\/revisions"}],"predecessor-version":[{"id":9317,"href":"https:\/\/uncme.org.br\/inicio\/wp-json\/wp\/v2\/pages\/9314\/revisions\/9317"}],"wp:attachment":[{"href":"https:\/\/uncme.org.br\/inicio\/wp-json\/wp\/v2\/media?parent=9314"}],"curies":[{"name":"wp","href":"https:\/\/api.w.org\/{rel}","templated":true}]}}