{"id":34,"date":"2022-09-20T15:21:25","date_gmt":"2022-09-20T15:21:25","guid":{"rendered":"https:\/\/uncme.org.br\/pa\/home\/"},"modified":"2022-09-27T03:35:42","modified_gmt":"2022-09-27T03:35:42","slug":"home","status":"publish","type":"page","link":"https:\/\/uncme.org.br\/pa\/","title":{"rendered":"P\u00e1gina Inicial"},"content":{"rendered":"\n\n\n\n\n\n\n<h2>SOBRE N\u00d3S<\/h2>\n\n<p><span style= font-family: &quot;Open Sans&quot;, serif; font-size: 16px; font-style: normal; font-variant-ligatures: normal; font-variant-caps: normal; font-weight: 400; text-align: justify; background-color: rgb(255, 255, 255);\">A Uni\u00e3o Nacional dos Conselhos Municipais de Educa\u00e7\u00e3o \u2013 UNCME, entidade representativa dos Conselhos Municipais de Educa\u00e7\u00e3o, criada em 1992 e organizada em todos os estados brasileiros com a finalidade de incentivar e orientar a cria\u00e7\u00e3o e o funcionamento destes colegiados, pauta a sua atua\u00e7\u00e3o nos princ\u00edpios da universaliza\u00e7\u00e3o do direito \u00e0 educa\u00e7\u00e3o, da gest\u00e3o democr\u00e1tica da pol\u00edtica educacional e da inclus\u00e3o social.<\/span><br><\/p>\n\n\n\n\n\n<h2>APRESENTA\u00c7\u00c3O<\/h2>\n\n<p style=\"font-variant-ligatures: normal; font-variant-caps: normal; font-family: &quot;Open Sans&quot;, serif; font-style: normal; margin-bottom: 15px;   text-align: justify;\"><font style=\"vertical-align: inherit;\"><strong><font style=\"vertical-align: inherit;\">Art. <\/font><font style=\"vertical-align: inherit;\">1\u00b0<\/font><\/strong><\/font><\/p><p style=\"font-variant-ligatures: normal; font-variant-caps: normal; font-family: &quot;Open Sans&quot;, serif; font-style: normal; font-weight: 400; margin-bottom: 15px; color: rgb(122, 122, 122);  text-align: justify;\"><font style=\"vertical-align: inherit;\"><font style=\"vertical-align: inherit;\">A Uni\u00e3o Nacional dos Conselhos Municipais de Educa\u00e7\u00e3o, doravante denominada UNCME, entidade de direito privado nacional, sem fins lucrativos, com sede e foro no Distrito Federal, \u00e9 um \u00f3rg\u00e3o de representa\u00e7\u00e3o dos Conselhos Municipais de Educa\u00e7\u00e3o dos munic\u00edpios brasileiros.<\/font><\/font><\/p>\n\n\n\n\n\n\n\n\n\n<h2>XII Encontro Estadual Uncme Par\u00e1<\/h2>\n<h3><font color=\"#444444\" face=\"Open Sans, serif\"><span style=\"font-size: 16px;\">&nbsp;TEMA: &#8220;Democracia e Educa\u00e7\u00e3o: o protagonismo dos Conselhos Municipais de Educa\u00e7\u00e3o no Estado do Par\u00e1&#8221;<\/span><\/font><br><\/h3>\n\n\n\n\n\n\n\n\n\n\n\n\n\n\n\n\n<h2>PROGRAMA\u00c7\u00c3O<\/h2>\n\n<p><font style=\"vertical-align: inherit;\"><font style=\"vertical-align: inherit;\"><font style=\"vertical-align: inherit;\"><font style=\"vertical-align: inherit;\">De 20 e 21 de Outubro de 2022<\/font><\/font><\/font><\/font><\/p>\n\n\n\n\n\n\n\n\n\n\n\n\n\n<p style=\"text-align: center;\"><span style=\"font-size: 16px;\"><font style=\"vertical-align: inherit;\"><font style=\"vertical-align: inherit;\">Local: Universidade da Amaz\u00f4nia (UNAMA)<br><\/font><\/font><\/span><font style=\"font-variant-ligatures: normal; font-variant-caps: normal; font-family: Poppins; font-size: 16px; font-style: normal; font-weight: 400; vertical-align: inherit;\">Av.&nbsp;<\/font><font style=\"font-variant-ligatures: normal; font-variant-caps: normal; font-family: Poppins; font-size: 16px; font-style: normal; font-weight: 400; vertical-align: inherit;\">Alcindo Cacela, 287. Audit\u00f3rio David Mufarrej.&nbsp;<\/font><font style=\"font-variant-ligatures: normal; font-variant-caps: normal; font-family: Poppins; font-size: 16px; font-style: normal; font-weight: 400; vertical-align: inherit;\">Bairro Umarizal \u2013 Bel\u00e9m\/Pa.<\/font><span style=\"font-size: 16px;\"><font style=\"vertical-align: inherit;\"><font style=\"vertical-align: inherit;\"><br><\/font><\/font><\/span><\/p>\n\n\n\n\n{&#8220;title&#8221;:&#8221;Postagens recentes&#8221;,&#8221;number&#8221;:&#8221;5&#8243;,&#8221;show_date&#8221;:&#8221;1&#8243;}\n\n\n","protected":false},"excerpt":{"rendered":"","protected":false},"author":1,"featured_media":0,"parent":0,"menu_order":0,"comment_status":"closed","ping_status":"closed","template":"","meta":{"pagelayer_contact_templates":[],"_pagelayer_content":"","footnotes":""},"class_list":["post-34","page","type-page","status-publish","hentry"],"_links":{"self":[{"href":"https:\/\/uncme.org.br\/pa\/wp-json\/wp\/v2\/pages\/34","targetHints":{"allow":["GET"]}}],"collection":[{"href":"https:\/\/uncme.org.br\/pa\/wp-json\/wp\/v2\/pages"}],"about":[{"href":"https:\/\/uncme.org.br\/pa\/wp-json\/wp\/v2\/types\/page"}],"author":[{"embeddable":true,"href":"https:\/\/uncme.org.br\/pa\/wp-json\/wp\/v2\/users\/1"}],"replies":[{"embeddable":true,"href":"https:\/\/uncme.org.br\/pa\/wp-json\/wp\/v2\/comments?post=34"}],"version-history":[{"count":13,"href":"https:\/\/uncme.org.br\/pa\/wp-json\/wp\/v2\/pages\/34\/revisions"}],"predecessor-version":[{"id":134,"href":"https:\/\/uncme.org.br\/pa\/wp-json\/wp\/v2\/pages\/34\/revisions\/134"}],"wp:attachment":[{"href":"https:\/\/uncme.org.br\/pa\/wp-json\/wp\/v2\/media?parent=34"}],"curies":[{"name":"wp","href":"https:\/\/api.w.org\/{rel}","templated":true}]}}