{"id":35,"date":"2022-09-20T15:21:25","date_gmt":"2022-09-20T15:21:25","guid":{"rendered":"https:\/\/uncme.org.br\/pa\/about\/"},"modified":"2022-09-22T03:27:31","modified_gmt":"2022-09-22T03:27:31","slug":"about","status":"publish","type":"page","link":"https:\/\/uncme.org.br\/pa\/about\/","title":{"rendered":"Sobre"},"content":{"rendered":"\n\n\n\n\n\n\n<h3>SECCIONAL PAR\u00c1<\/h3>\n\n<p><strong>Art. 1\u00b0<\/strong>&nbsp;A Uni\u00e3o Nacional dos Conselhos Municipais de Educa\u00e7\u00e3o, doravante denominada UNCME, entidade de direito privado, sem fins lucrativos, com sede e foro no Distrito Federal, \u00e9 \u00f3rg\u00e3o de representa\u00e7\u00e3o nacional dos Conselhos Municipais de Educa\u00e7\u00e3o dos munic\u00edpios brasileiros.\n <br><br><strong>\nPar\u00e1grafo \u00fanico<\/strong>: Haver\u00e1 um escrit\u00f3rio de representa\u00e7\u00e3o da entidade no Estado de cujo Conselho Municipal de Educa\u00e7\u00e3o for eleito o Presidente da UNCME.\n<br><br><strong>\nArt. 2<\/strong>\u00b0 A entidade organizar-se-\u00e1 em todos os Estados brasileiros e, em cada um deles, adotar\u00e1 o nome de UNCME, acrescido da sigla do respectivo Estado..<\/p>\n\n\n\n\n<h2>DIRETORIA<\/h2>\n\n<p><br><\/p>\n\n\n\n\n<p>Coordenadora Estadual<\/p>\n\n\n<p>Secret\u00e1ria Executiva<\/p>\n\n\n<p>Assessoramento Coordena\u00e7\u00e3o Estadual&nbsp;<\/p>\n\n\n\n\n<p>Diretoria de Legisla\u00e7\u00e3o e Normas&nbsp;<\/p>\n\n\n<p>Diretoria de Comunica\u00e7\u00e3o<\/p>\n\n\n<p>Diretoria de Forma\u00e7\u00e3o<\/p>\n\n\n\n\n<p>Diretoria Financeira<\/p>\n\n\n<p>Conselho Fiscal<\/p>\n\n\n\n\n","protected":false},"excerpt":{"rendered":"","protected":false},"author":0,"featured_media":0,"parent":0,"menu_order":0,"comment_status":"closed","ping_status":"closed","template":"","meta":{"pagelayer_contact_templates":[],"_pagelayer_content":"","footnotes":""},"class_list":["post-35","page","type-page","status-publish","hentry"],"_links":{"self":[{"href":"https:\/\/uncme.org.br\/pa\/wp-json\/wp\/v2\/pages\/35","targetHints":{"allow":["GET"]}}],"collection":[{"href":"https:\/\/uncme.org.br\/pa\/wp-json\/wp\/v2\/pages"}],"about":[{"href":"https:\/\/uncme.org.br\/pa\/wp-json\/wp\/v2\/types\/page"}],"replies":[{"embeddable":true,"href":"https:\/\/uncme.org.br\/pa\/wp-json\/wp\/v2\/comments?post=35"}],"version-history":[{"count":4,"href":"https:\/\/uncme.org.br\/pa\/wp-json\/wp\/v2\/pages\/35\/revisions"}],"predecessor-version":[{"id":74,"href":"https:\/\/uncme.org.br\/pa\/wp-json\/wp\/v2\/pages\/35\/revisions\/74"}],"wp:attachment":[{"href":"https:\/\/uncme.org.br\/pa\/wp-json\/wp\/v2\/media?parent=35"}],"curies":[{"name":"wp","href":"https:\/\/api.w.org\/{rel}","templated":true}]}}