{"id":35,"date":"2020-10-12T10:27:07","date_gmt":"2020-10-12T13:27:07","guid":{"rendered":"https:\/\/uncme.org.br\/novo\/uncmers\/?page_id=35"},"modified":"2025-07-24T09:54:58","modified_gmt":"2025-07-24T12:54:58","slug":"documentos-2","status":"publish","type":"page","link":"https:\/\/uncme.org.br\/rs\/documentos-2\/","title":{"rendered":"Documentos"},"content":{"rendered":"\t\t<div data-elementor-type=\"wp-page\" data-elementor-id=\"35\" class=\"elementor elementor-35\">\n\t\t\t\t\t\t<section class=\"elementor-section elementor-top-section elementor-element elementor-element-e2aa40a elementor-section-stretched elementor-section-boxed elementor-section-height-default elementor-section-height-default jltma-glass-effect-no\" data-id=\"e2aa40a\" data-element_type=\"section\" data-settings=\"{&quot;stretch_section&quot;:&quot;section-stretched&quot;}\">\n\t\t\t\t\t\t<div class=\"elementor-container elementor-column-gap-default\">\n\t\t\t\t\t<div class=\"elementor-column elementor-col-100 elementor-top-column elementor-element elementor-element-1aa8ecf jltma-glass-effect-no\" data-id=\"1aa8ecf\" data-element_type=\"column\">\n\t\t\t<div class=\"elementor-widget-wrap elementor-element-populated\">\n\t\t\t\t\t\t<div class=\"elementor-element elementor-element-85ea736 jltma-glass-effect-no elementor-widget elementor-widget-heading\" data-id=\"85ea736\" data-element_type=\"widget\" data-widget_type=\"heading.default\">\n\t\t\t\t<div class=\"elementor-widget-container\">\n\t\t\t\t\t<h5 class=\"elementor-heading-title elementor-size-default\">Documentos<\/h5>\t\t\t\t<\/div>\n\t\t\t\t<\/div>\n\t\t\t\t\t<\/div>\n\t\t<\/div>\n\t\t\t\t\t<\/div>\n\t\t<\/section>\n\t\t\t\t<section class=\"elementor-section elementor-top-section elementor-element elementor-element-d5d236f elementor-section-stretched elementor-section-boxed elementor-section-height-default elementor-section-height-default jltma-glass-effect-no\" data-id=\"d5d236f\" data-element_type=\"section\" data-settings=\"{&quot;stretch_section&quot;:&quot;section-stretched&quot;}\">\n\t\t\t\t\t\t<div class=\"elementor-container elementor-column-gap-default\">\n\t\t\t\t\t<div class=\"elementor-column elementor-col-100 elementor-top-column elementor-element elementor-element-d3df5cc jltma-glass-effect-no\" data-id=\"d3df5cc\" data-element_type=\"column\">\n\t\t\t<div class=\"elementor-widget-wrap elementor-element-populated\">\n\t\t\t\t\t\t<div class=\"elementor-element elementor-element-86f6130 jltma-glass-effect-no elementor-widget elementor-widget-text-editor\" data-id=\"86f6130\" data-element_type=\"widget\" data-widget_type=\"text-editor.default\">\n\t\t\t\t<div class=\"elementor-widget-container\">\n\t\t\t\t\t\t\t\t\t<p style=\"text-align: justify\">A UNCME-RS elabora documentos para orientar todos os Conselhos, os atuantes e os que ainda est\u00e3o sendo estruturados. Abaixo voc\u00ea pode acessar algumas orienta\u00e7\u00f5es para os Conselhos Municipais de Educa\u00e7\u00e3o, emitidas por nossa entidade ou outras:<\/p>\t\t\t\t\t\t\t\t<\/div>\n\t\t\t\t<\/div>\n\t\t\t\t\t<\/div>\n\t\t<\/div>\n\t\t\t\t\t<\/div>\n\t\t<\/section>\n\t\t\t\t<section class=\"elementor-section elementor-top-section elementor-element elementor-element-2db66e7 elementor-section-stretched elementor-section-boxed elementor-section-height-default elementor-section-height-default jltma-glass-effect-no\" data-id=\"2db66e7\" data-element_type=\"section\" data-settings=\"{&quot;stretch_section&quot;:&quot;section-stretched&quot;}\">\n\t\t\t\t\t\t<div class=\"elementor-container elementor-column-gap-default\">\n\t\t\t\t\t<div class=\"elementor-column elementor-col-25 elementor-top-column elementor-element elementor-element-d273df2 jltma-glass-effect-no\" data-id=\"d273df2\" data-element_type=\"column\">\n\t\t\t<div class=\"elementor-widget-wrap elementor-element-populated\">\n\t\t\t\t\t\t<div class=\"elementor-element elementor-element-0fa873e jltma-glass-effect-no elementor-widget elementor-widget-image\" data-id=\"0fa873e\" data-element_type=\"widget\" data-widget_type=\"image.default\">\n\t\t\t\t<div class=\"elementor-widget-container\">\n\t\t\t\t\t\t\t\t\t\t\t\t\t\t\t\t<a href=\"https:\/\/uncme.org.br\/rs\/blog\/2025\/04\/24\/editais\/\">\n\t\t\t\t\t\t\t<img fetchpriority=\"high\" decoding=\"async\" width=\"300\" height=\"300\" src=\"https:\/\/uncme.org.br\/rs\/wp-content\/uploads\/2025\/07\/EDITAIS.png\" class=\"attachment-large size-large wp-image-6639\" alt=\"\" srcset=\"https:\/\/uncme.org.br\/rs\/wp-content\/uploads\/2025\/07\/EDITAIS.png 300w, https:\/\/uncme.org.br\/rs\/wp-content\/uploads\/2025\/07\/EDITAIS-150x150.png 150w\" sizes=\"(max-width: 300px) 100vw, 300px\" \/>\t\t\t\t\t\t\t\t<\/a>\n\t\t\t\t\t\t\t\t\t\t\t\t\t\t\t<\/div>\n\t\t\t\t<\/div>\n\t\t\t\t\t<\/div>\n\t\t<\/div>\n\t\t\t\t<div class=\"elementor-column elementor-col-25 elementor-top-column elementor-element elementor-element-2dbbbfe jltma-glass-effect-no\" data-id=\"2dbbbfe\" data-element_type=\"column\">\n\t\t\t<div class=\"elementor-widget-wrap elementor-element-populated\">\n\t\t\t\t\t\t<div class=\"elementor-element elementor-element-5c8b2af jltma-glass-effect-no elementor-widget elementor-widget-image\" data-id=\"5c8b2af\" data-element_type=\"widget\" data-widget_type=\"image.default\">\n\t\t\t\t<div class=\"elementor-widget-container\">\n\t\t\t\t\t\t\t\t\t\t\t\t\t\t\t\t<a href=\"https:\/\/uncme.org.br\/rs\/blog\/2023\/02\/27\/oficios-em-conjunto\/\">\n\t\t\t\t\t\t\t<img decoding=\"async\" width=\"300\" height=\"300\" src=\"https:\/\/uncme.org.br\/rs\/wp-content\/uploads\/2025\/07\/OFICIOS-EM-CONJUNTO.png\" class=\"attachment-large size-large wp-image-6637\" alt=\"\" srcset=\"https:\/\/uncme.org.br\/rs\/wp-content\/uploads\/2025\/07\/OFICIOS-EM-CONJUNTO.png 300w, https:\/\/uncme.org.br\/rs\/wp-content\/uploads\/2025\/07\/OFICIOS-EM-CONJUNTO-150x150.png 150w\" sizes=\"(max-width: 300px) 100vw, 300px\" \/>\t\t\t\t\t\t\t\t<\/a>\n\t\t\t\t\t\t\t\t\t\t\t\t\t\t\t<\/div>\n\t\t\t\t<\/div>\n\t\t\t\t\t<\/div>\n\t\t<\/div>\n\t\t\t\t<div class=\"elementor-column elementor-col-25 elementor-top-column elementor-element elementor-element-5eee665 jltma-glass-effect-no\" data-id=\"5eee665\" data-element_type=\"column\">\n\t\t\t<div class=\"elementor-widget-wrap elementor-element-populated\">\n\t\t\t\t\t\t<div class=\"elementor-element elementor-element-4f3b1c9 jltma-glass-effect-no elementor-widget elementor-widget-image\" data-id=\"4f3b1c9\" data-element_type=\"widget\" data-widget_type=\"image.default\">\n\t\t\t\t<div class=\"elementor-widget-container\">\n\t\t\t\t\t\t\t\t\t\t\t\t\t\t\t\t<a href=\"https:\/\/uncme.org.br\/rs\/blog\/2023\/02\/27\/orientacoes\/\">\n\t\t\t\t\t\t\t<img decoding=\"async\" width=\"300\" height=\"300\" src=\"https:\/\/uncme.org.br\/rs\/wp-content\/uploads\/2025\/07\/ORIENTACOES.png\" class=\"attachment-large size-large wp-image-6636\" alt=\"\" srcset=\"https:\/\/uncme.org.br\/rs\/wp-content\/uploads\/2025\/07\/ORIENTACOES.png 300w, https:\/\/uncme.org.br\/rs\/wp-content\/uploads\/2025\/07\/ORIENTACOES-150x150.png 150w\" sizes=\"(max-width: 300px) 100vw, 300px\" \/>\t\t\t\t\t\t\t\t<\/a>\n\t\t\t\t\t\t\t\t\t\t\t\t\t\t\t<\/div>\n\t\t\t\t<\/div>\n\t\t\t\t\t<\/div>\n\t\t<\/div>\n\t\t\t\t<div class=\"elementor-column elementor-col-25 elementor-top-column elementor-element elementor-element-2092c46 jltma-glass-effect-no\" data-id=\"2092c46\" data-element_type=\"column\">\n\t\t\t<div class=\"elementor-widget-wrap elementor-element-populated\">\n\t\t\t\t\t\t<div class=\"elementor-element elementor-element-8606d9d jltma-glass-effect-no elementor-widget elementor-widget-image\" data-id=\"8606d9d\" data-element_type=\"widget\" data-widget_type=\"image.default\">\n\t\t\t\t<div class=\"elementor-widget-container\">\n\t\t\t\t\t\t\t\t\t\t\t\t\t\t\t\t<a href=\"https:\/\/uncme.org.br\/rs\/blog\/2023\/02\/27\/manifesto\/\">\n\t\t\t\t\t\t\t<img loading=\"lazy\" decoding=\"async\" width=\"300\" height=\"300\" src=\"https:\/\/uncme.org.br\/rs\/wp-content\/uploads\/2025\/07\/MANIFESTO.png\" class=\"attachment-large size-large wp-image-6635\" alt=\"\" srcset=\"https:\/\/uncme.org.br\/rs\/wp-content\/uploads\/2025\/07\/MANIFESTO.png 300w, https:\/\/uncme.org.br\/rs\/wp-content\/uploads\/2025\/07\/MANIFESTO-150x150.png 150w\" sizes=\"(max-width: 300px) 100vw, 300px\" \/>\t\t\t\t\t\t\t\t<\/a>\n\t\t\t\t\t\t\t\t\t\t\t\t\t\t\t<\/div>\n\t\t\t\t<\/div>\n\t\t\t\t\t<\/div>\n\t\t<\/div>\n\t\t\t\t\t<\/div>\n\t\t<\/section>\n\t\t\t\t<section class=\"elementor-section elementor-top-section elementor-element elementor-element-69ce4d4 elementor-section-stretched elementor-section-boxed elementor-section-height-default elementor-section-height-default jltma-glass-effect-no\" data-id=\"69ce4d4\" data-element_type=\"section\" data-settings=\"{&quot;stretch_section&quot;:&quot;section-stretched&quot;}\">\n\t\t\t\t\t\t<div class=\"elementor-container elementor-column-gap-default\">\n\t\t\t\t\t<div class=\"elementor-column elementor-col-25 elementor-top-column elementor-element elementor-element-bfab893 jltma-glass-effect-no\" data-id=\"bfab893\" data-element_type=\"column\">\n\t\t\t<div class=\"elementor-widget-wrap elementor-element-populated\">\n\t\t\t\t\t\t<div class=\"elementor-element elementor-element-bb70a2d jltma-glass-effect-no elementor-widget elementor-widget-image\" data-id=\"bb70a2d\" data-element_type=\"widget\" data-widget_type=\"image.default\">\n\t\t\t\t<div class=\"elementor-widget-container\">\n\t\t\t\t\t\t\t\t\t\t\t\t\t\t\t\t<a href=\"https:\/\/uncme.org.br\/rs\/blog\/2023\/02\/27\/normativas\/\">\n\t\t\t\t\t\t\t<img loading=\"lazy\" decoding=\"async\" width=\"300\" height=\"300\" src=\"https:\/\/uncme.org.br\/rs\/wp-content\/uploads\/2025\/07\/NORMATIVAS.png\" class=\"attachment-large size-large wp-image-6634\" alt=\"\" srcset=\"https:\/\/uncme.org.br\/rs\/wp-content\/uploads\/2025\/07\/NORMATIVAS.png 300w, https:\/\/uncme.org.br\/rs\/wp-content\/uploads\/2025\/07\/NORMATIVAS-150x150.png 150w\" sizes=\"(max-width: 300px) 100vw, 300px\" \/>\t\t\t\t\t\t\t\t<\/a>\n\t\t\t\t\t\t\t\t\t\t\t\t\t\t\t<\/div>\n\t\t\t\t<\/div>\n\t\t\t\t\t<\/div>\n\t\t<\/div>\n\t\t\t\t<div class=\"elementor-column elementor-col-25 elementor-top-column elementor-element elementor-element-3d35ee7 jltma-glass-effect-no\" data-id=\"3d35ee7\" data-element_type=\"column\">\n\t\t\t<div class=\"elementor-widget-wrap elementor-element-populated\">\n\t\t\t\t\t\t<div class=\"elementor-element elementor-element-111d992 jltma-glass-effect-no elementor-widget elementor-widget-image\" data-id=\"111d992\" data-element_type=\"widget\" data-widget_type=\"image.default\">\n\t\t\t\t<div class=\"elementor-widget-container\">\n\t\t\t\t\t\t\t\t\t\t\t\t\t\t\t\t<a href=\"https:\/\/uncme.org.br\/rs\/blog\/2023\/02\/23\/pareceres\/\">\n\t\t\t\t\t\t\t<img loading=\"lazy\" decoding=\"async\" width=\"300\" height=\"300\" src=\"https:\/\/uncme.org.br\/rs\/wp-content\/uploads\/2025\/07\/PARECERES.png\" class=\"attachment-large size-large wp-image-6643\" alt=\"\" srcset=\"https:\/\/uncme.org.br\/rs\/wp-content\/uploads\/2025\/07\/PARECERES.png 300w, https:\/\/uncme.org.br\/rs\/wp-content\/uploads\/2025\/07\/PARECERES-150x150.png 150w\" sizes=\"(max-width: 300px) 100vw, 300px\" \/>\t\t\t\t\t\t\t\t<\/a>\n\t\t\t\t\t\t\t\t\t\t\t\t\t\t\t<\/div>\n\t\t\t\t<\/div>\n\t\t\t\t\t<\/div>\n\t\t<\/div>\n\t\t\t\t<div class=\"elementor-column elementor-col-25 elementor-top-column elementor-element elementor-element-019c505 jltma-glass-effect-no\" data-id=\"019c505\" data-element_type=\"column\">\n\t\t\t<div class=\"elementor-widget-wrap elementor-element-populated\">\n\t\t\t\t\t\t<div class=\"elementor-element elementor-element-fa3fa1d jltma-glass-effect-no elementor-widget elementor-widget-image\" data-id=\"fa3fa1d\" data-element_type=\"widget\" data-widget_type=\"image.default\">\n\t\t\t\t<div class=\"elementor-widget-container\">\n\t\t\t\t\t\t\t\t\t\t\t\t\t\t\t\t<a href=\"https:\/\/uncme.org.br\/rs\/blog\/2023\/02\/27\/cartas\/\">\n\t\t\t\t\t\t\t<img loading=\"lazy\" decoding=\"async\" width=\"300\" height=\"300\" src=\"https:\/\/uncme.org.br\/rs\/wp-content\/uploads\/2025\/07\/CARTAS.png\" class=\"attachment-large size-large wp-image-6638\" alt=\"\" srcset=\"https:\/\/uncme.org.br\/rs\/wp-content\/uploads\/2025\/07\/CARTAS.png 300w, https:\/\/uncme.org.br\/rs\/wp-content\/uploads\/2025\/07\/CARTAS-150x150.png 150w\" sizes=\"(max-width: 300px) 100vw, 300px\" \/>\t\t\t\t\t\t\t\t<\/a>\n\t\t\t\t\t\t\t\t\t\t\t\t\t\t\t<\/div>\n\t\t\t\t<\/div>\n\t\t\t\t\t<\/div>\n\t\t<\/div>\n\t\t\t\t<div class=\"elementor-column elementor-col-25 elementor-top-column elementor-element elementor-element-06dd31f jltma-glass-effect-no\" data-id=\"06dd31f\" data-element_type=\"column\">\n\t\t\t<div class=\"elementor-widget-wrap elementor-element-populated\">\n\t\t\t\t\t\t<div class=\"elementor-element elementor-element-9917c2c jltma-glass-effect-no elementor-widget elementor-widget-image\" data-id=\"9917c2c\" data-element_type=\"widget\" data-widget_type=\"image.default\">\n\t\t\t\t<div class=\"elementor-widget-container\">\n\t\t\t\t\t\t\t\t\t\t\t\t\t\t\t\t<a href=\"https:\/\/uncme.org.br\/rs\/blog\/2023\/02\/23\/notas\/\">\n\t\t\t\t\t\t\t<img loading=\"lazy\" decoding=\"async\" width=\"300\" height=\"300\" src=\"https:\/\/uncme.org.br\/rs\/wp-content\/uploads\/2025\/07\/NOTAS.png\" class=\"attachment-large size-large wp-image-6642\" alt=\"\" srcset=\"https:\/\/uncme.org.br\/rs\/wp-content\/uploads\/2025\/07\/NOTAS.png 300w, https:\/\/uncme.org.br\/rs\/wp-content\/uploads\/2025\/07\/NOTAS-150x150.png 150w\" sizes=\"(max-width: 300px) 100vw, 300px\" \/>\t\t\t\t\t\t\t\t<\/a>\n\t\t\t\t\t\t\t\t\t\t\t\t\t\t\t<\/div>\n\t\t\t\t<\/div>\n\t\t\t\t\t<\/div>\n\t\t<\/div>\n\t\t\t\t\t<\/div>\n\t\t<\/section>\n\t\t\t\t<section class=\"elementor-section elementor-top-section elementor-element elementor-element-af2e907 elementor-section-stretched elementor-section-boxed elementor-section-height-default elementor-section-height-default jltma-glass-effect-no\" data-id=\"af2e907\" data-element_type=\"section\" data-settings=\"{&quot;stretch_section&quot;:&quot;section-stretched&quot;}\">\n\t\t\t\t\t\t<div class=\"elementor-container elementor-column-gap-default\">\n\t\t\t\t\t<div class=\"elementor-column elementor-col-25 elementor-top-column elementor-element elementor-element-7677e9a jltma-glass-effect-no\" data-id=\"7677e9a\" data-element_type=\"column\">\n\t\t\t<div class=\"elementor-widget-wrap elementor-element-populated\">\n\t\t\t\t\t\t<div class=\"elementor-element elementor-element-240543f jltma-glass-effect-no elementor-widget elementor-widget-image\" data-id=\"240543f\" data-element_type=\"widget\" data-widget_type=\"image.default\">\n\t\t\t\t<div class=\"elementor-widget-container\">\n\t\t\t\t\t\t\t\t\t\t\t\t\t\t\t\t<a href=\"https:\/\/uncme.org.br\/rs\/blog\/2023\/02\/23\/covid-19\/\">\n\t\t\t\t\t\t\t<img loading=\"lazy\" decoding=\"async\" width=\"300\" height=\"300\" src=\"https:\/\/uncme.org.br\/rs\/wp-content\/uploads\/2025\/07\/COVID-19.png\" class=\"attachment-large size-large wp-image-6641\" alt=\"\" srcset=\"https:\/\/uncme.org.br\/rs\/wp-content\/uploads\/2025\/07\/COVID-19.png 300w, https:\/\/uncme.org.br\/rs\/wp-content\/uploads\/2025\/07\/COVID-19-150x150.png 150w\" sizes=\"(max-width: 300px) 100vw, 300px\" \/>\t\t\t\t\t\t\t\t<\/a>\n\t\t\t\t\t\t\t\t\t\t\t\t\t\t\t<\/div>\n\t\t\t\t<\/div>\n\t\t\t\t\t<\/div>\n\t\t<\/div>\n\t\t\t\t<div class=\"elementor-column elementor-col-25 elementor-top-column elementor-element elementor-element-3cf764d jltma-glass-effect-no\" data-id=\"3cf764d\" data-element_type=\"column\">\n\t\t\t<div class=\"elementor-widget-wrap elementor-element-populated\">\n\t\t\t\t\t\t\t<\/div>\n\t\t<\/div>\n\t\t\t\t<div class=\"elementor-column elementor-col-25 elementor-top-column elementor-element elementor-element-d52c9d6 jltma-glass-effect-no\" data-id=\"d52c9d6\" data-element_type=\"column\">\n\t\t\t<div class=\"elementor-widget-wrap elementor-element-populated\">\n\t\t\t\t\t\t\t<\/div>\n\t\t<\/div>\n\t\t\t\t<div class=\"elementor-column elementor-col-25 elementor-top-column elementor-element elementor-element-2e9b9bc jltma-glass-effect-no\" data-id=\"2e9b9bc\" data-element_type=\"column\">\n\t\t\t<div class=\"elementor-widget-wrap elementor-element-populated\">\n\t\t\t\t\t\t\t<\/div>\n\t\t<\/div>\n\t\t\t\t\t<\/div>\n\t\t<\/section>\n\t\t\t\t<\/div>\n\t\t","protected":false},"excerpt":{"rendered":"<p>Documentos A UNCME-RS elabora documentos para orientar todos os Conselhos, os atuantes e os que ainda est\u00e3o sendo estruturados. Abaixo<\/p>\n","protected":false},"author":2,"featured_media":0,"parent":0,"menu_order":0,"comment_status":"closed","ping_status":"closed","template":"","meta":{"footnotes":""},"class_list":["post-35","page","type-page","status-publish","hentry"],"_links":{"self":[{"href":"https:\/\/uncme.org.br\/rs\/wp-json\/wp\/v2\/pages\/35","targetHints":{"allow":["GET"]}}],"collection":[{"href":"https:\/\/uncme.org.br\/rs\/wp-json\/wp\/v2\/pages"}],"about":[{"href":"https:\/\/uncme.org.br\/rs\/wp-json\/wp\/v2\/types\/page"}],"author":[{"embeddable":true,"href":"https:\/\/uncme.org.br\/rs\/wp-json\/wp\/v2\/users\/2"}],"replies":[{"embeddable":true,"href":"https:\/\/uncme.org.br\/rs\/wp-json\/wp\/v2\/comments?post=35"}],"version-history":[{"count":26,"href":"https:\/\/uncme.org.br\/rs\/wp-json\/wp\/v2\/pages\/35\/revisions"}],"predecessor-version":[{"id":6653,"href":"https:\/\/uncme.org.br\/rs\/wp-json\/wp\/v2\/pages\/35\/revisions\/6653"}],"wp:attachment":[{"href":"https:\/\/uncme.org.br\/rs\/wp-json\/wp\/v2\/media?parent=35"}],"curies":[{"name":"wp","href":"https:\/\/api.w.org\/{rel}","templated":true}]}}