{"id":4049,"date":"2023-05-11T11:16:12","date_gmt":"2023-05-11T14:16:12","guid":{"rendered":"https:\/\/uncme.org.br\/rs\/?page_id=4049"},"modified":"2024-10-03T15:36:19","modified_gmt":"2024-10-03T18:36:19","slug":"cme-do-rs","status":"publish","type":"page","link":"https:\/\/uncme.org.br\/rs\/cme-do-rs\/","title":{"rendered":"CME do RS"},"content":{"rendered":"\t\t<div data-elementor-type=\"wp-page\" data-elementor-id=\"4049\" class=\"elementor elementor-4049\">\n\t\t\t\t\t\t<section class=\"elementor-section elementor-top-section elementor-element elementor-element-6d7a1fab elementor-section-boxed elementor-section-height-default elementor-section-height-default jltma-glass-effect-no\" data-id=\"6d7a1fab\" data-element_type=\"section\">\n\t\t\t\t\t\t<div class=\"elementor-container elementor-column-gap-default\">\n\t\t\t\t\t<div class=\"elementor-column elementor-col-100 elementor-top-column elementor-element elementor-element-38b767b7 jltma-glass-effect-no\" data-id=\"38b767b7\" data-element_type=\"column\">\n\t\t\t<div class=\"elementor-widget-wrap elementor-element-populated\">\n\t\t\t\t\t\t<div class=\"elementor-element elementor-element-12c9326d jltma-glass-effect-no elementor-widget elementor-widget-text-editor\" data-id=\"12c9326d\" data-element_type=\"widget\" data-widget_type=\"text-editor.default\">\n\t\t\t\t<div class=\"elementor-widget-container\">\n\t\t\t\t\t\t\t\t\t\n<p>CME de Alvorada &#8211; <a href=\"https:\/\/www.alvorada.rs.gov.br\/conselhos-municipais\/conselho-municipal-de-educacao\/\" target=\"_blank\" rel=\"noreferrer noopener\">Conselho Municipal de Educa\u00e7\u00e3o \u2013 Prefeitura Municipal Alvorada<\/a><\/p>\n\n<p>CME de Aratiba &#8211; <a href=\"https:\/\/cmearatiba.wordpress.com\/\" target=\"_blank\" rel=\"noreferrer noopener\">CME ARATIBA (wordpress.com)<\/a><\/p>\n\n<p>CME de Arroio do Meio &#8211; <a href=\"https:\/\/arroiodomeio.rs.gov.br\/conselho\/id\/19\/?conselho-municipal-de-educacao.html\">Conselho Municipal de Educa\u00e7\u00e3o &#8211; Prefeitura Municipal de Arroio do Meio<\/a><\/p>\n\n<p>CME de Arroio dos Ratos &#8211; <a href=\"https:\/\/www.arroiodosratos.rs.gov.br\/cmear\/\">CMEAR &#8211; Prefeitura Municipal de Arroio dos Ratos<\/a><\/p>\n\n<p>CME de Bento Gon\u00e7alves &#8211; <a href=\"https:\/\/bentogoncalves.atende.net\/cidadao\/pagina\/conselho-municipal-de-educacao\" target=\"_blank\" rel=\"noreferrer noopener\">https:\/\/bentogoncalves.atende.net\/cidadao\/pagina\/conselho-municipal-de-educacao<\/a><\/p>\n\n<p>CME de Braga &#8211; <a href=\"https:\/\/www.braga.rs.gov.br\/site\/conteudos\/3714-conselho-municipal-de-educacao\" target=\"_blank\" rel=\"noreferrer noopener\">Prefeitura Municipal de Braga &#8211; RS<\/a><\/p>\n<p>CME de Brochier &#8211; <a href=\"https:\/\/www.brochier.rs.gov.br\/departamento\/view\/17\/conselho-municipal-de-educacao\">https:\/\/www.brochier.rs.gov.br\/departamento\/view\/17\/conselho-municipal-de-educacao<\/a><\/p>\n\n<p>CME de Cachoeira do Sul &#8211; <a href=\"https:\/\/www.obemcs.com\/cme\" target=\"_blank\" rel=\"noreferrer noopener\">CME | Observat\u00f3rio (obemcs.com)<\/a><\/p>\n\n<p>CME de Camaqu\u00e3 &#8211; <a href=\"https:\/\/www.camaqua.rs.gov.br\/portal\/secretarias\/39\/conselho-municipal-de-educacao\/\" target=\"_blank\" rel=\"noreferrer noopener\">Prefeitura Municipal de Camaqu\u00e3 &#8211; RS &#8211; Conselho Municipal de Educa\u00e7\u00e3o (camaqua.rs.gov.br)<\/a><\/p>\n\n<p>CME de Campo Novo &#8211; <a href=\"https:\/\/camponovo.atende.net\/cidadao\/pagina\/conselho-municipal-de-educacao-cme\" target=\"_blank\" rel=\"noreferrer noopener\">Portal do Cidad\u00e3o &#8211; MUNICIPIO DE CAMPO NOVO (atende.net)<\/a><\/p>\n\n<p>CME de Canela &#8211; <a href=\"https:\/\/canela.rs.gov.br\/governo\/conselhos\/cme\/\" target=\"_blank\" rel=\"noreferrer noopener\">CME &#8211; Prefeitura Municipal de Canela<\/a><\/p>\n\n<p>CME de Cap\u00e3o da Canoa &#8211; <a href=\"https:\/\/capaodacanoa.rs.gov.br\/site\/home\/pagina\/id\/273\/?Composicao-do-Conselho.html\" target=\"_blank\" rel=\"noreferrer noopener\">Cap\u00e3o da Canoa &#8211; Composi\u00e7\u00e3o do Conselho (capaodacanoa.rs.gov.br)<\/a><\/p>\n\n<p>CME de Carazinho &#8211; <a href=\"https:\/\/www.carazinho.rs.gov.br\/portal\/secretarias\/34\/conselho-municipal-de-educacao\/\" target=\"_blank\" rel=\"noreferrer noopener\">Prefeitura de Carazinho &#8211; RS &#8211; Conselho Municipal de Educa\u00e7\u00e3o<\/a><\/p>\n\n<p>CME de Caxias do Sul &#8211; <a href=\"https:\/\/caxias.rs.gov.br\/gestao\/conselhos\/conselho-de-educacao\" target=\"_blank\" rel=\"noreferrer noopener\">Conselho de Educa\u00e7\u00e3o \u2013 CME &#8211; Apresenta\u00e7\u00e3o &#8211; Prefeitura de Caxias do Sul<\/a><\/p>\n\n<p class=\"has-text-align-center\"><a href=\"https:\/\/educacao.caxias.rs.gov.br\/conselho-municipal-de-educacao-cme\" target=\"_blank\" rel=\"noreferrer noopener\">Portal da Educa\u00e7\u00e3o de Caxias do Sul<\/a><\/p>\n\n<p>CME de Cerro Grande do Sul &#8211; <a href=\"https:\/\/www.cerrograndedosul.rs.gov.br\/educacao\/conselhos-de-educacao\/conselho-municipal-de-educacao\/\" target=\"_blank\" rel=\"noreferrer noopener\">Conselho Municipal de Educa\u00e7\u00e3o \u2013 Munic\u00edpio de Cerro Grande do Sul<\/a><\/p>\n\n<p>CME de Dois Irm\u00e3os &#8211; <a href=\"https:\/\/doisirmaos.atende.net\/cidadao\/pagina\/conselho-municipal-de-educacao\" target=\"_blank\" rel=\"noreferrer noopener\">Portal do Cidad\u00e3o &#8211; MUNIC\u00cdPIO DE DOIS IRM\u00c3OS\/RS &#8211; Conselho Municipal de Educa\u00e7\u00e3o (atende.net)<\/a><\/p>\n\n<p>CME de Erechim &#8211; <a href=\"https:\/\/www.pmerechim.rs.gov.br\/pagina\/269\/conselho-municipal-de-educacao\" target=\"_blank\" rel=\"noreferrer noopener\">Prefeitura Municipal de Erechim &#8211; Conselho Municipal de Educa\u00e7\u00e3o (pmerechim.rs.gov.br)<\/a><\/p>\n\n<p>CME de Esteio &#8211; <a href=\"https:\/\/sites.google.com\/educaesteio.com.br\/cme-esteio\/\" target=\"_blank\" rel=\"noreferrer noopener\">https:\/\/sites.google.com\/educaesteio.com.br\/cme-esteio\/<\/a><\/p>\n\n<p>CME de Estrela &#8211; <a href=\"https:\/\/estrela.atende.net\/cidadao\/pagina\/conselho-municipal-de-educacao\" target=\"_blank\" rel=\"noreferrer noopener\">Governo de Estrela (atende.net)<\/a><\/p>\n\n<p>CME de Feliz &#8211; <a href=\"https:\/\/www.feliz.rs.gov.br\/site\/conselho-municipal-de-educacao\" target=\"_blank\" rel=\"noreferrer noopener\">Conselho Municipal de Educa\u00e7\u00e3o &#8211; Prefeitura Municipal de Feliz<\/a><\/p>\n\n<p>CME de Garibaldi &#8211; <a href=\"https:\/\/www.garibaldi.rs.gov.br\/secretarias\/secretaria-municipal-de-educacao\" target=\"_blank\" rel=\"noreferrer noopener\">Secretaria Municipal de Educa\u00e7\u00e3o &#8211; Prefeitura &#8211; Prefeitura Municipal de Garibaldi<\/a><\/p>\n\n<p>CME de Get\u00falio Vargas &#8211; <a href=\"https:\/\/sites.google.com\/site\/cmegetuliovargas\" target=\"_blank\" rel=\"noreferrer noopener\">CME Get\u00falio Vargas (google.com)<\/a><\/p>\n\n<p>CME de Guapor\u00e9 &#8211; <a href=\"https:\/\/www.guapore.rs.gov.br\/pagina\/conselho-municipal-de-educacao\" target=\"_blank\" rel=\"noreferrer noopener\">Munic\u00edpio de Guapor\u00e9 &#8211; Conselho Municipal de Educa\u00e7\u00e3o (guapore.rs.gov.br)<\/a><\/p>\n\n<p>CME de Ibarama &#8211; <a href=\"https:\/\/ibarama.rs.gov.br\/conselho-municipal-educacao\" target=\"_blank\" rel=\"noreferrer noopener\">Prefeitura Municipal de Ibarama &#8211; RS<\/a><\/p>\n\n<p>CME de Igrejinha &#8211; <a href=\"https:\/\/portal.igrejinha.rs.gov.br\/servico\/54\/conselhomunicipaldeeducacao\" target=\"_blank\" rel=\"noreferrer noopener\">Portal de Servi\u00e7os (igrejinha.rs.gov.br)<\/a><\/p>\n\n<p>CME de Marcelino Ramos &#8211; <a href=\"https:\/\/www.marcelinoramos.rs.gov.br\/site\/conselho\/conselho-municipal-de-educacao\/1\" target=\"_blank\" rel=\"noreferrer noopener\">Prefeitura Marcelino Ramos<\/a><\/p>\n\n<p>CME de Montenegro &#8211; <a href=\"https:\/\/www.montenegro.rs.gov.br\/cidadao\/conselhos-municipais\/cme-conselho-municipal-de-educacao-1\">CME-Conselho Municipal de Educa\u00e7\u00e3o \u2014 Prefeitura de Montenegro<\/a><\/p>\n\n<p>CME de Morma\u00e7o &#8211; <a href=\"https:\/\/sites.google.com\/site\/cmemormacors\/\" target=\"_blank\" rel=\"noreferrer noopener\">CME MORMA\u00c7O (google.com)<\/a><\/p>\n\n<p>CME de Nonoai &#8211; <a href=\"https:\/\/www.nonoai.rs.gov.br\/o-municipio\/cme\" target=\"_blank\" rel=\"noreferrer noopener\">Munic\u00edpio de Nonoai-RS &#8211; Conselho Municipal de Educa\u00e7\u00e3o<\/a><\/p>\n\n<p>CME de Nova Hartz &#8211; <a href=\"https:\/\/www.pmnovahartz.com.br\/conselho\" target=\"_blank\" rel=\"noreferrer noopener\">Conselhos (pmnovahartz.com.br)<\/a><\/p>\n\n<p>CME de Novo Hamburgo &#8211; <a href=\"https:\/\/www.novohamburgo.rs.gov.br\/conselhos\/cmpcd\/publicacoes\" target=\"_blank\" rel=\"noreferrer noopener\">Publica\u00e7\u00f5es | Prefeitura Municipal de Novo Hamburgo<\/a><\/p>\n\n<p>CME de Os\u00f3rio &#8211; <a href=\"https:\/\/osorio.atende.net\/cidadao\/pagina\/conselho-municipal-de-educacao\" target=\"_blank\" rel=\"noreferrer noopener\">Portal do Cidad\u00e3o &#8211; PREFEITURA MUNICIPAL DE OS\u00d3RIO (atende.net)<\/a><\/p>\n\n<p>CME de Panambi &#8211; <a href=\"https:\/\/osorio.atende.net\/cidadao\/pagina\/conselho-municipal-de-educacao\" target=\"_blank\" rel=\"noreferrer noopener\">http:\/\/cmepbi.blogspot.com\/<\/a><\/p>\n\n<p>CME de Passa Sete &#8211; <a href=\"http:\/\/passasete.rs.gov.br\/portal\/cme-conselho-municipal-de-educacao\/\" target=\"_blank\" rel=\"noreferrer noopener\">http:\/\/passasete.rs.gov.br\/portal\/cme-conselho-municipal-de-educacao\/<\/a><\/p>\n\n<p>CME de Paulo Bento &#8211; <a href=\"https:\/\/www.paulobento.rs.gov.br\/site\/downloadarquivos\/?a=a&amp;categoria=18\" target=\"_blank\" rel=\"noreferrer noopener\">Prefeitura Paulo Bento<\/a><\/p>\n\n<p>CME de Picada Caf\u00e9 &#8211; <a href=\"http:\/\/www.picadacafe.rs.gov.br\/portal.php?pagina=conselhos_municipais\" target=\"_blank\" rel=\"noreferrer noopener\">Munic\u00edpio de Picada Caf\u00e9 &#8211; Portal da Transpar\u00eancia (picadacafe.rs.gov.br)<\/a><\/p>\n\n<p>CME de Port\u00e3o &#8211; <a href=\"http:\/\/www.portao.rs.gov.br\/servico\/33\/conselho-municipal-de-educacao-cme\" target=\"_blank\" rel=\"noreferrer noopener\">Munic\u00edpio de Port\u00e3o &#8211; Administra\u00e7\u00e3o Municipal 2021\/2024 (portao.rs.gov.br)<\/a><\/p>\n\n<p>CME de Rolante &#8211; <a href=\"https:\/\/rolante.atende.net\/#!\/tipo\/pagina\/valor\/17\" target=\"_blank\" rel=\"noreferrer noopener\">Portal do Cidad\u00e3o &#8211; MUNIC\u00cdPIO DE ROLANTE (atende.net)<\/a><\/p>\n\n<p>CME de Roque Gonzales &#8211; <a href=\"https:\/\/sites.google.com\/view\/cme-roquegonzales\" target=\"_blank\" rel=\"noreferrer noopener\">CME-Roque Gonzales (google.com)<\/a><\/p>\n\n<p>CME de Santo Ant\u00f4nio da Patrulha &#8211; <a href=\"http:\/\/www.santoantoniodapatrulha.rs.gov.br\/pmsap\/conselho-municipal\/9\" target=\"_blank\" rel=\"noreferrer noopener\">Prefeitura Municipal de Santo Ant\u00f4nio da Patrulha &#8211; CONSELHO MUNICIPAL DE EDUCA\u00c7\u00c3O (CME) (santoantoniodapatrulha.rs.gov.br)<\/a><\/p>\n\n<p>CME de S\u00e3o Vendelino &#8211; <a href=\"http:\/\/servicos.saovendelino.rs.gov.br:8080\/multi24\/sistemas\/transparencia\/?entidade=1&amp;secao=dinamico&amp;id=3308\" target=\"_blank\" rel=\"noreferrer noopener\">Portal da Transpar\u00eancia (saovendelino.rs.gov.br)<\/a><\/p>\n\n<p>CME de S\u00e3o Gabriel &#8211; <a href=\"https:\/\/cmedsg.wixsite.com\/cmesg\" target=\"_blank\" rel=\"noreferrer noopener\">HOME | Cmesg (cmedsg.wixsite.com)<\/a><\/p>\n\n<p>CME de S\u00e3o Leopoldo &#8211; <a href=\"http:\/\/conselhomunicipaleducacaosl.blogspot.com\/\" target=\"_blank\" rel=\"noreferrer noopener\">Conselho Municipal de Educa\u00e7\u00e3o de S\u00e3o Leopoldo\/RS (conselhomunicipaleducacaosl.blogspot.com)<\/a><\/p>\n\n<p>CME de S\u00e3o Luiz Gonzaga &#8211; <a href=\"https:\/\/www.saoluizgonzaga.rs.gov.br\/site\/leis?tipo=0&amp;busca=conselho+municipal+de+educa%C3%A7%C3%A3o\" target=\"_blank\" rel=\"noreferrer noopener\">Prefeitura Municipal de S\u00e3o Luiz Gonzaga &#8211; RS (saoluizgonzaga.rs.gov.br)<\/a><\/p>\n\n<p>CME de S\u00e3o Paulo das Miss\u00f5es &#8211; <a href=\"https:\/\/www.saopaulodasmissoes.rs.gov.br\/site\/conteudos\/2409-conselho-municipal-de-educacao\" target=\"_blank\" rel=\"noreferrer noopener\">Prefeitura Municipal de S\u00e3o Paulo das Miss\u00f5es &#8211; RS (saopaulodasmissoes.rs.gov.br)<\/a><\/p>\n\n<p>CME de Sobradinho &#8211; <a href=\"http:\/\/sobradhttp:\/\/sobradinho.rs.gov.br\/portal\/conselho-municipal-de-educacao\/inho.rs.gov.br\/portal\/conselho-municipal-de-educacao\/\" target=\"_blank\" rel=\"noreferrer noopener\">http:\/\/sobradhttp:\/\/sobradinho.rs.gov.br\/portal\/conselho-municipal-de-educacao\/inho.rs.gov.br\/portal\/conselho-municipal-de-educacao\/<\/a><\/p>\n\n<p>CME de Tr\u00eas Coroas &#8211; <a href=\"https:\/\/www.trescoroas.rs.gov.br\/conselhos\/conselho-municipal-de-educacao\/\" target=\"_blank\" rel=\"noreferrer noopener\">Conselho Municipal de Educa\u00e7\u00e3o | Prefeitura Municipal de Tr\u00eas Coroas (trescoroas.rs.gov.br)<\/a><\/p>\n\n<p>CME de Tupandi &#8211; <a href=\"http:\/\/www.tupandi.rs.gov.br\/web\/conselho-municipal-de-educacao\" target=\"_blank\" rel=\"noreferrer noopener\">Conselho Municipal de Educa\u00e7\u00e3o &#8211; Prefeitura Municipal de Tupandi<\/a><\/p>\n\n<p>CME de Turu\u00e7u &#8211; <a href=\"https:\/\/www.turucu.rs.gov.br\/portal\/secretarias\/36\/conselho-municipal-de-educacao\/\" target=\"_blank\" rel=\"noreferrer noopener\">Prefeitura de Turu\u00e7u-RS &#8211; Conselho Municipal de Educa\u00e7\u00e3o (turucu.rs.gov.br)<\/a><\/p>\n\n<p>CME de Vacaria &#8211; <a href=\"https:\/\/vacaria.rs.gov.br\/cme\" target=\"_blank\" rel=\"noreferrer noopener\">https:\/\/vacaria.rs.gov.br\/cme<\/a><\/p>\n\n<p>CME de Ven\u00e2ncio Aires &#8211; <a href=\"https:\/\/www.venancioaires.rs.gov.br\/view_conselho_detalhe.xhtml?con_det=200\" target=\"_blank\" rel=\"noreferrer noopener\">https:\/\/www.venancioaires.rs.gov.br\/view_conselho_detalhe.xhtml?con_det=200<\/a><\/p>\n\n<p>\u00a0<\/p>\n\n<p>\u00a0<\/p>\n\n<p>\u00a0<\/p>\n\t\t\t\t\t\t\t\t<\/div>\n\t\t\t\t<\/div>\n\t\t\t\t\t<\/div>\n\t\t<\/div>\n\t\t\t\t\t<\/div>\n\t\t<\/section>\n\t\t\t\t<\/div>\n\t\t","protected":false},"excerpt":{"rendered":"<p>CME de Alvorada &#8211; Conselho Municipal de Educa\u00e7\u00e3o \u2013 Prefeitura Municipal Alvorada CME de Aratiba &#8211; CME ARATIBA (wordpress.com) CME<\/p>\n","protected":false},"author":2,"featured_media":0,"parent":0,"menu_order":0,"comment_status":"closed","ping_status":"closed","template":"","meta":{"footnotes":""},"class_list":["post-4049","page","type-page","status-publish","hentry"],"_links":{"self":[{"href":"https:\/\/uncme.org.br\/rs\/wp-json\/wp\/v2\/pages\/4049","targetHints":{"allow":["GET"]}}],"collection":[{"href":"https:\/\/uncme.org.br\/rs\/wp-json\/wp\/v2\/pages"}],"about":[{"href":"https:\/\/uncme.org.br\/rs\/wp-json\/wp\/v2\/types\/page"}],"author":[{"embeddable":true,"href":"https:\/\/uncme.org.br\/rs\/wp-json\/wp\/v2\/users\/2"}],"replies":[{"embeddable":true,"href":"https:\/\/uncme.org.br\/rs\/wp-json\/wp\/v2\/comments?post=4049"}],"version-history":[{"count":24,"href":"https:\/\/uncme.org.br\/rs\/wp-json\/wp\/v2\/pages\/4049\/revisions"}],"predecessor-version":[{"id":6043,"href":"https:\/\/uncme.org.br\/rs\/wp-json\/wp\/v2\/pages\/4049\/revisions\/6043"}],"wp:attachment":[{"href":"https:\/\/uncme.org.br\/rs\/wp-json\/wp\/v2\/media?parent=4049"}],"curies":[{"name":"wp","href":"https:\/\/api.w.org\/{rel}","templated":true}]}}