{"id":4679,"date":"2023-06-29T11:23:59","date_gmt":"2023-06-29T14:23:59","guid":{"rendered":"https:\/\/uncme.org.br\/rs\/?page_id=4679"},"modified":"2023-06-29T11:28:20","modified_gmt":"2023-06-29T14:28:20","slug":"sistema-municipal","status":"publish","type":"page","link":"https:\/\/uncme.org.br\/rs\/sistema-municipal\/","title":{"rendered":"SISTEMA MUNICIPAL"},"content":{"rendered":"\n<p>SISTEMA MUNICIPAL DE ENSINO\/EDUCA\u00c7\u00c3O<\/p>\n\n\n\n<p>A nova configura\u00e7\u00e3o de rela\u00e7\u00f5es de poder entre os entes federados confere ao munic\u00edpio rara oportunidade de organizar a gest\u00e3o de seu Sistema Municipal de Educa\u00e7\u00e3o em novas bases que superem pr\u00e1ticas e estruturas tradicionais. O Sistema Municipal formaliza, organiza e d\u00e1 coer\u00eancia \u00e0s especificidades do projeto de educa\u00e7\u00e3o do munic\u00edpio, articula suas partes num todo org\u00e2nico e contextualiza o local no nacional.<br>A constru\u00e7\u00e3o do Sistema Municipal de Educa\u00e7\u00e3o constituir\u00e1 processo de di\u00e1logo entre pessoas e institui\u00e7\u00f5es, fundado em estudos e reflex\u00f5es sobre a concep\u00e7\u00e3o<br>de educa\u00e7\u00e3o e responsabilidades priorit\u00e1rias do munic\u00edpio. A defini\u00e7\u00e3o pr\u00e9via de princ\u00edpios, de referenciais e de processos, ajudar\u00e1 a orientar e dar coer\u00eancia ao processo de organiza\u00e7\u00e3o do Sistema. (BORDIGNON, 2009, p. 37)<\/p>\n\n\n\n<p>BORDIGNON, Genu\u00edno. <strong>Gest\u00e3o da educa\u00e7\u00e3o no munic\u00edpio: sistema, conselho e plano<\/strong>. S\u00e3o Paulo: Editora e Livraria Instituto Paulo Freire, 2009.<\/p>\n\n\n\n<p><a href=\"https:\/\/drive.google.com\/drive\/folders\/1Xf3XCHwttMyrsecodv0utVx9WYL7rcEu?usp=sharing\" target=\"_blank\" rel=\"noreferrer noopener\">Acesse aqui a listagem dos munic\u00edpios que ainda n\u00e3o s\u00e3o Sistema Municipal de Ensino\/Educa\u00e7\u00e3o<\/a>. Estamos em contagem regressiva.<\/p>\n","protected":false},"excerpt":{"rendered":"<p>SISTEMA MUNICIPAL DE ENSINO\/EDUCA\u00c7\u00c3O A nova configura\u00e7\u00e3o de rela\u00e7\u00f5es de poder entre os entes federados confere ao munic\u00edpio rara oportunidade<\/p>\n","protected":false},"author":2,"featured_media":0,"parent":0,"menu_order":0,"comment_status":"closed","ping_status":"closed","template":"","meta":{"footnotes":""},"class_list":["post-4679","page","type-page","status-publish","hentry"],"_links":{"self":[{"href":"https:\/\/uncme.org.br\/rs\/wp-json\/wp\/v2\/pages\/4679","targetHints":{"allow":["GET"]}}],"collection":[{"href":"https:\/\/uncme.org.br\/rs\/wp-json\/wp\/v2\/pages"}],"about":[{"href":"https:\/\/uncme.org.br\/rs\/wp-json\/wp\/v2\/types\/page"}],"author":[{"embeddable":true,"href":"https:\/\/uncme.org.br\/rs\/wp-json\/wp\/v2\/users\/2"}],"replies":[{"embeddable":true,"href":"https:\/\/uncme.org.br\/rs\/wp-json\/wp\/v2\/comments?post=4679"}],"version-history":[{"count":1,"href":"https:\/\/uncme.org.br\/rs\/wp-json\/wp\/v2\/pages\/4679\/revisions"}],"predecessor-version":[{"id":4680,"href":"https:\/\/uncme.org.br\/rs\/wp-json\/wp\/v2\/pages\/4679\/revisions\/4680"}],"wp:attachment":[{"href":"https:\/\/uncme.org.br\/rs\/wp-json\/wp\/v2\/media?parent=4679"}],"curies":[{"name":"wp","href":"https:\/\/api.w.org\/{rel}","templated":true}]}}