{"id":474,"date":"2022-01-12T03:18:27","date_gmt":"2022-01-12T03:18:27","guid":{"rendered":"https:\/\/uncme.org.br\/rs\/?page_id=474"},"modified":"2023-08-25T16:12:14","modified_gmt":"2023-08-25T19:12:14","slug":"galeria-de-fotos","status":"publish","type":"page","link":"https:\/\/uncme.org.br\/rs\/galeria-de-fotos\/","title":{"rendered":"Galeria de Ex-coordenadores\/as"},"content":{"rendered":"\n<div class=\"wp-block-image\"><figure class=\"alignleft size-full\"><img fetchpriority=\"high\" decoding=\"async\" width=\"400\" height=\"600\" src=\"https:\/\/uncme.org.br\/rs\/wp-content\/uploads\/2023\/08\/FABIANE-BITELLO-PEDRO-1.jpg\" alt=\"\" class=\"wp-image-4890\" srcset=\"https:\/\/uncme.org.br\/rs\/wp-content\/uploads\/2023\/08\/FABIANE-BITELLO-PEDRO-1.jpg 400w, https:\/\/uncme.org.br\/rs\/wp-content\/uploads\/2023\/08\/FABIANE-BITELLO-PEDRO-1-200x300.jpg 200w\" sizes=\"(max-width: 400px) 100vw, 400px\" \/><figcaption><a href=\"https:\/\/drive.google.com\/file\/d\/1m0pNYNgRAiz8f0D9p0U_kvscHHIpRNhv\/view?usp=sharing\" target=\"_blank\" rel=\"noreferrer noopener\">Uma UNCME-RS que vai al\u00e9m da Diretoria Executiva<\/a><\/figcaption><\/figure><\/div>\n\n\n\n<div class=\"wp-block-image\"><figure class=\"alignright size-large is-resized\"><img decoding=\"async\" src=\"https:\/\/uncme.org.br\/rs\/wp-content\/uploads\/2023\/08\/FOTO-SALETE-2-1-758x1024.jpg\" alt=\"\" class=\"wp-image-4892\" width=\"443\" height=\"598\" srcset=\"https:\/\/uncme.org.br\/rs\/wp-content\/uploads\/2023\/08\/FOTO-SALETE-2-1-758x1024.jpg 758w, https:\/\/uncme.org.br\/rs\/wp-content\/uploads\/2023\/08\/FOTO-SALETE-2-1-222x300.jpg 222w, https:\/\/uncme.org.br\/rs\/wp-content\/uploads\/2023\/08\/FOTO-SALETE-2-1-768x1038.jpg 768w, https:\/\/uncme.org.br\/rs\/wp-content\/uploads\/2023\/08\/FOTO-SALETE-2-1.jpg 947w\" sizes=\"(max-width: 443px) 100vw, 443px\" \/><figcaption><a href=\"https:\/\/drive.google.com\/file\/d\/1M0hmotB9-gUmYS3TQHlbLrxM_8sS4Oim\/view?usp=sharing\" target=\"_blank\" rel=\"noreferrer noopener\">Hist\u00f3rico da Gest\u00e3o UNCME-RS- 2013 \u00e0 2016<\/a><\/figcaption><\/figure><\/div>\n\n\n\n<p><\/p>\n\n\n\n<p><\/p>\n\n\n\n<p><\/p>\n\n\n\n<p><\/p>\n\n\n\n<p><\/p>\n\n\n\n<p><\/p>\n\n\n\n<p><\/p>\n\n\n\n<p><\/p>\n\n\n\n<p><\/p>\n\n\n\n<p><\/p>\n\n\n\n<p><\/p>\n\n\n\n<p><\/p>\n\n\n\n<p><\/p>\n\n\n\n<p><\/p>\n\n\n\n<p><\/p>\n\n\n\n<p><\/p>\n\n\n\n<div class=\"wp-block-image\"><figure class=\"alignleft size-full\"><img decoding=\"async\" width=\"400\" height=\"600\" src=\"https:\/\/uncme.org.br\/rs\/wp-content\/uploads\/2023\/08\/DIEGO-DARTAGNAN-DA-SILVA-TORMES.jpg\" alt=\"\" class=\"wp-image-4885\" srcset=\"https:\/\/uncme.org.br\/rs\/wp-content\/uploads\/2023\/08\/DIEGO-DARTAGNAN-DA-SILVA-TORMES.jpg 400w, https:\/\/uncme.org.br\/rs\/wp-content\/uploads\/2023\/08\/DIEGO-DARTAGNAN-DA-SILVA-TORMES-200x300.jpg 200w\" sizes=\"(max-width: 400px) 100vw, 400px\" \/><figcaption><a rel=\"noreferrer noopener\" href=\"https:\/\/drive.google.com\/file\/d\/1L2_-doa7RtTBNTrDU1H5LYIrsrC9-2cV\/view?usp=sharing\" target=\"_blank\">Uma viagem rumo ao desconhecido<\/a><\/figcaption><\/figure><\/div>\n\n\n\n<div class=\"wp-block-image\"><figure class=\"alignright size-full\"><img loading=\"lazy\" decoding=\"async\" width=\"400\" height=\"600\" src=\"https:\/\/uncme.org.br\/rs\/wp-content\/uploads\/2023\/08\/Rosa-Maria.jpg\" alt=\"\" class=\"wp-image-4888\" srcset=\"https:\/\/uncme.org.br\/rs\/wp-content\/uploads\/2023\/08\/Rosa-Maria.jpg 400w, https:\/\/uncme.org.br\/rs\/wp-content\/uploads\/2023\/08\/Rosa-Maria-200x300.jpg 200w\" sizes=\"(max-width: 400px) 100vw, 400px\" \/><figcaption><a href=\"https:\/\/drive.google.com\/file\/d\/19hbG4y95R3oKlZE9zf02i9NxgubS0CI-\/view?usp=drive_link\">Elei\u00e7\u00e3o na X Plen\u00e1ria Bag\u00e9<\/a><\/figcaption><\/figure><\/div>\n\n\n\n<p><\/p>\n\n\n\n<p><\/p>\n\n\n\n<p><\/p>\n\n\n\n<p><\/p>\n\n\n\n<p><\/p>\n\n\n\n<p><\/p>\n\n\n\n<p><\/p>\n\n\n\n<p><\/p>\n\n\n\n<p><\/p>\n\n\n\n<p><\/p>\n\n\n\n<p><\/p>\n\n\n\n<p><\/p>\n\n\n\n<p><\/p>\n\n\n\n<p><\/p>\n\n\n\n<p><\/p>\n\n\n\n<p><\/p>\n\n\n\n<div class=\"wp-block-image\"><figure class=\"alignleft size-full\"><img loading=\"lazy\" decoding=\"async\" width=\"400\" height=\"600\" src=\"https:\/\/uncme.org.br\/rs\/wp-content\/uploads\/2023\/08\/DARCI-BUENO-DA-SILVA.jpg\" alt=\"\" class=\"wp-image-4884\" srcset=\"https:\/\/uncme.org.br\/rs\/wp-content\/uploads\/2023\/08\/DARCI-BUENO-DA-SILVA.jpg 400w, https:\/\/uncme.org.br\/rs\/wp-content\/uploads\/2023\/08\/DARCI-BUENO-DA-SILVA-200x300.jpg 200w\" sizes=\"(max-width: 400px) 100vw, 400px\" \/><figcaption><a href=\"https:\/\/drive.google.com\/file\/d\/154xICEQscQ25Z-FSWtTsmwJJvUYgo7Tc\/view?usp=drive_link\" target=\"_blank\" rel=\"noreferrer noopener\">O FECME RS: 2003 a 2006<\/a><\/figcaption><\/figure><\/div>\n\n\n\n<div class=\"wp-block-image\"><figure class=\"alignright size-full\"><img loading=\"lazy\" decoding=\"async\" width=\"400\" height=\"600\" src=\"https:\/\/uncme.org.br\/rs\/wp-content\/uploads\/2023\/08\/Vitalina-Conceicao.jpg\" alt=\"\" class=\"wp-image-4889\" srcset=\"https:\/\/uncme.org.br\/rs\/wp-content\/uploads\/2023\/08\/Vitalina-Conceicao.jpg 400w, https:\/\/uncme.org.br\/rs\/wp-content\/uploads\/2023\/08\/Vitalina-Conceicao-200x300.jpg 200w\" sizes=\"(max-width: 400px) 100vw, 400px\" \/><\/figure><\/div>\n\n\n\n<p><\/p>\n\n\n\n<p><\/p>\n\n\n\n<p><\/p>\n\n\n\n<p><\/p>\n\n\n\n<p><\/p>\n\n\n\n<p><\/p>\n\n\n\n<p><\/p>\n\n\n\n<p><\/p>\n\n\n\n<p><\/p>\n\n\n\n<p><\/p>\n\n\n\n<p><\/p>\n\n\n\n<p><\/p>\n\n\n\n<p><\/p>\n\n\n\n<p><\/p>\n\n\n\n<p><\/p>\n\n\n\n<p><\/p>\n\n\n\n<div class=\"wp-block-image\"><figure class=\"alignleft size-full\"><img loading=\"lazy\" decoding=\"async\" width=\"400\" height=\"600\" src=\"https:\/\/uncme.org.br\/rs\/wp-content\/uploads\/2023\/08\/Antonio-Firmo.jpg\" alt=\"\" class=\"wp-image-4883\" srcset=\"https:\/\/uncme.org.br\/rs\/wp-content\/uploads\/2023\/08\/Antonio-Firmo.jpg 400w, https:\/\/uncme.org.br\/rs\/wp-content\/uploads\/2023\/08\/Antonio-Firmo-200x300.jpg 200w\" sizes=\"(max-width: 400px) 100vw, 400px\" \/><\/figure><\/div>\n\n\n\n<div class=\"wp-block-image\"><figure class=\"alignright size-full\"><img loading=\"lazy\" decoding=\"async\" width=\"400\" height=\"600\" src=\"https:\/\/uncme.org.br\/rs\/wp-content\/uploads\/2023\/08\/MARIA-ANUNCIACAO.png\" alt=\"\" class=\"wp-image-4887\" srcset=\"https:\/\/uncme.org.br\/rs\/wp-content\/uploads\/2023\/08\/MARIA-ANUNCIACAO.png 400w, https:\/\/uncme.org.br\/rs\/wp-content\/uploads\/2023\/08\/MARIA-ANUNCIACAO-200x300.png 200w\" sizes=\"(max-width: 400px) 100vw, 400px\" \/><figcaption><a href=\"https:\/\/drive.google.com\/file\/d\/1qiHT3SaLa8s8hxSp4hRRegaJD0TsODKE\/view?usp=sharing\" target=\"_blank\" rel=\"noreferrer noopener\">F\u00d3RUM ESTADUAL DE CMEs-RS<\/a><\/figcaption><\/figure><\/div>\n","protected":false},"excerpt":{"rendered":"","protected":false},"author":2,"featured_media":0,"parent":0,"menu_order":0,"comment_status":"closed","ping_status":"closed","template":"","meta":{"footnotes":""},"class_list":["post-474","page","type-page","status-publish","hentry"],"_links":{"self":[{"href":"https:\/\/uncme.org.br\/rs\/wp-json\/wp\/v2\/pages\/474","targetHints":{"allow":["GET"]}}],"collection":[{"href":"https:\/\/uncme.org.br\/rs\/wp-json\/wp\/v2\/pages"}],"about":[{"href":"https:\/\/uncme.org.br\/rs\/wp-json\/wp\/v2\/types\/page"}],"author":[{"embeddable":true,"href":"https:\/\/uncme.org.br\/rs\/wp-json\/wp\/v2\/users\/2"}],"replies":[{"embeddable":true,"href":"https:\/\/uncme.org.br\/rs\/wp-json\/wp\/v2\/comments?post=474"}],"version-history":[{"count":7,"href":"https:\/\/uncme.org.br\/rs\/wp-json\/wp\/v2\/pages\/474\/revisions"}],"predecessor-version":[{"id":4900,"href":"https:\/\/uncme.org.br\/rs\/wp-json\/wp\/v2\/pages\/474\/revisions\/4900"}],"wp:attachment":[{"href":"https:\/\/uncme.org.br\/rs\/wp-json\/wp\/v2\/media?parent=474"}],"curies":[{"name":"wp","href":"https:\/\/api.w.org\/{rel}","templated":true}]}}