{"id":478,"date":"2022-01-12T03:19:14","date_gmt":"2022-01-12T03:19:14","guid":{"rendered":"https:\/\/uncme.org.br\/rs\/?page_id=478"},"modified":"2025-07-03T08:28:37","modified_gmt":"2025-07-03T11:28:37","slug":"biblioteca","status":"publish","type":"page","link":"https:\/\/uncme.org.br\/rs\/biblioteca\/","title":{"rendered":"Biblioteca"},"content":{"rendered":"<ul class=\"wp-block-latest-posts__list is-grid columns-3 wp-block-latest-posts\"><li><div class=\"wp-block-latest-posts__featured-image aligncenter\"><a href=\"https:\/\/uncme.org.br\/rs\/blog\/2025\/07\/02\/caderno-orientacao-pnqeei-2025\/\" aria-label=\"Caderno de Orienta\u00e7\u00e3o aos Conselhos Municipais de Educa\u00e7\u00e3o\"><img fetchpriority=\"high\" decoding=\"async\" width=\"490\" height=\"689\" src=\"https:\/\/uncme.org.br\/rs\/wp-content\/uploads\/2025\/07\/Screenshot-2025-07-02-20.15.48-1.png\" class=\"attachment-large size-large wp-post-image\" alt=\"\" style=\"\" srcset=\"https:\/\/uncme.org.br\/rs\/wp-content\/uploads\/2025\/07\/Screenshot-2025-07-02-20.15.48-1.png 490w, https:\/\/uncme.org.br\/rs\/wp-content\/uploads\/2025\/07\/Screenshot-2025-07-02-20.15.48-1-213x300.png 213w\" sizes=\"(max-width: 490px) 100vw, 490px\" \/><\/a><\/div><a class=\"wp-block-latest-posts__post-title\" href=\"https:\/\/uncme.org.br\/rs\/blog\/2025\/07\/02\/caderno-orientacao-pnqeei-2025\/\">Caderno de Orienta\u00e7\u00e3o aos Conselhos Municipais de Educa\u00e7\u00e3o<\/a><\/li>\n<li><div class=\"wp-block-latest-posts__featured-image aligncenter\"><a href=\"https:\/\/uncme.org.br\/rs\/blog\/2021\/10\/15\/caderno-6-formacao-continuada\/\" aria-label=\"DIRETRIZES E BNC-FORMA\u00c7\u00c3O CONTINUADA: coment\u00e1rios a respeito da Resolu\u00e7\u00e3o CNE\/CP n\u00ba 01\/2020 (Caderno 6)\"><img decoding=\"async\" width=\"606\" height=\"857\" src=\"https:\/\/uncme.org.br\/rs\/wp-content\/uploads\/2022\/06\/Sem-titulo-1.jpg\" class=\"attachment-large size-large wp-post-image\" alt=\"\" style=\"\" srcset=\"https:\/\/uncme.org.br\/rs\/wp-content\/uploads\/2022\/06\/Sem-titulo-1.jpg 606w, https:\/\/uncme.org.br\/rs\/wp-content\/uploads\/2022\/06\/Sem-titulo-1-212x300.jpg 212w\" sizes=\"(max-width: 606px) 100vw, 606px\" \/><\/a><\/div><a class=\"wp-block-latest-posts__post-title\" href=\"https:\/\/uncme.org.br\/rs\/blog\/2021\/10\/15\/caderno-6-formacao-continuada\/\">DIRETRIZES E BNC-FORMA\u00c7\u00c3O CONTINUADA: coment\u00e1rios a respeito da Resolu\u00e7\u00e3o CNE\/CP n\u00ba 01\/2020 (Caderno 6)<\/a><\/li>\n<li><div class=\"wp-block-latest-posts__featured-image aligncenter\"><a href=\"https:\/\/uncme.org.br\/rs\/blog\/2021\/10\/14\/novas-perspectivas-do-ensino-medio-e-da-educacao-jovens-e-adultos\/\" aria-label=\"NOVAS PERSPECTIVAS DO ENSINO M\u00c9DIO E DA EDUCA\u00c7\u00c3O DE JOVENS E ADULTOS (Caderno 5)\"><img decoding=\"async\" width=\"540\" height=\"758\" src=\"https:\/\/uncme.org.br\/rs\/wp-content\/uploads\/2022\/01\/Novas_perspectivas_Caderno_5.png\" class=\"attachment-large size-large wp-post-image\" alt=\"\" style=\"\" srcset=\"https:\/\/uncme.org.br\/rs\/wp-content\/uploads\/2022\/01\/Novas_perspectivas_Caderno_5.png 540w, https:\/\/uncme.org.br\/rs\/wp-content\/uploads\/2022\/01\/Novas_perspectivas_Caderno_5-214x300.png 214w\" sizes=\"(max-width: 540px) 100vw, 540px\" \/><\/a><\/div><a class=\"wp-block-latest-posts__post-title\" href=\"https:\/\/uncme.org.br\/rs\/blog\/2021\/10\/14\/novas-perspectivas-do-ensino-medio-e-da-educacao-jovens-e-adultos\/\">NOVAS PERSPECTIVAS DO ENSINO M\u00c9DIO E DA EDUCA\u00c7\u00c3O DE JOVENS E ADULTOS (Caderno 5)<\/a><\/li>\n<li><div class=\"wp-block-latest-posts__featured-image aligncenter\"><a href=\"https:\/\/uncme.org.br\/rs\/blog\/2021\/09\/30\/recomendacoes-legais-aos-sistemas-municipais-de-ensino-educacao-diante-da-covid-19-caderno-3\/\" aria-label=\"RECOMENDA\u00c7\u00d5ES LEGAIS AOS SISTEMAS MUNICIPAIS DE ENSINO\/EDUCA\u00c7\u00c3O DIANTE DA COVID-19 (Caderno 3)\"><img loading=\"lazy\" decoding=\"async\" width=\"540\" height=\"758\" src=\"https:\/\/uncme.org.br\/rs\/wp-content\/uploads\/2022\/01\/Recomendacoes_legais_SME.png\" class=\"attachment-large size-large wp-post-image\" alt=\"\" style=\"\" srcset=\"https:\/\/uncme.org.br\/rs\/wp-content\/uploads\/2022\/01\/Recomendacoes_legais_SME.png 540w, https:\/\/uncme.org.br\/rs\/wp-content\/uploads\/2022\/01\/Recomendacoes_legais_SME-214x300.png 214w\" sizes=\"(max-width: 540px) 100vw, 540px\" \/><\/a><\/div><a class=\"wp-block-latest-posts__post-title\" href=\"https:\/\/uncme.org.br\/rs\/blog\/2021\/09\/30\/recomendacoes-legais-aos-sistemas-municipais-de-ensino-educacao-diante-da-covid-19-caderno-3\/\">RECOMENDA\u00c7\u00d5ES LEGAIS AOS SISTEMAS MUNICIPAIS DE ENSINO\/EDUCA\u00c7\u00c3O DIANTE DA COVID-19 (Caderno 3)<\/a><\/li>\n<li><div class=\"wp-block-latest-posts__featured-image aligncenter\"><a href=\"https:\/\/uncme.org.br\/rs\/blog\/2021\/04\/30\/conceito-e-desafios-para-os-cmes-potencialidades-e-pontos-estrategicos-a-serem-efetivados\/\" aria-label=\"CONCEITOS E DESAFIOS PARA OS CMES: Potencialidades e pontos estrat\u00e9gicos a serem efetivados (Caderno 4)\"><img loading=\"lazy\" decoding=\"async\" width=\"540\" height=\"758\" src=\"https:\/\/uncme.org.br\/rs\/wp-content\/uploads\/2022\/01\/Conceitos_e_Desafios_Caderno_4-UNCME-RS.png\" class=\"attachment-large size-large wp-post-image\" alt=\"\" style=\"\" srcset=\"https:\/\/uncme.org.br\/rs\/wp-content\/uploads\/2022\/01\/Conceitos_e_Desafios_Caderno_4-UNCME-RS.png 540w, https:\/\/uncme.org.br\/rs\/wp-content\/uploads\/2022\/01\/Conceitos_e_Desafios_Caderno_4-UNCME-RS-214x300.png 214w\" sizes=\"(max-width: 540px) 100vw, 540px\" \/><\/a><\/div><a class=\"wp-block-latest-posts__post-title\" href=\"https:\/\/uncme.org.br\/rs\/blog\/2021\/04\/30\/conceito-e-desafios-para-os-cmes-potencialidades-e-pontos-estrategicos-a-serem-efetivados\/\">CONCEITOS E DESAFIOS PARA OS CMES: Potencialidades e pontos estrat\u00e9gicos a serem efetivados (Caderno 4)<\/a><\/li>\n<li><div class=\"wp-block-latest-posts__featured-image aligncenter\"><a href=\"https:\/\/uncme.org.br\/rs\/blog\/2020\/06\/30\/recomendacoes-e-orientacoes-aos-sistemas-municipais-de-ensino-durante-e-pos-pandemia-da-covid-19-caderno-2\/\" aria-label=\"RECOMENDA\u00c7\u00d5ES E ORIENTA\u00c7\u00d5ES AOS SISTEMAS MUNICIPAIS DE ENSINO\/EDUCA\u00c7\u00c3O: durante e p\u00f3s-pandemia da COVID-19 (Caderno 2)\"><img loading=\"lazy\" decoding=\"async\" width=\"540\" height=\"758\" src=\"https:\/\/uncme.org.br\/rs\/wp-content\/uploads\/2022\/01\/Recomendacoes_Orientacoes_2_Caderno_Orientador.png\" class=\"attachment-large size-large wp-post-image\" alt=\"\" style=\"\" srcset=\"https:\/\/uncme.org.br\/rs\/wp-content\/uploads\/2022\/01\/Recomendacoes_Orientacoes_2_Caderno_Orientador.png 540w, https:\/\/uncme.org.br\/rs\/wp-content\/uploads\/2022\/01\/Recomendacoes_Orientacoes_2_Caderno_Orientador-214x300.png 214w\" sizes=\"(max-width: 540px) 100vw, 540px\" \/><\/a><\/div><a class=\"wp-block-latest-posts__post-title\" href=\"https:\/\/uncme.org.br\/rs\/blog\/2020\/06\/30\/recomendacoes-e-orientacoes-aos-sistemas-municipais-de-ensino-durante-e-pos-pandemia-da-covid-19-caderno-2\/\">RECOMENDA\u00c7\u00d5ES E ORIENTA\u00c7\u00d5ES AOS SISTEMAS MUNICIPAIS DE ENSINO\/EDUCA\u00c7\u00c3O: durante e p\u00f3s-pandemia da COVID-19 (Caderno 2)<\/a><\/li>\n<li><div class=\"wp-block-latest-posts__featured-image aligncenter\"><a href=\"https:\/\/uncme.org.br\/rs\/blog\/2020\/04\/15\/atividades-presenciais-e-nao-presenciais-linhas-gerais-da-legislacao-em-vigor-abril-de-2020\/\" aria-label=\"ATIVIDADES PRESENCIAIS E N\u00c3O PRESENCIAIS: linhas gerais da legisla\u00e7\u00e3o em vigor (Caderno 1)\"><img loading=\"lazy\" decoding=\"async\" width=\"540\" height=\"758\" src=\"https:\/\/uncme.org.br\/rs\/wp-content\/uploads\/2022\/01\/Atividades_Presenciais_e_nao_Presenciais_versao_final_23.png\" class=\"attachment-large size-large wp-post-image\" alt=\"\" style=\"\" srcset=\"https:\/\/uncme.org.br\/rs\/wp-content\/uploads\/2022\/01\/Atividades_Presenciais_e_nao_Presenciais_versao_final_23.png 540w, https:\/\/uncme.org.br\/rs\/wp-content\/uploads\/2022\/01\/Atividades_Presenciais_e_nao_Presenciais_versao_final_23-214x300.png 214w\" sizes=\"(max-width: 540px) 100vw, 540px\" \/><\/a><\/div><a class=\"wp-block-latest-posts__post-title\" href=\"https:\/\/uncme.org.br\/rs\/blog\/2020\/04\/15\/atividades-presenciais-e-nao-presenciais-linhas-gerais-da-legislacao-em-vigor-abril-de-2020\/\">ATIVIDADES PRESENCIAIS E N\u00c3O PRESENCIAIS: linhas gerais da legisla\u00e7\u00e3o em vigor (Caderno 1)<\/a><\/li>\n<li><div class=\"wp-block-latest-posts__featured-image aligncenter\"><a href=\"https:\/\/uncme.org.br\/rs\/blog\/2018\/12\/12\/referencial-curricular-gaucho\/\" aria-label=\"REFERENCIAL CURRICULAR GA\u00daCHO: Educa\u00e7\u00e3o Infantil e Ensino M\u00e9dio\"><img loading=\"lazy\" decoding=\"async\" width=\"800\" height=\"450\" src=\"https:\/\/uncme.org.br\/rs\/wp-content\/uploads\/2022\/01\/referencia-curricular-gaucho-1024x576.png\" class=\"attachment-large size-large wp-post-image\" alt=\"\" style=\"\" srcset=\"https:\/\/uncme.org.br\/rs\/wp-content\/uploads\/2022\/01\/referencia-curricular-gaucho-1024x576.png 1024w, https:\/\/uncme.org.br\/rs\/wp-content\/uploads\/2022\/01\/referencia-curricular-gaucho-300x169.png 300w, https:\/\/uncme.org.br\/rs\/wp-content\/uploads\/2022\/01\/referencia-curricular-gaucho-768x432.png 768w, https:\/\/uncme.org.br\/rs\/wp-content\/uploads\/2022\/01\/referencia-curricular-gaucho.png 1333w\" sizes=\"(max-width: 800px) 100vw, 800px\" \/><\/a><\/div><a class=\"wp-block-latest-posts__post-title\" href=\"https:\/\/uncme.org.br\/rs\/blog\/2018\/12\/12\/referencial-curricular-gaucho\/\">REFERENCIAL CURRICULAR GA\u00daCHO: Educa\u00e7\u00e3o Infantil e Ensino M\u00e9dio<\/a><\/li>\n<li><div class=\"wp-block-latest-posts__featured-image aligncenter\"><a href=\"https:\/\/uncme.org.br\/rs\/blog\/2017\/12\/20\/base-nacional-comum-curricular\/\" aria-label=\"Base Nacional Comum Curricular\"><img loading=\"lazy\" decoding=\"async\" width=\"800\" height=\"450\" src=\"https:\/\/uncme.org.br\/rs\/wp-content\/uploads\/2017\/12\/bnc_Parecer-cne_cp_015-2017-1024x576.png\" class=\"attachment-large size-large wp-post-image\" alt=\"\" style=\"\" srcset=\"https:\/\/uncme.org.br\/rs\/wp-content\/uploads\/2017\/12\/bnc_Parecer-cne_cp_015-2017-1024x576.png 1024w, https:\/\/uncme.org.br\/rs\/wp-content\/uploads\/2017\/12\/bnc_Parecer-cne_cp_015-2017-300x169.png 300w, https:\/\/uncme.org.br\/rs\/wp-content\/uploads\/2017\/12\/bnc_Parecer-cne_cp_015-2017-768x432.png 768w, https:\/\/uncme.org.br\/rs\/wp-content\/uploads\/2017\/12\/bnc_Parecer-cne_cp_015-2017.png 1333w\" sizes=\"(max-width: 800px) 100vw, 800px\" \/><\/a><\/div><a class=\"wp-block-latest-posts__post-title\" href=\"https:\/\/uncme.org.br\/rs\/blog\/2017\/12\/20\/base-nacional-comum-curricular\/\">Base Nacional Comum Curricular<\/a><\/li>\n<li><div class=\"wp-block-latest-posts__featured-image aligncenter\"><a href=\"https:\/\/uncme.org.br\/rs\/blog\/2017\/04\/14\/marco-regulatorio-oscs\/\" aria-label=\"Marco Regulat\u00f3rio &#8211; OSCS\"><img loading=\"lazy\" decoding=\"async\" width=\"606\" height=\"810\" src=\"https:\/\/uncme.org.br\/rs\/wp-content\/uploads\/2023\/03\/1-1.jpg\" class=\"attachment-large size-large wp-post-image\" alt=\"\" style=\"\" srcset=\"https:\/\/uncme.org.br\/rs\/wp-content\/uploads\/2023\/03\/1-1.jpg 606w, https:\/\/uncme.org.br\/rs\/wp-content\/uploads\/2023\/03\/1-1-224x300.jpg 224w\" sizes=\"(max-width: 606px) 100vw, 606px\" \/><\/a><\/div><a class=\"wp-block-latest-posts__post-title\" href=\"https:\/\/uncme.org.br\/rs\/blog\/2017\/04\/14\/marco-regulatorio-oscs\/\">Marco Regulat\u00f3rio &#8211; OSCS<\/a><\/li>\n<li><div class=\"wp-block-latest-posts__featured-image aligncenter\"><a href=\"https:\/\/uncme.org.br\/rs\/blog\/2015\/12\/31\/regimentos-internos-conselhos-municipais-de-educacao-rs\/\" aria-label=\"Regimentos Internos Conselhos Municipais de Educa\u00e7\u00e3o &#8211; RS\"><img loading=\"lazy\" decoding=\"async\" width=\"800\" height=\"450\" src=\"https:\/\/uncme.org.br\/rs\/wp-content\/uploads\/2022\/01\/Regimentos_Interno_UNCMERS-1024x576.png\" class=\"attachment-large size-large wp-post-image\" alt=\"\" style=\"\" srcset=\"https:\/\/uncme.org.br\/rs\/wp-content\/uploads\/2022\/01\/Regimentos_Interno_UNCMERS-1024x576.png 1024w, https:\/\/uncme.org.br\/rs\/wp-content\/uploads\/2022\/01\/Regimentos_Interno_UNCMERS-300x169.png 300w, https:\/\/uncme.org.br\/rs\/wp-content\/uploads\/2022\/01\/Regimentos_Interno_UNCMERS-768x432.png 768w, https:\/\/uncme.org.br\/rs\/wp-content\/uploads\/2022\/01\/Regimentos_Interno_UNCMERS.png 1333w\" sizes=\"(max-width: 800px) 100vw, 800px\" \/><\/a><\/div><a class=\"wp-block-latest-posts__post-title\" href=\"https:\/\/uncme.org.br\/rs\/blog\/2015\/12\/31\/regimentos-internos-conselhos-municipais-de-educacao-rs\/\">Regimentos Internos Conselhos Municipais de Educa\u00e7\u00e3o &#8211; RS<\/a><\/li>\n<li><div class=\"wp-block-latest-posts__featured-image aligncenter\"><a href=\"https:\/\/uncme.org.br\/rs\/blog\/2015\/12\/31\/cartilha-para-conselhos-municipais-de-educacao\/\" aria-label=\"Cartilha para Conselhos Municipais de Educa\u00e7\u00e3o\"><img loading=\"lazy\" decoding=\"async\" width=\"800\" height=\"450\" src=\"https:\/\/uncme.org.br\/rs\/wp-content\/uploads\/2022\/01\/cartilha-conselho-1024x576.png\" class=\"attachment-large size-large wp-post-image\" alt=\"\" style=\"\" srcset=\"https:\/\/uncme.org.br\/rs\/wp-content\/uploads\/2022\/01\/cartilha-conselho-1024x576.png 1024w, https:\/\/uncme.org.br\/rs\/wp-content\/uploads\/2022\/01\/cartilha-conselho-300x169.png 300w, https:\/\/uncme.org.br\/rs\/wp-content\/uploads\/2022\/01\/cartilha-conselho-768x432.png 768w, https:\/\/uncme.org.br\/rs\/wp-content\/uploads\/2022\/01\/cartilha-conselho.png 1333w\" sizes=\"(max-width: 800px) 100vw, 800px\" \/><\/a><\/div><a class=\"wp-block-latest-posts__post-title\" href=\"https:\/\/uncme.org.br\/rs\/blog\/2015\/12\/31\/cartilha-para-conselhos-municipais-de-educacao\/\">Cartilha para Conselhos Municipais de Educa\u00e7\u00e3o<\/a><\/li>\n<li><div class=\"wp-block-latest-posts__featured-image aligncenter\"><a href=\"https:\/\/uncme.org.br\/rs\/blog\/2009\/12\/31\/gestao-da-educacao-no-municipio\/\" aria-label=\"GEST\u00c3O DA EDUCA\u00c7\u00c3O NO MUNIC\u00cdPIO\"><img loading=\"lazy\" decoding=\"async\" width=\"800\" height=\"450\" src=\"https:\/\/uncme.org.br\/rs\/wp-content\/uploads\/2022\/01\/gestao_educacao_municipio-1024x576.png\" class=\"attachment-large size-large wp-post-image\" alt=\"\" style=\"\" srcset=\"https:\/\/uncme.org.br\/rs\/wp-content\/uploads\/2022\/01\/gestao_educacao_municipio-1024x576.png 1024w, https:\/\/uncme.org.br\/rs\/wp-content\/uploads\/2022\/01\/gestao_educacao_municipio-300x169.png 300w, https:\/\/uncme.org.br\/rs\/wp-content\/uploads\/2022\/01\/gestao_educacao_municipio-768x432.png 768w, https:\/\/uncme.org.br\/rs\/wp-content\/uploads\/2022\/01\/gestao_educacao_municipio.png 1333w\" sizes=\"(max-width: 800px) 100vw, 800px\" \/><\/a><\/div><a class=\"wp-block-latest-posts__post-title\" href=\"https:\/\/uncme.org.br\/rs\/blog\/2009\/12\/31\/gestao-da-educacao-no-municipio\/\">GEST\u00c3O DA EDUCA\u00c7\u00c3O NO MUNIC\u00cdPIO<\/a><\/li>\n<\/ul>","protected":false},"excerpt":{"rendered":"","protected":false},"author":2,"featured_media":6609,"parent":0,"menu_order":0,"comment_status":"closed","ping_status":"closed","template":"","meta":{"footnotes":""},"class_list":["post-478","page","type-page","status-publish","has-post-thumbnail","hentry"],"_links":{"self":[{"href":"https:\/\/uncme.org.br\/rs\/wp-json\/wp\/v2\/pages\/478","targetHints":{"allow":["GET"]}}],"collection":[{"href":"https:\/\/uncme.org.br\/rs\/wp-json\/wp\/v2\/pages"}],"about":[{"href":"https:\/\/uncme.org.br\/rs\/wp-json\/wp\/v2\/types\/page"}],"author":[{"embeddable":true,"href":"https:\/\/uncme.org.br\/rs\/wp-json\/wp\/v2\/users\/2"}],"replies":[{"embeddable":true,"href":"https:\/\/uncme.org.br\/rs\/wp-json\/wp\/v2\/comments?post=478"}],"version-history":[{"count":5,"href":"https:\/\/uncme.org.br\/rs\/wp-json\/wp\/v2\/pages\/478\/revisions"}],"predecessor-version":[{"id":1344,"href":"https:\/\/uncme.org.br\/rs\/wp-json\/wp\/v2\/pages\/478\/revisions\/1344"}],"wp:featuredmedia":[{"embeddable":true,"href":"https:\/\/uncme.org.br\/rs\/wp-json\/wp\/v2\/media\/6609"}],"wp:attachment":[{"href":"https:\/\/uncme.org.br\/rs\/wp-json\/wp\/v2\/media?parent=478"}],"curies":[{"name":"wp","href":"https:\/\/api.w.org\/{rel}","templated":true}]}}