{"id":5557,"date":"2024-03-25T14:04:26","date_gmt":"2024-03-25T17:04:26","guid":{"rendered":"https:\/\/uncme.org.br\/rs\/?page_id=5557"},"modified":"2024-05-22T14:18:42","modified_gmt":"2024-05-22T17:18:42","slug":"conselho-pleno-2024","status":"publish","type":"page","link":"https:\/\/uncme.org.br\/rs\/conselho-pleno-2024\/","title":{"rendered":"Conselho Pleno 2024"},"content":{"rendered":"\n<p class=\"has-text-align-center has-luminous-vivid-orange-color has-text-color has-link-color has-medium-font-size wp-elements-b9094aade03168d8364883f0cf71d20c\">lista final dos munic\u00edpios aptos ao Conselho Pleno.<\/p>\n\n\n\n<p>Atendendo ao estipulado no Edital de Convoca\u00e7\u00e3o UNCME-RS n\u00ba 02\/2024, est\u00e1-se divulgando a Lista preliminar dos Conselhos Municipais de Educa\u00e7\u00e3o do RS APTOS a participar da Assembleia Extraordin\u00e1ria ao Conselho Pleno a fim de realizar a Altera\u00e7\u00e3o Estatut\u00e1ria da UNCME-RS, que realizar-se-\u00e1 no dia 24 de maio, no hor\u00e1rio das 9h50min, acontecer\u00e1 a 1\u00aa chamada e 10h a 2\u00aa chamada para a Vota\u00e7\u00e3o final da Adequa\u00e7\u00e3o Estatut\u00e1ria da UNCME-RS ao Estatuto da UNCME Nacional.<\/p>\n\n\n\n<p>A presente adequa\u00e7\u00e3o estatut\u00e1ria dar-se-\u00e1 por determina\u00e7\u00e3o do Estatuto da UNCME Nacional, aprovado por unanimidade em 29 de maio de 2023, o qual estabeleceu \u201cArt. 60 &#8211; As seccionais da UNCME ter\u00e3o o prazo de 180 (cento e oitenta) dias para adequar os seus respectivos Estatutos\u201d.<br>Para cumprimento do Art. 60 do Estatuto da UNCME, foi publicada a Portaria UNCME n\u00ba012\/2023, dilatando o prazo para cumprimento da adequa\u00e7\u00e3o, sendo que em seu Art. 1\u00ba estabeleceu \u201cArt. 1\u00ba &#8211; Dilatar prazo de adequa\u00e7\u00e3o estatut\u00e1ria, conforme art. 60 do estatuto, at\u00e9 o prazo impreter\u00edvel 30 de maio de 2024\u201d.<\/p>\n\n\n\n<p>A Adequa\u00e7\u00e3o do Estatuto da UNCME-RS ao Estatuto da UNCME Nacional acontecer\u00e1 conforme estabelecido no Art. 9\u00ba do Estatuto em vig\u00eancia \u201cArt. 9\u00ba &#8211; O Conselho Pleno \u00e9 o \u00f3rg\u00e3o m\u00e1ximo da UNCME-RS, constitu\u00eddo pela Diretoria e Presidentes\/as dos CMEs associados ou por seus\/suas representantes credenciados\/as. \u00a71o- A Diretoria e os\/as Presidentes\/as dos CMEs associados adimplentes ter\u00e3o direito \u00e0 voz e ao voto e os\/as Conselheiros\/as somente \u00e0 voz. \u00a72o- No impedimento do\/a Presidente\/a do Conselho, este\/a ser\u00e1 representado\/a pelo\/a Vice-presidente\/a ou Conselheiro\/a designado\/a para o ato no Conselho que preside\u201d.<\/p>\n\n\n\n<p>Ressalta-se que compete ao Conselho Pleno, conforme expresso no Art. 10 do Estatuto da UNCME-RS \u201cIV. aprovar a proposta anual de or\u00e7amento, apresentada pelo\/a Coordenador\/a Estadual e pelos\/as Tesoureiros\/as; V. aprovar os balancetes ou demonstrativos financeiros, a presta\u00e7\u00e3o de contas, balan\u00e7o e o relat\u00f3rio anual de gest\u00e3o da Entidade com parecer do Conselho Fiscal; VIII. aprovar as altera\u00e7\u00f5es estatut\u00e1rias da Entidade\u201d.<br>Os Conselhos Municipais de Educa\u00e7\u00e3o do RS tiveram um prazo de 25 de mar\u00e7o at\u00e9 \u00e0s 23h59min do dia 02 de maio de 2024 para realizar o cadastramento do\/a representante de cada CME apto para participar da Assembleia Extraordin\u00e1ria.<\/p>\n\n\n\n<p class=\"has-medium-font-size\">A lista final com os munic\u00edpios aptos pode ser acessada no seguinte link:&nbsp;<a href=\"https:\/\/drive.google.com\/file\/d\/1ivb4g6BscQMYdJ1SPn8NiYgkv0xwWSoA\/view?usp=sharing\">https:\/\/drive.google.com\/file\/d\/1ivb4g6BscQMYdJ1SPn8NiYgkv0xwWSoA\/view?usp=sharing<\/a><\/p>\n\n\n\n<p>LINK DE ACESSO AO EDITAL DE RETIFICA\u00c7\u00c3O DE CONVOCA\u00c7\u00c3O: <a href=\"https:\/\/drive.google.com\/file\/d\/1PMZ3uSxlm86utTaJdZxw_4UnJeMuWBlx\/view?usp=sharing\">Edital UNCME-RS N\u00ba 02\/2024<\/a><\/p>\n\n\n\n<p>LINK DE ACESSO \u00c0 MINUTA:<a rel=\"noreferrer noopener\" href=\"https:\/\/drive.google.com\/file\/d\/1ddlPFv2KOFt80O0OU1MWznVRFgg-BcFU\/view?usp=drive_link\" target=\"_blank\"> <\/a><a href=\"https:\/\/drive.google.com\/file\/d\/1ddlPFv2KOFt80O0OU1MWznVRFgg-BcFU\/view?usp=drive_link\" target=\"_blank\" rel=\"noreferrer noopener\">ESTATUTO SOCIAL<\/a><\/p>\n\n\n\n<p>Google forms com a Minuta de Adequa\u00e7\u00e3o do Estatuto da UNCME-R: <a href=\"https:\/\/docs.google.com\/forms\/d\/e\/1FAIpQLSfyI4DGhI0vn-HjTsmTEiuRinBMIavBw3e-2dzBsr6QVE_a3g\/viewform\" target=\"_blank\" rel=\"noreferrer noopener\">https:\/\/forms.gle\/G5NzAz2tKH5RQBUm6<\/a><\/p>\n\n\n\n<p>Cadastramento do\/a representante:  <a href=\"https:\/\/forms.gle\/zucdqBYrCwrSHnLV7\">https:\/\/forms.gle\/zucdqBYrCwrSHnLV7<\/a><\/p>\n","protected":false},"excerpt":{"rendered":"<p>lista final dos munic\u00edpios aptos ao Conselho Pleno. Atendendo ao estipulado no Edital de Convoca\u00e7\u00e3o UNCME-RS n\u00ba 02\/2024, est\u00e1-se divulgando<\/p>\n","protected":false},"author":2,"featured_media":0,"parent":0,"menu_order":0,"comment_status":"closed","ping_status":"closed","template":"","meta":{"footnotes":""},"class_list":["post-5557","page","type-page","status-publish","hentry"],"_links":{"self":[{"href":"https:\/\/uncme.org.br\/rs\/wp-json\/wp\/v2\/pages\/5557","targetHints":{"allow":["GET"]}}],"collection":[{"href":"https:\/\/uncme.org.br\/rs\/wp-json\/wp\/v2\/pages"}],"about":[{"href":"https:\/\/uncme.org.br\/rs\/wp-json\/wp\/v2\/types\/page"}],"author":[{"embeddable":true,"href":"https:\/\/uncme.org.br\/rs\/wp-json\/wp\/v2\/users\/2"}],"replies":[{"embeddable":true,"href":"https:\/\/uncme.org.br\/rs\/wp-json\/wp\/v2\/comments?post=5557"}],"version-history":[{"count":16,"href":"https:\/\/uncme.org.br\/rs\/wp-json\/wp\/v2\/pages\/5557\/revisions"}],"predecessor-version":[{"id":5735,"href":"https:\/\/uncme.org.br\/rs\/wp-json\/wp\/v2\/pages\/5557\/revisions\/5735"}],"wp:attachment":[{"href":"https:\/\/uncme.org.br\/rs\/wp-json\/wp\/v2\/media?parent=5557"}],"curies":[{"name":"wp","href":"https:\/\/api.w.org\/{rel}","templated":true}]}}