{"id":592,"date":"2020-10-12T10:23:56","date_gmt":"2020-10-12T13:23:56","guid":{"rendered":"https:\/\/uncme.org.br\/novo\/uncmers\/?page_id=26"},"modified":"2023-03-14T17:38:44","modified_gmt":"2023-03-14T20:38:44","slug":"historico","status":"publish","type":"page","link":"https:\/\/uncme.org.br\/rs\/historico\/","title":{"rendered":"Hist\u00f3rico"},"content":{"rendered":"\t\t<div data-elementor-type=\"wp-page\" data-elementor-id=\"592\" class=\"elementor elementor-592\">\n\t\t\t\t\t\t<section class=\"elementor-section elementor-top-section elementor-element elementor-element-761c392 elementor-section-boxed elementor-section-height-default elementor-section-height-default jltma-glass-effect-no\" data-id=\"761c392\" data-element_type=\"section\">\n\t\t\t\t\t\t<div class=\"elementor-container elementor-column-gap-default\">\n\t\t\t\t\t<div class=\"elementor-column elementor-col-100 elementor-top-column elementor-element elementor-element-890f0dd jltma-glass-effect-no\" data-id=\"890f0dd\" data-element_type=\"column\">\n\t\t\t<div class=\"elementor-widget-wrap elementor-element-populated\">\n\t\t\t\t\t\t<div class=\"elementor-element elementor-element-5022555 jltma-glass-effect-no elementor-widget elementor-widget-heading\" data-id=\"5022555\" data-element_type=\"widget\" data-widget_type=\"heading.default\">\n\t\t\t\t<div class=\"elementor-widget-container\">\n\t\t\t\t\t<h5 class=\"elementor-heading-title elementor-size-default\">HIST\u00d3RICO<\/h5>\t\t\t\t<\/div>\n\t\t\t\t<\/div>\n\t\t\t\t\t<\/div>\n\t\t<\/div>\n\t\t\t\t\t<\/div>\n\t\t<\/section>\n\t\t\t\t<section class=\"elementor-section elementor-top-section elementor-element elementor-element-9e90ded elementor-section-boxed elementor-section-height-default elementor-section-height-default jltma-glass-effect-no\" data-id=\"9e90ded\" data-element_type=\"section\">\n\t\t\t\t\t\t<div class=\"elementor-container elementor-column-gap-default\">\n\t\t\t\t\t<div class=\"elementor-column elementor-col-100 elementor-top-column elementor-element elementor-element-9aa44a5 jltma-glass-effect-no\" data-id=\"9aa44a5\" data-element_type=\"column\">\n\t\t\t<div class=\"elementor-widget-wrap elementor-element-populated\">\n\t\t\t\t\t\t<div class=\"elementor-element elementor-element-bb0b867 jltma-glass-effect-no elementor-widget elementor-widget-text-editor\" data-id=\"bb0b867\" data-element_type=\"widget\" data-widget_type=\"text-editor.default\">\n\t\t\t\t<div class=\"elementor-widget-container\">\n\t\t\t\t\t\t\t\t\t<div id=\"comp-k8ed2pok\" class=\"_1Q9if\" data-testid=\"richTextElement\"><h2 class=\"font_2\" style=\"text-align: justify;\">Conselhos Municipais de Educa\u00e7\u00e3o<\/h2><p class=\"font_8\" style=\"text-align: justify;\">\u00a0 \u00a0<\/p><p class=\"font_8\" style=\"text-align: justify;\">A UNCME-RS \u00e9 uma entidade de direito privado, sem fins lucrativos, que congrega os Conselhos Municipais de Educa\u00e7\u00e3o do Estado do Rio Grande do Sul. Com mais de vinte anos de hist\u00f3ria em defesa do fortalecimento dos Colegiados e pela institucionaliza\u00e7\u00e3o dos Sistemas Municipais de Ensino.<\/p><p class=\"font_8\" style=\"text-align: justify;\">Nosso objetivo \u00e9 atingir o maior n\u00famero de munic\u00edpios ga\u00fachos contribuindo para a constru\u00e7\u00e3o e efetiva\u00e7\u00e3o dos Sistemas Municipais de Ensino. O Conselho Municipal de Educa\u00e7\u00e3o \u00e9 respons\u00e1vel pela fiscaliza\u00e7\u00e3o, acompanhamento, normatiza\u00e7\u00e3o e proposi\u00e7\u00e3o de pol\u00edticas p\u00fablicas educacionais em \u00e2mbito municipal.<\/p><p class=\"font_8\" style=\"text-align: justify;\">Ele \u00e9 fundamental para o processo de gest\u00e3o democr\u00e1tica na educa\u00e7\u00e3o dos munic\u00edpios ga\u00fachos e representa um elo entre o Gestor e a comunidade escolar. Participe deste movimento em sua cidade e conhe\u00e7a o seu Conselho Municipal de Educa\u00e7\u00e3o.<\/p><\/div><div id=\"comp-ilbp21fo\" class=\"_1Q9if\" data-testid=\"richTextElement\"><p class=\"font_7\" style=\"text-align: justify;\">A UNCME-RS congrega os Conselhos Municipais de Educa\u00e7\u00e3o de todo o Rio Grande do Sul, e possui mais de 20 anos de hist\u00f3ria na luta pelos \u00d3rg\u00e3os Colegiados. Tem como um dos seus principais objetivos fomentar a educa\u00e7\u00e3o como um dos instrumentos de inclus\u00e3o social. De acordo com o Estatuto da UNCME-RS, a entidade \u00e9 composta pela Diretoria Executiva, o Conselho Fiscal e os Coordenadores Regionais.<\/p><p class=\"font_7\" style=\"text-align: justify;\">\u00a0A entidade realiza anualmente, o Encontro Estadual onde re\u00fane o Conselho Pleno, formado por todos os Conselhos Municipais de Educa\u00e7\u00e3o filiados, sendo ele o respons\u00e1vel pelas principais decis\u00f5es da UNCME-RS. O Conselho Fiscal se re\u00fane a cada trimestre para analisar e votar um Parecer sobre a utiliza\u00e7\u00e3o dos recursos financeiros.<\/p><p class=\"font_7\" style=\"text-align: justify;\">\u00a0 Os Coordenadores Regionais s\u00e3o respons\u00e1veis por articular os Conselhos de cada uma das 27 regi\u00f5es do Estado, de acordo com a divis\u00e3o da FAMURS. Eles se reunem mensalmente nas regionais e em Porto Alegre, juntamente com a Diretoria Executiva.\u00a0\u00a0<\/p><p class=\"font_7\" style=\"text-align: justify;\">\u00a0Cabe \u00e0 Diretoria Executiva coordenar os trabalhos administrativos e representar os Conselhos Municipais de Educa\u00e7\u00e3o do Estado em todas as inst\u00e2ncias e esferas de atua\u00e7\u00e3o. O mandato da Diretoria Executiva \u00e9 de quatro\u00a0anos, e a atual gest\u00e3o coordenar\u00e1 a UNCME-RS de 2019\u00a0a 2023. O munic\u00edpio sede, atualmente, \u00e9 S\u00e3o Leopoldo, representado pela Prof\u00aa Fabiane Bitello Pedro que coordena a entidade.\u00a0<\/p><\/div>\t\t\t\t\t\t\t\t<\/div>\n\t\t\t\t<\/div>\n\t\t\t\t\t<\/div>\n\t\t<\/div>\n\t\t\t\t\t<\/div>\n\t\t<\/section>\n\t\t\t\t<section class=\"elementor-section elementor-top-section elementor-element elementor-element-b391711 elementor-section-boxed elementor-section-height-default elementor-section-height-default jltma-glass-effect-no\" data-id=\"b391711\" data-element_type=\"section\">\n\t\t\t\t\t\t<div class=\"elementor-container elementor-column-gap-default\">\n\t\t\t\t\t<div class=\"elementor-column elementor-col-33 elementor-top-column elementor-element elementor-element-01e46ea jltma-glass-effect-no\" data-id=\"01e46ea\" data-element_type=\"column\">\n\t\t\t<div class=\"elementor-widget-wrap elementor-element-populated\">\n\t\t\t\t\t\t<div class=\"elementor-element elementor-element-883b270 jltma-glass-effect-no elementor-widget elementor-widget-image\" data-id=\"883b270\" data-element_type=\"widget\" data-widget_type=\"image.default\">\n\t\t\t\t<div class=\"elementor-widget-container\">\n\t\t\t\t\t\t\t\t\t\t\t\t\t\t\t<img fetchpriority=\"high\" decoding=\"async\" width=\"400\" height=\"600\" src=\"https:\/\/uncme.org.br\/rs\/wp-content\/uploads\/2023\/03\/FABIANE-BITELLO-PEDRO.jpg\" class=\"attachment-large size-large wp-image-3841\" alt=\"\" srcset=\"https:\/\/uncme.org.br\/rs\/wp-content\/uploads\/2023\/03\/FABIANE-BITELLO-PEDRO.jpg 400w, https:\/\/uncme.org.br\/rs\/wp-content\/uploads\/2023\/03\/FABIANE-BITELLO-PEDRO-200x300.jpg 200w\" sizes=\"(max-width: 400px) 100vw, 400px\" \/>\t\t\t\t\t\t\t\t\t\t\t\t\t\t\t<\/div>\n\t\t\t\t<\/div>\n\t\t\t\t\t<\/div>\n\t\t<\/div>\n\t\t\t\t<div class=\"elementor-column elementor-col-66 elementor-top-column elementor-element elementor-element-264b052 jltma-glass-effect-no\" data-id=\"264b052\" data-element_type=\"column\">\n\t\t\t<div class=\"elementor-widget-wrap elementor-element-populated\">\n\t\t\t\t\t\t<div class=\"elementor-element elementor-element-8ed5188 jltma-glass-effect-no elementor-widget elementor-widget-text-editor\" data-id=\"8ed5188\" data-element_type=\"widget\" data-widget_type=\"text-editor.default\">\n\t\t\t\t<div class=\"elementor-widget-container\">\n\t\t\t\t\t\t\t\t\t<h3 style=\"text-align: justify;\"><a href=\"https:\/\/drive.google.com\/file\/d\/1DN90poVpB-DJbSjlL2_Eu_a1I_9sTEnz\/view?usp=sharing\">Uma UNCME-RS que vai al\u00e9m<\/a>&nbsp;da Diretoria Executiva!<\/h3>\t\t\t\t\t\t\t\t<\/div>\n\t\t\t\t<\/div>\n\t\t\t\t\t<\/div>\n\t\t<\/div>\n\t\t\t\t\t<\/div>\n\t\t<\/section>\n\t\t\t\t<\/div>\n\t\t","protected":false},"excerpt":{"rendered":"<p>HIST\u00d3RICO Conselhos Municipais de Educa\u00e7\u00e3o \u00a0 \u00a0 A UNCME-RS \u00e9 uma entidade de direito privado, sem fins lucrativos, que congrega<\/p>\n","protected":false},"author":1,"featured_media":695,"parent":0,"menu_order":0,"comment_status":"closed","ping_status":"closed","template":"","meta":{"footnotes":""},"class_list":["post-592","page","type-page","status-publish","has-post-thumbnail","hentry"],"_links":{"self":[{"href":"https:\/\/uncme.org.br\/rs\/wp-json\/wp\/v2\/pages\/592","targetHints":{"allow":["GET"]}}],"collection":[{"href":"https:\/\/uncme.org.br\/rs\/wp-json\/wp\/v2\/pages"}],"about":[{"href":"https:\/\/uncme.org.br\/rs\/wp-json\/wp\/v2\/types\/page"}],"author":[{"embeddable":true,"href":"https:\/\/uncme.org.br\/rs\/wp-json\/wp\/v2\/users\/1"}],"replies":[{"embeddable":true,"href":"https:\/\/uncme.org.br\/rs\/wp-json\/wp\/v2\/comments?post=592"}],"version-history":[{"count":7,"href":"https:\/\/uncme.org.br\/rs\/wp-json\/wp\/v2\/pages\/592\/revisions"}],"predecessor-version":[{"id":3845,"href":"https:\/\/uncme.org.br\/rs\/wp-json\/wp\/v2\/pages\/592\/revisions\/3845"}],"wp:featuredmedia":[{"embeddable":true,"href":"https:\/\/uncme.org.br\/rs\/wp-json\/wp\/v2\/media\/695"}],"wp:attachment":[{"href":"https:\/\/uncme.org.br\/rs\/wp-json\/wp\/v2\/media?parent=592"}],"curies":[{"name":"wp","href":"https:\/\/api.w.org\/{rel}","templated":true}]}}