{"id":6237,"date":"2025-02-21T15:36:49","date_gmt":"2025-02-21T18:36:49","guid":{"rendered":"https:\/\/uncme.org.br\/rs\/?page_id=6237"},"modified":"2026-02-24T10:06:50","modified_gmt":"2026-02-24T13:06:50","slug":"filiacao_recadastro","status":"publish","type":"page","link":"https:\/\/uncme.org.br\/rs\/filiacao_recadastro\/","title":{"rendered":"Filia\u00e7\u00e3o\/Recadastro UNCME-RS"},"content":{"rendered":"\n<p><strong>Prezado(a) Presidente(a)<\/strong><\/p>\n\n\n\n<p>Esta ficha de filia\u00e7\u00e3o\/recadastro \u00e9 um importante documento norteador do trabalho da UNCME-RS para todos os CMEs do Estado. Pedimos a aten\u00e7\u00e3o na resposta deste instrumento, primando pela veracidade das informa\u00e7\u00f5es aqui prestadas, de acordo com a realidade do teu munic\u00edpio.<br><br>Nos comprometemos a propor e articular pol\u00edticas junto aos\/\u00e0s nossos\/as parceiros\/as &nbsp;e organizarmos um planejamento adequado a todas as necessidades elencadas nesta consulta.&nbsp;<br><br>Se houverem d\u00favidas no preenchimento dos dados, entre em contato conosco pelo e-mail&nbsp;<a href=\"mailto:uncmers@gmail.com\">uncmers@gmail.com<\/a>&nbsp;e pelo fone (54) 99994-6001, falando diretamente com o Diretor Administrativo e Financeiro da UNCME-RS, Conselheir Alvoni Ad\u00e3o Prux dos Passos.<br><br>Desde j\u00e1 agradecemos sua participa\u00e7\u00e3o.<\/p>\n\n\n\n<p>Diretoria Executiva da UNCME-RS (Gest\u00e3o 2024-2028)<\/p>\n\n\n\n<div class=\"wp-block-buttons is-horizontal is-content-justification-left is-layout-flex wp-container-core-buttons-is-layout-20be11b6 wp-block-buttons-is-layout-flex\">\n<div class=\"wp-block-button\"><a class=\"wp-block-button__link has-white-color has-luminous-vivid-orange-background-color has-text-color has-background wp-element-button\" href=\"https:\/\/docs.google.com\/forms\/d\/e\/1FAIpQLSd3DV89f9d1Cpxjs7uCCWQc8tzzLPaT8sw4mSVbLXgEMeNNkw\/viewform\" style=\"border-radius:12px\" target=\"_blank\" rel=\"noreferrer noopener\">Filia\u00e7\u00e3o\/Atualiza\u00e7\u00e3o cadastral &#8211; Clique aqui<\/a><\/div>\n<\/div>\n\n\n\n<p><\/p>\n","protected":false},"excerpt":{"rendered":"<p>Prezado(a) Presidente(a) Esta ficha de filia\u00e7\u00e3o\/recadastro \u00e9 um importante documento norteador do trabalho da UNCME-RS para todos os CMEs do<\/p>\n","protected":false},"author":1,"featured_media":0,"parent":0,"menu_order":0,"comment_status":"closed","ping_status":"closed","template":"","meta":{"footnotes":""},"class_list":["post-6237","page","type-page","status-publish","hentry"],"_links":{"self":[{"href":"https:\/\/uncme.org.br\/rs\/wp-json\/wp\/v2\/pages\/6237","targetHints":{"allow":["GET"]}}],"collection":[{"href":"https:\/\/uncme.org.br\/rs\/wp-json\/wp\/v2\/pages"}],"about":[{"href":"https:\/\/uncme.org.br\/rs\/wp-json\/wp\/v2\/types\/page"}],"author":[{"embeddable":true,"href":"https:\/\/uncme.org.br\/rs\/wp-json\/wp\/v2\/users\/1"}],"replies":[{"embeddable":true,"href":"https:\/\/uncme.org.br\/rs\/wp-json\/wp\/v2\/comments?post=6237"}],"version-history":[{"count":3,"href":"https:\/\/uncme.org.br\/rs\/wp-json\/wp\/v2\/pages\/6237\/revisions"}],"predecessor-version":[{"id":6820,"href":"https:\/\/uncme.org.br\/rs\/wp-json\/wp\/v2\/pages\/6237\/revisions\/6820"}],"wp:attachment":[{"href":"https:\/\/uncme.org.br\/rs\/wp-json\/wp\/v2\/media?parent=6237"}],"curies":[{"name":"wp","href":"https:\/\/api.w.org\/{rel}","templated":true}]}}