{"id":89,"date":"2021-12-20T22:05:58","date_gmt":"2021-12-21T01:05:58","guid":{"rendered":"https:\/\/uncme.org.br\/novo\/uncmers\/?page_id=89"},"modified":"2022-06-21T15:15:29","modified_gmt":"2022-06-21T18:15:29","slug":"prestacao-de-contas","status":"publish","type":"page","link":"https:\/\/uncme.org.br\/rs\/prestacao-de-contas\/","title":{"rendered":"Presta\u00e7\u00e3o de Contas"},"content":{"rendered":"<style>\/*! elementor - v3.5.6 - 28-02-2022 *\/<br \/>\n.elementor-heading-title{padding:0;margin:0;line-height:1}.elementor-widget-heading .elementor-heading-title[class*=elementor-size-]>a{color:inherit;font-size:inherit;line-height:inherit}.elementor-widget-heading .elementor-heading-title.elementor-size-small{font-size:15px}.elementor-widget-heading .elementor-heading-title.elementor-size-medium{font-size:19px}.elementor-widget-heading .elementor-heading-title.elementor-size-large{font-size:29px}.elementor-widget-heading .elementor-heading-title.elementor-size-xl{font-size:39px}.elementor-widget-heading .elementor-heading-title.elementor-size-xxl{font-size:59px}<\/style>\n<h6>PRESTA\u00c7\u00c3O DE CONTAS<\/h6>\n<p style=\"text-align: justify;\"><img decoding=\"async\" src=\"https:\/\/uncme.org.br\/novo\/uncmers\/wp-content\/uploads\/sites\/16\/2022\/01\/PRESTACAO_DE_CONTA.png\" alt=\"\" width=\"174\" height=\"173\">A UNCME-RS \u00e9 uma pessoa jur\u00eddica de direito privado, contudo a base principal da sua receita s\u00e3o as anuidades oriundas dos Munic\u00edpios ga\u00fachos que possuem seus Conselhos Municipais de Educa\u00e7\u00e3o filiados \u00e0 entidade.&nbsp;Desta forma, primamos pela transpar\u00eancia da execu\u00e7\u00e3o dos seus recursos, bem como pela publicidade das atividades em prol da defesa dos Conselhos Municipais de Educa\u00e7\u00e3o.<\/p>\n<p style=\"text-align: justify;\">De acordo com o Estatuto, o Conselho Fiscal \u00e9 eleito pelo Conselho Pleno, a cada dois anos, para fiscalizar os gastos e emitir Pareceres da execu\u00e7\u00e3o em cada ano civil. A Presta\u00e7\u00e3o de Contas ao Conselho Fiscal \u00e9 trimestral e apresentada ao Conselho Pleno, anualmente, nos Encontros Estaduais que a entidade realiza para todos os Conselhos Municipais de Educa\u00e7\u00e3o.<\/p>\n<p style=\"text-align: justify;\">Abaixo voc\u00ea pode acessar os demonstrativos de execu\u00e7\u00e3o financeira, dos \u00faltimos anos, e se sentir mais d\u00favidas, ou necessitar de esclarecimentos nos contate pelo e-mail&nbsp;<a href=\"mailto:uncmers@gmail.com\" data-auto-recognition=\"true\">uncmers@gmail.com<\/a>&nbsp;que lhe responderemos.<\/p>\n<p>\t\t\t\t\t\t\t\t\t<a href=\"https:\/\/uncme.org.br\/rs\/blog\/2017\/09\/14\/prestacao-de-contas-2016\/\" target=\"_self\" rel=\"noopener\"><br \/>\n<\/a><br \/>\n<a href=\"https:\/\/uncme.org.br\/rs\/blog\/2017\/09\/14\/prestacao-de-contas-2016\/\" target=\"_self\" rel=\"noopener\"><\/a><\/p>\n<h2>\n\t\t\t\t<a href=\"https:\/\/uncme.org.br\/rs\/blog\/2017\/09\/14\/prestacao-de-contas-2016\/\" target=\"_self\" rel=\"noopener\">Presta\u00e7\u00e3o de Contas \u2013 2016<\/a><\/h2>\n<p><a href=\"https:\/\/uncme.org.br\/rs\/blog\/2015\/11\/26\/prestacao-de-contas-2015\/\" target=\"_self\" rel=\"noopener\"><br \/>\n<\/a><br \/>\n<a href=\"https:\/\/uncme.org.br\/rs\/blog\/2015\/11\/26\/prestacao-de-contas-2015\/\" target=\"_self\" rel=\"noopener\"><\/a><\/p>\n<h2>\n\t\t\t\t<a href=\"https:\/\/uncme.org.br\/rs\/blog\/2015\/11\/26\/prestacao-de-contas-2015\/\" target=\"_self\" rel=\"noopener\">Presta\u00e7\u00e3o de Contas \u2013 2015<\/a><\/h2>\n<p><a href=\"https:\/\/uncme.org.br\/rs\/blog\/2015\/10\/06\/prestacao-de-contas-2014\/\" target=\"_self\" rel=\"noopener\"><br \/>\n<\/a><br \/>\n<a href=\"https:\/\/uncme.org.br\/rs\/blog\/2015\/10\/06\/prestacao-de-contas-2014\/\" target=\"_self\" rel=\"noopener\"><\/a><\/p>\n<h2>\n\t\t\t\t<a href=\"https:\/\/uncme.org.br\/rs\/blog\/2015\/10\/06\/prestacao-de-contas-2014\/\" target=\"_self\" rel=\"noopener\">Presta\u00e7\u00e3o de Contas \u2013 2014<\/a><\/h2>\n<p><a href=\"https:\/\/uncme.org.br\/rs\/blog\/2014\/06\/04\/prestacao-de-contas-2013\/\" target=\"_self\" rel=\"noopener\"><br \/>\n<\/a><br \/>\n<a href=\"https:\/\/uncme.org.br\/rs\/blog\/2014\/06\/04\/prestacao-de-contas-2013\/\" target=\"_self\" rel=\"noopener\"><\/a><\/p>\n<h2>\n\t\t\t\t<a href=\"https:\/\/uncme.org.br\/rs\/blog\/2014\/06\/04\/prestacao-de-contas-2013\/\" target=\"_self\" rel=\"noopener\">Presta\u00e7\u00e3o de Contas \u2013 2013<\/a><\/h2>\n<p><a href=\"https:\/\/uncme.org.br\/rs\/blog\/2013\/09\/09\/prestacao-de-contas-2012\/\" target=\"_self\" rel=\"noopener\"><br \/>\n<\/a><br \/>\n<a href=\"https:\/\/uncme.org.br\/rs\/blog\/2013\/09\/09\/prestacao-de-contas-2012\/\" target=\"_self\" rel=\"noopener\"><\/a><\/p>\n<h2>\n\t\t\t\t<a href=\"https:\/\/uncme.org.br\/rs\/blog\/2013\/09\/09\/prestacao-de-contas-2012\/\" target=\"_self\" rel=\"noopener\">Presta\u00e7\u00e3o de Contas \u2013 2012<\/a><\/h2>\n","protected":false},"excerpt":{"rendered":"<p>PRESTA\u00c7\u00c3O DE CONTAS A UNCME-RS \u00e9 uma pessoa jur\u00eddica de direito privado, contudo a base principal da sua receita s\u00e3o<\/p>\n","protected":false},"author":1,"featured_media":0,"parent":0,"menu_order":0,"comment_status":"closed","ping_status":"closed","template":"","meta":{"footnotes":""},"class_list":["post-89","page","type-page","status-publish","hentry"],"_links":{"self":[{"href":"https:\/\/uncme.org.br\/rs\/wp-json\/wp\/v2\/pages\/89","targetHints":{"allow":["GET"]}}],"collection":[{"href":"https:\/\/uncme.org.br\/rs\/wp-json\/wp\/v2\/pages"}],"about":[{"href":"https:\/\/uncme.org.br\/rs\/wp-json\/wp\/v2\/types\/page"}],"author":[{"embeddable":true,"href":"https:\/\/uncme.org.br\/rs\/wp-json\/wp\/v2\/users\/1"}],"replies":[{"embeddable":true,"href":"https:\/\/uncme.org.br\/rs\/wp-json\/wp\/v2\/comments?post=89"}],"version-history":[{"count":26,"href":"https:\/\/uncme.org.br\/rs\/wp-json\/wp\/v2\/pages\/89\/revisions"}],"predecessor-version":[{"id":1936,"href":"https:\/\/uncme.org.br\/rs\/wp-json\/wp\/v2\/pages\/89\/revisions\/1936"}],"wp:attachment":[{"href":"https:\/\/uncme.org.br\/rs\/wp-json\/wp\/v2\/media?parent=89"}],"curies":[{"name":"wp","href":"https:\/\/api.w.org\/{rel}","templated":true}]}}