{"id":115,"date":"2022-08-05T11:12:10","date_gmt":"2022-08-05T11:12:10","guid":{"rendered":"https:\/\/uncme.org.br\/vforum2023\/?page_id=115"},"modified":"2023-03-09T10:53:21","modified_gmt":"2023-03-09T13:53:21","slug":"realizacao","status":"publish","type":"page","link":"https:\/\/uncme.org.br\/vforum2023\/realizacao\/","title":{"rendered":"Realiza\u00e7\u00e3o"},"content":{"rendered":"\t\t<div data-elementor-type=\"wp-page\" data-elementor-id=\"115\" class=\"elementor elementor-115\">\n\t\t\t\t\t\t<section class=\"elementor-section elementor-top-section elementor-element elementor-element-a9440d8 elementor-section-stretched elementor-section-boxed elementor-section-height-default elementor-section-height-default\" data-id=\"a9440d8\" data-element_type=\"section\" data-settings=\"{&quot;stretch_section&quot;:&quot;section-stretched&quot;,&quot;background_background&quot;:&quot;classic&quot;}\">\n\t\t\t\t\t\t<div class=\"elementor-container elementor-column-gap-default\">\n\t\t\t\t\t<div class=\"elementor-column elementor-col-33 elementor-top-column elementor-element elementor-element-a2c5b25\" data-id=\"a2c5b25\" data-element_type=\"column\">\n\t\t\t<div class=\"elementor-widget-wrap elementor-element-populated\">\n\t\t\t\t\t\t<div class=\"elementor-element elementor-element-f29cfdd elementor-widget elementor-widget-heading\" data-id=\"f29cfdd\" data-element_type=\"widget\" data-widget_type=\"heading.default\">\n\t\t\t\t<div class=\"elementor-widget-container\">\n\t\t\t\t\t<h3 class=\"elementor-heading-title elementor-size-default\">Realiza\u00e7\u00e3o:<\/h3>\t\t\t\t<\/div>\n\t\t\t\t<\/div>\n\t\t\t\t<div class=\"elementor-element elementor-element-44ea74b elementor-widget elementor-widget-image\" data-id=\"44ea74b\" data-element_type=\"widget\" data-widget_type=\"image.default\">\n\t\t\t\t<div class=\"elementor-widget-container\">\n\t\t\t\t\t\t\t\t\t\t\t\t\t\t\t<img fetchpriority=\"high\" decoding=\"async\" width=\"300\" height=\"300\" src=\"https:\/\/uncme.org.br\/vforum2023\/wp-content\/uploads\/2022\/08\/UNCME-30-ANOS-300x300.png\" class=\"attachment-medium size-medium wp-image-470\" alt=\"\" srcset=\"https:\/\/uncme.org.br\/vforum2023\/wp-content\/uploads\/2022\/08\/UNCME-30-ANOS-300x300.png 300w, https:\/\/uncme.org.br\/vforum2023\/wp-content\/uploads\/2022\/08\/UNCME-30-ANOS-1024x1024.png 1024w, https:\/\/uncme.org.br\/vforum2023\/wp-content\/uploads\/2022\/08\/UNCME-30-ANOS-150x150.png 150w, https:\/\/uncme.org.br\/vforum2023\/wp-content\/uploads\/2022\/08\/UNCME-30-ANOS-768x768.png 768w, https:\/\/uncme.org.br\/vforum2023\/wp-content\/uploads\/2022\/08\/UNCME-30-ANOS-100x100.png 100w, https:\/\/uncme.org.br\/vforum2023\/wp-content\/uploads\/2022\/08\/UNCME-30-ANOS.png 1181w\" sizes=\"100vw\" \/>\t\t\t\t\t\t\t\t\t\t\t\t\t\t\t<\/div>\n\t\t\t\t<\/div>\n\t\t\t\t\t<\/div>\n\t\t<\/div>\n\t\t\t\t<div class=\"elementor-column elementor-col-33 elementor-top-column elementor-element elementor-element-50a116b\" data-id=\"50a116b\" data-element_type=\"column\">\n\t\t\t<div class=\"elementor-widget-wrap elementor-element-populated\">\n\t\t\t\t\t\t<div class=\"elementor-element elementor-element-22e81d2 elementor-widget elementor-widget-heading\" data-id=\"22e81d2\" data-element_type=\"widget\" data-widget_type=\"heading.default\">\n\t\t\t\t<div class=\"elementor-widget-container\">\n\t\t\t\t\t<h3 class=\"elementor-heading-title elementor-size-default\">Organiza\u00e7\u00e3o Geral:<\/h3>\t\t\t\t<\/div>\n\t\t\t\t<\/div>\n\t\t\t\t<div class=\"elementor-element elementor-element-a7fde92 elementor-widget elementor-widget-image\" data-id=\"a7fde92\" data-element_type=\"widget\" data-widget_type=\"image.default\">\n\t\t\t\t<div class=\"elementor-widget-container\">\n\t\t\t\t\t\t\t\t\t\t\t\t\t\t\t<img decoding=\"async\" width=\"300\" height=\"300\" src=\"https:\/\/uncme.org.br\/vforum2023\/wp-content\/uploads\/2023\/03\/logo-uncme-parana-300x300.png\" class=\"attachment-medium size-medium wp-image-680\" alt=\"\" srcset=\"https:\/\/uncme.org.br\/vforum2023\/wp-content\/uploads\/2023\/03\/logo-uncme-parana-300x300.png 300w, https:\/\/uncme.org.br\/vforum2023\/wp-content\/uploads\/2023\/03\/logo-uncme-parana-1024x1024.png 1024w, https:\/\/uncme.org.br\/vforum2023\/wp-content\/uploads\/2023\/03\/logo-uncme-parana-150x150.png 150w, https:\/\/uncme.org.br\/vforum2023\/wp-content\/uploads\/2023\/03\/logo-uncme-parana-768x768.png 768w, https:\/\/uncme.org.br\/vforum2023\/wp-content\/uploads\/2023\/03\/logo-uncme-parana-100x100.png 100w, https:\/\/uncme.org.br\/vforum2023\/wp-content\/uploads\/2023\/03\/logo-uncme-parana.png 1180w\" sizes=\"100vw\" \/>\t\t\t\t\t\t\t\t\t\t\t\t\t\t\t<\/div>\n\t\t\t\t<\/div>\n\t\t\t\t\t<\/div>\n\t\t<\/div>\n\t\t\t\t<div class=\"elementor-column elementor-col-33 elementor-top-column elementor-element elementor-element-0c29742\" data-id=\"0c29742\" data-element_type=\"column\">\n\t\t\t<div class=\"elementor-widget-wrap elementor-element-populated\">\n\t\t\t\t\t\t<div class=\"elementor-element elementor-element-fcbe07c elementor-widget elementor-widget-heading\" data-id=\"fcbe07c\" data-element_type=\"widget\" data-widget_type=\"heading.default\">\n\t\t\t\t<div class=\"elementor-widget-container\">\n\t\t\t\t\t<h3 class=\"elementor-heading-title elementor-size-default\"> \u00a0<\/h3>\t\t\t\t<\/div>\n\t\t\t\t<\/div>\n\t\t\t\t<div class=\"elementor-element elementor-element-e27260e elementor-widget elementor-widget-image\" data-id=\"e27260e\" data-element_type=\"widget\" data-widget_type=\"image.default\">\n\t\t\t\t<div class=\"elementor-widget-container\">\n\t\t\t\t\t\t\t\t\t\t\t\t\t\t\t<img decoding=\"async\" width=\"300\" height=\"300\" src=\"https:\/\/uncme.org.br\/vforum2023\/wp-content\/uploads\/2022\/08\/DAC_2-300x300.png\" class=\"attachment-medium size-medium wp-image-473\" alt=\"\" srcset=\"https:\/\/uncme.org.br\/vforum2023\/wp-content\/uploads\/2022\/08\/DAC_2-300x300.png 300w, https:\/\/uncme.org.br\/vforum2023\/wp-content\/uploads\/2022\/08\/DAC_2-1024x1024.png 1024w, https:\/\/uncme.org.br\/vforum2023\/wp-content\/uploads\/2022\/08\/DAC_2-150x150.png 150w, https:\/\/uncme.org.br\/vforum2023\/wp-content\/uploads\/2022\/08\/DAC_2-768x768.png 768w, https:\/\/uncme.org.br\/vforum2023\/wp-content\/uploads\/2022\/08\/DAC_2-100x100.png 100w, https:\/\/uncme.org.br\/vforum2023\/wp-content\/uploads\/2022\/08\/DAC_2.png 1181w\" sizes=\"100vw\" \/>\t\t\t\t\t\t\t\t\t\t\t\t\t\t\t<\/div>\n\t\t\t\t<\/div>\n\t\t\t\t\t<\/div>\n\t\t<\/div>\n\t\t\t\t\t<\/div>\n\t\t<\/section>\n\t\t\t\t<section class=\"elementor-section elementor-top-section elementor-element elementor-element-2fa5047 elementor-section-stretched elementor-section-boxed elementor-section-height-default elementor-section-height-default\" data-id=\"2fa5047\" data-element_type=\"section\" data-settings=\"{&quot;stretch_section&quot;:&quot;section-stretched&quot;}\">\n\t\t\t\t\t\t<div class=\"elementor-container elementor-column-gap-default\">\n\t\t\t\t\t<div class=\"elementor-column elementor-col-25 elementor-top-column elementor-element elementor-element-ca2ec5e\" data-id=\"ca2ec5e\" data-element_type=\"column\">\n\t\t\t<div class=\"elementor-widget-wrap elementor-element-populated\">\n\t\t\t\t\t\t<section class=\"elementor-section elementor-inner-section elementor-element elementor-element-a93b156 elementor-section-boxed elementor-section-height-default elementor-section-height-default\" data-id=\"a93b156\" data-element_type=\"section\">\n\t\t\t\t\t\t<div class=\"elementor-container elementor-column-gap-default\">\n\t\t\t\t\t<div class=\"elementor-column elementor-col-100 elementor-inner-column elementor-element elementor-element-cdfc771\" data-id=\"cdfc771\" data-element_type=\"column\">\n\t\t\t<div class=\"elementor-widget-wrap elementor-element-populated\">\n\t\t\t\t\t\t<div class=\"elementor-element elementor-element-3ca8e0a elementor-widget elementor-widget-heading\" data-id=\"3ca8e0a\" data-element_type=\"widget\" data-widget_type=\"heading.default\">\n\t\t\t\t<div class=\"elementor-widget-container\">\n\t\t\t\t\t<h3 class=\"elementor-heading-title elementor-size-default\">Apoio Institucional:<\/h3>\t\t\t\t<\/div>\n\t\t\t\t<\/div>\n\t\t\t\t\t<\/div>\n\t\t<\/div>\n\t\t\t\t\t<\/div>\n\t\t<\/section>\n\t\t\t\t<section class=\"elementor-section elementor-inner-section elementor-element elementor-element-31baf4a elementor-section-boxed elementor-section-height-default elementor-section-height-default\" data-id=\"31baf4a\" data-element_type=\"section\">\n\t\t\t\t\t\t<div class=\"elementor-container elementor-column-gap-default\">\n\t\t\t\t\t<div class=\"elementor-column elementor-col-100 elementor-inner-column elementor-element elementor-element-d6404bd\" data-id=\"d6404bd\" data-element_type=\"column\">\n\t\t\t<div class=\"elementor-widget-wrap elementor-element-populated\">\n\t\t\t\t\t\t<div class=\"elementor-element elementor-element-5863d80 elementor-widget elementor-widget-image\" data-id=\"5863d80\" data-element_type=\"widget\" data-widget_type=\"image.default\">\n\t\t\t\t<div class=\"elementor-widget-container\">\n\t\t\t\t\t\t\t\t\t\t\t\t\t\t\t<img loading=\"lazy\" decoding=\"async\" width=\"525\" height=\"525\" src=\"https:\/\/uncme.org.br\/vforum2023\/wp-content\/uploads\/2023\/03\/logo-psjp-1024x1024.png\" class=\"attachment-large size-large wp-image-681\" alt=\"\" srcset=\"https:\/\/uncme.org.br\/vforum2023\/wp-content\/uploads\/2023\/03\/logo-psjp-1024x1024.png 1024w, https:\/\/uncme.org.br\/vforum2023\/wp-content\/uploads\/2023\/03\/logo-psjp-300x300.png 300w, https:\/\/uncme.org.br\/vforum2023\/wp-content\/uploads\/2023\/03\/logo-psjp-150x150.png 150w, https:\/\/uncme.org.br\/vforum2023\/wp-content\/uploads\/2023\/03\/logo-psjp-768x768.png 768w, https:\/\/uncme.org.br\/vforum2023\/wp-content\/uploads\/2023\/03\/logo-psjp-100x100.png 100w, https:\/\/uncme.org.br\/vforum2023\/wp-content\/uploads\/2023\/03\/logo-psjp.png 1180w\" sizes=\"100vw\" \/>\t\t\t\t\t\t\t\t\t\t\t\t\t\t\t<\/div>\n\t\t\t\t<\/div>\n\t\t\t\t\t<\/div>\n\t\t<\/div>\n\t\t\t\t\t<\/div>\n\t\t<\/section>\n\t\t\t\t\t<\/div>\n\t\t<\/div>\n\t\t\t\t<div class=\"elementor-column elementor-col-25 elementor-top-column elementor-element elementor-element-2a97c59\" data-id=\"2a97c59\" data-element_type=\"column\">\n\t\t\t<div class=\"elementor-widget-wrap elementor-element-populated\">\n\t\t\t\t\t\t<section class=\"elementor-section elementor-inner-section elementor-element elementor-element-3cd43b5 elementor-section-boxed elementor-section-height-default elementor-section-height-default\" data-id=\"3cd43b5\" data-element_type=\"section\">\n\t\t\t\t\t\t<div class=\"elementor-container elementor-column-gap-default\">\n\t\t\t\t\t<div class=\"elementor-column elementor-col-100 elementor-inner-column elementor-element elementor-element-71efde1\" data-id=\"71efde1\" data-element_type=\"column\">\n\t\t\t<div class=\"elementor-widget-wrap\">\n\t\t\t\t\t\t\t<\/div>\n\t\t<\/div>\n\t\t\t\t\t<\/div>\n\t\t<\/section>\n\t\t\t\t<section class=\"elementor-section elementor-inner-section elementor-element elementor-element-1c7edef elementor-section-boxed elementor-section-height-default elementor-section-height-default\" data-id=\"1c7edef\" data-element_type=\"section\">\n\t\t\t\t\t\t<div class=\"elementor-container elementor-column-gap-default\">\n\t\t\t\t\t<div class=\"elementor-column elementor-col-100 elementor-inner-column elementor-element elementor-element-75f3e8b\" data-id=\"75f3e8b\" data-element_type=\"column\">\n\t\t\t<div class=\"elementor-widget-wrap elementor-element-populated\">\n\t\t\t\t\t\t\t<\/div>\n\t\t<\/div>\n\t\t\t\t\t<\/div>\n\t\t<\/section>\n\t\t\t\t\t<\/div>\n\t\t<\/div>\n\t\t\t\t<div class=\"elementor-column elementor-col-25 elementor-top-column elementor-element elementor-element-d8edc67\" data-id=\"d8edc67\" data-element_type=\"column\">\n\t\t\t<div class=\"elementor-widget-wrap elementor-element-populated\">\n\t\t\t\t\t\t<section class=\"elementor-section elementor-inner-section elementor-element elementor-element-79b7a4d elementor-section-boxed elementor-section-height-default elementor-section-height-default\" data-id=\"79b7a4d\" data-element_type=\"section\">\n\t\t\t\t\t\t<div class=\"elementor-container elementor-column-gap-default\">\n\t\t\t\t\t<div class=\"elementor-column elementor-col-100 elementor-inner-column elementor-element elementor-element-55db8d3\" data-id=\"55db8d3\" data-element_type=\"column\">\n\t\t\t<div class=\"elementor-widget-wrap\">\n\t\t\t\t\t\t\t<\/div>\n\t\t<\/div>\n\t\t\t\t\t<\/div>\n\t\t<\/section>\n\t\t\t\t<section class=\"elementor-section elementor-inner-section elementor-element elementor-element-d6e563c elementor-section-boxed elementor-section-height-default elementor-section-height-default\" data-id=\"d6e563c\" data-element_type=\"section\">\n\t\t\t\t\t\t<div class=\"elementor-container elementor-column-gap-default\">\n\t\t\t\t\t<div class=\"elementor-column elementor-col-100 elementor-inner-column elementor-element elementor-element-eb61298\" data-id=\"eb61298\" data-element_type=\"column\">\n\t\t\t<div class=\"elementor-widget-wrap elementor-element-populated\">\n\t\t\t\t\t\t\t<\/div>\n\t\t<\/div>\n\t\t\t\t\t<\/div>\n\t\t<\/section>\n\t\t\t\t\t<\/div>\n\t\t<\/div>\n\t\t\t\t<div class=\"elementor-column elementor-col-25 elementor-top-column elementor-element elementor-element-bba74e2\" data-id=\"bba74e2\" data-element_type=\"column\">\n\t\t\t<div class=\"elementor-widget-wrap elementor-element-populated\">\n\t\t\t\t\t\t<section class=\"elementor-section elementor-inner-section elementor-element elementor-element-0eebcd5 elementor-section-boxed elementor-section-height-default elementor-section-height-default\" data-id=\"0eebcd5\" data-element_type=\"section\">\n\t\t\t\t\t\t<div class=\"elementor-container elementor-column-gap-default\">\n\t\t\t\t\t<div class=\"elementor-column elementor-col-100 elementor-inner-column elementor-element elementor-element-0cf4957\" data-id=\"0cf4957\" data-element_type=\"column\">\n\t\t\t<div class=\"elementor-widget-wrap\">\n\t\t\t\t\t\t\t<\/div>\n\t\t<\/div>\n\t\t\t\t\t<\/div>\n\t\t<\/section>\n\t\t\t\t<section class=\"elementor-section elementor-inner-section elementor-element elementor-element-f71f29e elementor-section-boxed elementor-section-height-default elementor-section-height-default\" data-id=\"f71f29e\" data-element_type=\"section\">\n\t\t\t\t\t\t<div class=\"elementor-container elementor-column-gap-default\">\n\t\t\t\t\t<div class=\"elementor-column elementor-col-100 elementor-inner-column elementor-element elementor-element-d07d0c5\" data-id=\"d07d0c5\" data-element_type=\"column\">\n\t\t\t<div class=\"elementor-widget-wrap elementor-element-populated\">\n\t\t\t\t\t\t\t<\/div>\n\t\t<\/div>\n\t\t\t\t\t<\/div>\n\t\t<\/section>\n\t\t\t\t\t<\/div>\n\t\t<\/div>\n\t\t\t\t\t<\/div>\n\t\t<\/section>\n\t\t\t\t<\/div>\n\t\t","protected":false},"excerpt":{"rendered":"<p>Realiza\u00e7\u00e3o: Organiza\u00e7\u00e3o Geral: \u00a0 Apoio Institucional:<\/p>\n","protected":false},"author":1,"featured_media":0,"parent":0,"menu_order":0,"comment_status":"closed","ping_status":"closed","template":"","meta":{"footnotes":""},"class_list":["post-115","page","type-page","status-publish","hentry"],"_links":{"self":[{"href":"https:\/\/uncme.org.br\/vforum2023\/wp-json\/wp\/v2\/pages\/115","targetHints":{"allow":["GET"]}}],"collection":[{"href":"https:\/\/uncme.org.br\/vforum2023\/wp-json\/wp\/v2\/pages"}],"about":[{"href":"https:\/\/uncme.org.br\/vforum2023\/wp-json\/wp\/v2\/types\/page"}],"author":[{"embeddable":true,"href":"https:\/\/uncme.org.br\/vforum2023\/wp-json\/wp\/v2\/users\/1"}],"replies":[{"embeddable":true,"href":"https:\/\/uncme.org.br\/vforum2023\/wp-json\/wp\/v2\/comments?post=115"}],"version-history":[{"count":61,"href":"https:\/\/uncme.org.br\/vforum2023\/wp-json\/wp\/v2\/pages\/115\/revisions"}],"predecessor-version":[{"id":684,"href":"https:\/\/uncme.org.br\/vforum2023\/wp-json\/wp\/v2\/pages\/115\/revisions\/684"}],"wp:attachment":[{"href":"https:\/\/uncme.org.br\/vforum2023\/wp-json\/wp\/v2\/media?parent=115"}],"curies":[{"name":"wp","href":"https:\/\/api.w.org\/{rel}","templated":true}]}}