{"id":115,"date":"2022-08-05T11:12:10","date_gmt":"2022-08-05T11:12:10","guid":{"rendered":"https:\/\/uncme.org.br\/viforum2024\/?page_id=115"},"modified":"2024-03-01T23:54:06","modified_gmt":"2024-03-02T02:54:06","slug":"realizacao","status":"publish","type":"page","link":"https:\/\/uncme.org.br\/viforum2024\/realizacao\/","title":{"rendered":"Realiza\u00e7\u00e3o"},"content":{"rendered":"\t\t<div data-elementor-type=\"wp-page\" data-elementor-id=\"115\" class=\"elementor elementor-115\">\n\t\t\t\t\t\t<section class=\"elementor-section elementor-top-section elementor-element elementor-element-a9440d8 elementor-section-stretched elementor-section-boxed elementor-section-height-default elementor-section-height-default\" data-id=\"a9440d8\" data-element_type=\"section\" data-settings=\"{&quot;stretch_section&quot;:&quot;section-stretched&quot;,&quot;background_background&quot;:&quot;classic&quot;}\">\n\t\t\t\t\t\t<div class=\"elementor-container elementor-column-gap-default\">\n\t\t\t\t\t<div class=\"elementor-column elementor-col-33 elementor-top-column elementor-element elementor-element-a2c5b25\" data-id=\"a2c5b25\" data-element_type=\"column\">\n\t\t\t<div class=\"elementor-widget-wrap elementor-element-populated\">\n\t\t\t\t\t\t<div class=\"elementor-element elementor-element-f29cfdd elementor-widget elementor-widget-heading\" data-id=\"f29cfdd\" data-element_type=\"widget\" data-widget_type=\"heading.default\">\n\t\t\t\t<div class=\"elementor-widget-container\">\n\t\t\t\t\t<h3 class=\"elementor-heading-title elementor-size-default\">Realiza\u00e7\u00e3o:<\/h3>\t\t\t\t<\/div>\n\t\t\t\t<\/div>\n\t\t\t\t<div class=\"elementor-element elementor-element-44ea74b elementor-widget elementor-widget-image\" data-id=\"44ea74b\" data-element_type=\"widget\" data-widget_type=\"image.default\">\n\t\t\t\t<div class=\"elementor-widget-container\">\n\t\t\t\t\t\t\t\t\t\t\t\t\t\t\t<img fetchpriority=\"high\" decoding=\"async\" width=\"300\" height=\"300\" src=\"https:\/\/uncme.org.br\/viforum2024\/wp-content\/uploads\/2024\/03\/uncme-300x300.png\" class=\"attachment-medium size-medium wp-image-911\" alt=\"\" srcset=\"https:\/\/uncme.org.br\/viforum2024\/wp-content\/uploads\/2024\/03\/uncme-300x300.png 300w, https:\/\/uncme.org.br\/viforum2024\/wp-content\/uploads\/2024\/03\/uncme-1024x1024.png 1024w, https:\/\/uncme.org.br\/viforum2024\/wp-content\/uploads\/2024\/03\/uncme-150x150.png 150w, https:\/\/uncme.org.br\/viforum2024\/wp-content\/uploads\/2024\/03\/uncme-768x768.png 768w, https:\/\/uncme.org.br\/viforum2024\/wp-content\/uploads\/2024\/03\/uncme-100x100.png 100w, https:\/\/uncme.org.br\/viforum2024\/wp-content\/uploads\/2024\/03\/uncme.png 1180w\" sizes=\"100vw\" \/>\t\t\t\t\t\t\t\t\t\t\t\t\t\t\t<\/div>\n\t\t\t\t<\/div>\n\t\t\t\t\t<\/div>\n\t\t<\/div>\n\t\t\t\t<div class=\"elementor-column elementor-col-33 elementor-top-column elementor-element elementor-element-50a116b\" data-id=\"50a116b\" data-element_type=\"column\">\n\t\t\t<div class=\"elementor-widget-wrap elementor-element-populated\">\n\t\t\t\t\t\t<div class=\"elementor-element elementor-element-22e81d2 elementor-widget elementor-widget-heading\" data-id=\"22e81d2\" data-element_type=\"widget\" data-widget_type=\"heading.default\">\n\t\t\t\t<div class=\"elementor-widget-container\">\n\t\t\t\t\t<h3 class=\"elementor-heading-title elementor-size-default\">Organiza\u00e7\u00e3o Geral:<\/h3>\t\t\t\t<\/div>\n\t\t\t\t<\/div>\n\t\t\t\t<div class=\"elementor-element elementor-element-a7fde92 elementor-widget elementor-widget-image\" data-id=\"a7fde92\" data-element_type=\"widget\" data-widget_type=\"image.default\">\n\t\t\t\t<div class=\"elementor-widget-container\">\n\t\t\t\t\t\t\t\t\t\t\t\t\t\t\t<img decoding=\"async\" width=\"300\" height=\"300\" src=\"https:\/\/uncme.org.br\/viforum2024\/wp-content\/uploads\/2024\/03\/uncme-se-300x300.png\" class=\"attachment-medium size-medium wp-image-909\" alt=\"\" srcset=\"https:\/\/uncme.org.br\/viforum2024\/wp-content\/uploads\/2024\/03\/uncme-se-300x300.png 300w, https:\/\/uncme.org.br\/viforum2024\/wp-content\/uploads\/2024\/03\/uncme-se-1024x1024.png 1024w, https:\/\/uncme.org.br\/viforum2024\/wp-content\/uploads\/2024\/03\/uncme-se-150x150.png 150w, https:\/\/uncme.org.br\/viforum2024\/wp-content\/uploads\/2024\/03\/uncme-se-768x768.png 768w, https:\/\/uncme.org.br\/viforum2024\/wp-content\/uploads\/2024\/03\/uncme-se-100x100.png 100w, https:\/\/uncme.org.br\/viforum2024\/wp-content\/uploads\/2024\/03\/uncme-se.png 1181w\" sizes=\"100vw\" \/>\t\t\t\t\t\t\t\t\t\t\t\t\t\t\t<\/div>\n\t\t\t\t<\/div>\n\t\t\t\t\t<\/div>\n\t\t<\/div>\n\t\t\t\t<div class=\"elementor-column elementor-col-33 elementor-top-column elementor-element elementor-element-0c29742\" data-id=\"0c29742\" data-element_type=\"column\">\n\t\t\t<div class=\"elementor-widget-wrap elementor-element-populated\">\n\t\t\t\t\t\t<div class=\"elementor-element elementor-element-fcbe07c elementor-widget elementor-widget-heading\" data-id=\"fcbe07c\" data-element_type=\"widget\" data-widget_type=\"heading.default\">\n\t\t\t\t<div class=\"elementor-widget-container\">\n\t\t\t\t\t<h3 class=\"elementor-heading-title elementor-size-default\"> \u00a0<\/h3>\t\t\t\t<\/div>\n\t\t\t\t<\/div>\n\t\t\t\t<div class=\"elementor-element elementor-element-e27260e elementor-widget elementor-widget-image\" data-id=\"e27260e\" data-element_type=\"widget\" data-widget_type=\"image.default\">\n\t\t\t\t<div class=\"elementor-widget-container\">\n\t\t\t\t\t\t\t\t\t\t\t\t\t\t\t<img decoding=\"async\" width=\"300\" height=\"300\" src=\"https:\/\/uncme.org.br\/viforum2024\/wp-content\/uploads\/2022\/08\/DAC_2-300x300.png\" class=\"attachment-medium size-medium wp-image-473\" alt=\"\" srcset=\"https:\/\/uncme.org.br\/viforum2024\/wp-content\/uploads\/2022\/08\/DAC_2-300x300.png 300w, https:\/\/uncme.org.br\/viforum2024\/wp-content\/uploads\/2022\/08\/DAC_2-1024x1024.png 1024w, https:\/\/uncme.org.br\/viforum2024\/wp-content\/uploads\/2022\/08\/DAC_2-150x150.png 150w, https:\/\/uncme.org.br\/viforum2024\/wp-content\/uploads\/2022\/08\/DAC_2-768x768.png 768w, https:\/\/uncme.org.br\/viforum2024\/wp-content\/uploads\/2022\/08\/DAC_2-100x100.png 100w, https:\/\/uncme.org.br\/viforum2024\/wp-content\/uploads\/2022\/08\/DAC_2.png 1181w\" sizes=\"100vw\" \/>\t\t\t\t\t\t\t\t\t\t\t\t\t\t\t<\/div>\n\t\t\t\t<\/div>\n\t\t\t\t\t<\/div>\n\t\t<\/div>\n\t\t\t\t\t<\/div>\n\t\t<\/section>\n\t\t\t\t<section class=\"elementor-section elementor-top-section elementor-element elementor-element-2fa5047 elementor-section-stretched elementor-section-boxed elementor-section-height-default elementor-section-height-default\" data-id=\"2fa5047\" data-element_type=\"section\" data-settings=\"{&quot;stretch_section&quot;:&quot;section-stretched&quot;}\">\n\t\t\t\t\t\t<div class=\"elementor-container elementor-column-gap-default\">\n\t\t\t\t\t<div class=\"elementor-column elementor-col-25 elementor-top-column elementor-element elementor-element-ca2ec5e\" data-id=\"ca2ec5e\" data-element_type=\"column\">\n\t\t\t<div class=\"elementor-widget-wrap elementor-element-populated\">\n\t\t\t\t\t\t<section class=\"elementor-section elementor-inner-section elementor-element elementor-element-a93b156 elementor-section-boxed elementor-section-height-default elementor-section-height-default\" data-id=\"a93b156\" data-element_type=\"section\">\n\t\t\t\t\t\t<div class=\"elementor-container elementor-column-gap-default\">\n\t\t\t\t\t<div class=\"elementor-column elementor-col-100 elementor-inner-column elementor-element elementor-element-cdfc771\" data-id=\"cdfc771\" data-element_type=\"column\">\n\t\t\t<div class=\"elementor-widget-wrap elementor-element-populated\">\n\t\t\t\t\t\t<div class=\"elementor-element elementor-element-3ca8e0a elementor-widget elementor-widget-heading\" data-id=\"3ca8e0a\" data-element_type=\"widget\" data-widget_type=\"heading.default\">\n\t\t\t\t<div class=\"elementor-widget-container\">\n\t\t\t\t\t<h3 class=\"elementor-heading-title elementor-size-default\">Apoio Institucional:<\/h3>\t\t\t\t<\/div>\n\t\t\t\t<\/div>\n\t\t\t\t\t<\/div>\n\t\t<\/div>\n\t\t\t\t\t<\/div>\n\t\t<\/section>\n\t\t\t\t<section class=\"elementor-section elementor-inner-section elementor-element elementor-element-31baf4a elementor-section-boxed elementor-section-height-default elementor-section-height-default\" data-id=\"31baf4a\" data-element_type=\"section\">\n\t\t\t\t\t\t<div class=\"elementor-container elementor-column-gap-default\">\n\t\t\t\t\t<div class=\"elementor-column elementor-col-100 elementor-inner-column elementor-element elementor-element-d6404bd\" data-id=\"d6404bd\" data-element_type=\"column\">\n\t\t\t<div class=\"elementor-widget-wrap elementor-element-populated\">\n\t\t\t\t\t\t<div class=\"elementor-element elementor-element-5863d80 elementor-widget elementor-widget-image\" data-id=\"5863d80\" data-element_type=\"widget\" data-widget_type=\"image.default\">\n\t\t\t\t<div class=\"elementor-widget-container\">\n\t\t\t\t\t\t\t\t\t\t\t\t\t\t\t<img loading=\"lazy\" decoding=\"async\" width=\"280\" height=\"110\" src=\"https:\/\/uncme.org.br\/viforum2024\/wp-content\/uploads\/2024\/02\/pms.png\" class=\"attachment-large size-large wp-image-855\" alt=\"\" sizes=\"100vw\" \/>\t\t\t\t\t\t\t\t\t\t\t\t\t\t\t<\/div>\n\t\t\t\t<\/div>\n\t\t\t\t\t<\/div>\n\t\t<\/div>\n\t\t\t\t\t<\/div>\n\t\t<\/section>\n\t\t\t\t\t<\/div>\n\t\t<\/div>\n\t\t\t\t<div class=\"elementor-column elementor-col-25 elementor-top-column elementor-element elementor-element-2a97c59\" data-id=\"2a97c59\" data-element_type=\"column\">\n\t\t\t<div class=\"elementor-widget-wrap elementor-element-populated\">\n\t\t\t\t\t\t<section class=\"elementor-section elementor-inner-section elementor-element elementor-element-3cd43b5 elementor-section-boxed elementor-section-height-default elementor-section-height-default\" data-id=\"3cd43b5\" data-element_type=\"section\">\n\t\t\t\t\t\t<div class=\"elementor-container elementor-column-gap-default\">\n\t\t\t\t\t<div class=\"elementor-column elementor-col-100 elementor-inner-column elementor-element elementor-element-71efde1\" data-id=\"71efde1\" data-element_type=\"column\">\n\t\t\t<div class=\"elementor-widget-wrap\">\n\t\t\t\t\t\t\t<\/div>\n\t\t<\/div>\n\t\t\t\t\t<\/div>\n\t\t<\/section>\n\t\t\t\t<section class=\"elementor-section elementor-inner-section elementor-element elementor-element-1c7edef elementor-section-boxed elementor-section-height-default elementor-section-height-default\" data-id=\"1c7edef\" data-element_type=\"section\">\n\t\t\t\t\t\t<div class=\"elementor-container elementor-column-gap-default\">\n\t\t\t\t\t<div class=\"elementor-column elementor-col-100 elementor-inner-column elementor-element elementor-element-75f3e8b\" data-id=\"75f3e8b\" data-element_type=\"column\">\n\t\t\t<div class=\"elementor-widget-wrap elementor-element-populated\">\n\t\t\t\t\t\t<div class=\"elementor-element elementor-element-f7b1809 elementor-widget elementor-widget-image\" data-id=\"f7b1809\" data-element_type=\"widget\" data-widget_type=\"image.default\">\n\t\t\t\t<div class=\"elementor-widget-container\">\n\t\t\t\t\t\t\t\t\t\t\t\t\t\t\t<img loading=\"lazy\" decoding=\"async\" width=\"525\" height=\"197\" src=\"https:\/\/uncme.org.br\/viforum2024\/wp-content\/uploads\/2024\/03\/alana2-1024x384.png\" class=\"attachment-large size-large wp-image-902\" alt=\"\" srcset=\"https:\/\/uncme.org.br\/viforum2024\/wp-content\/uploads\/2024\/03\/alana2-1024x384.png 1024w, https:\/\/uncme.org.br\/viforum2024\/wp-content\/uploads\/2024\/03\/alana2-300x112.png 300w, https:\/\/uncme.org.br\/viforum2024\/wp-content\/uploads\/2024\/03\/alana2-768x288.png 768w, https:\/\/uncme.org.br\/viforum2024\/wp-content\/uploads\/2024\/03\/alana2.png 1180w\" sizes=\"100vw\" \/>\t\t\t\t\t\t\t\t\t\t\t\t\t\t\t<\/div>\n\t\t\t\t<\/div>\n\t\t\t\t\t<\/div>\n\t\t<\/div>\n\t\t\t\t\t<\/div>\n\t\t<\/section>\n\t\t\t\t\t<\/div>\n\t\t<\/div>\n\t\t\t\t<div class=\"elementor-column elementor-col-25 elementor-top-column elementor-element elementor-element-d8edc67\" data-id=\"d8edc67\" data-element_type=\"column\">\n\t\t\t<div class=\"elementor-widget-wrap elementor-element-populated\">\n\t\t\t\t\t\t<section class=\"elementor-section elementor-inner-section elementor-element elementor-element-79b7a4d elementor-section-boxed elementor-section-height-default elementor-section-height-default\" data-id=\"79b7a4d\" data-element_type=\"section\">\n\t\t\t\t\t\t<div class=\"elementor-container elementor-column-gap-default\">\n\t\t\t\t\t<div class=\"elementor-column elementor-col-100 elementor-inner-column elementor-element elementor-element-55db8d3\" data-id=\"55db8d3\" data-element_type=\"column\">\n\t\t\t<div class=\"elementor-widget-wrap\">\n\t\t\t\t\t\t\t<\/div>\n\t\t<\/div>\n\t\t\t\t\t<\/div>\n\t\t<\/section>\n\t\t\t\t<section class=\"elementor-section elementor-inner-section elementor-element elementor-element-d6e563c elementor-section-boxed elementor-section-height-default elementor-section-height-default\" data-id=\"d6e563c\" data-element_type=\"section\">\n\t\t\t\t\t\t<div class=\"elementor-container elementor-column-gap-default\">\n\t\t\t\t\t<div class=\"elementor-column elementor-col-100 elementor-inner-column elementor-element elementor-element-eb61298\" data-id=\"eb61298\" data-element_type=\"column\">\n\t\t\t<div class=\"elementor-widget-wrap elementor-element-populated\">\n\t\t\t\t\t\t<div class=\"elementor-element elementor-element-e3e1886 elementor-widget elementor-widget-image\" data-id=\"e3e1886\" data-element_type=\"widget\" data-widget_type=\"image.default\">\n\t\t\t\t<div class=\"elementor-widget-container\">\n\t\t\t\t\t\t\t\t\t\t\t\t\t\t\t<img loading=\"lazy\" decoding=\"async\" width=\"525\" height=\"157\" src=\"https:\/\/uncme.org.br\/viforum2024\/wp-content\/uploads\/2024\/03\/02.-MEC.png\" class=\"attachment-large size-large wp-image-905\" alt=\"\" srcset=\"https:\/\/uncme.org.br\/viforum2024\/wp-content\/uploads\/2024\/03\/02.-MEC.png 774w, https:\/\/uncme.org.br\/viforum2024\/wp-content\/uploads\/2024\/03\/02.-MEC-300x90.png 300w, https:\/\/uncme.org.br\/viforum2024\/wp-content\/uploads\/2024\/03\/02.-MEC-768x230.png 768w\" sizes=\"100vw\" \/>\t\t\t\t\t\t\t\t\t\t\t\t\t\t\t<\/div>\n\t\t\t\t<\/div>\n\t\t\t\t\t<\/div>\n\t\t<\/div>\n\t\t\t\t\t<\/div>\n\t\t<\/section>\n\t\t\t\t\t<\/div>\n\t\t<\/div>\n\t\t\t\t<div class=\"elementor-column elementor-col-25 elementor-top-column elementor-element elementor-element-bba74e2\" data-id=\"bba74e2\" data-element_type=\"column\">\n\t\t\t<div class=\"elementor-widget-wrap elementor-element-populated\">\n\t\t\t\t\t\t<section class=\"elementor-section elementor-inner-section elementor-element elementor-element-0eebcd5 elementor-section-boxed elementor-section-height-default elementor-section-height-default\" data-id=\"0eebcd5\" data-element_type=\"section\">\n\t\t\t\t\t\t<div class=\"elementor-container elementor-column-gap-default\">\n\t\t\t\t\t<div class=\"elementor-column elementor-col-100 elementor-inner-column elementor-element elementor-element-0cf4957\" data-id=\"0cf4957\" data-element_type=\"column\">\n\t\t\t<div class=\"elementor-widget-wrap\">\n\t\t\t\t\t\t\t<\/div>\n\t\t<\/div>\n\t\t\t\t\t<\/div>\n\t\t<\/section>\n\t\t\t\t<section class=\"elementor-section elementor-inner-section elementor-element elementor-element-f71f29e elementor-section-boxed elementor-section-height-default elementor-section-height-default\" data-id=\"f71f29e\" data-element_type=\"section\">\n\t\t\t\t\t\t<div class=\"elementor-container elementor-column-gap-default\">\n\t\t\t\t\t<div class=\"elementor-column elementor-col-100 elementor-inner-column elementor-element elementor-element-d07d0c5\" data-id=\"d07d0c5\" data-element_type=\"column\">\n\t\t\t<div class=\"elementor-widget-wrap elementor-element-populated\">\n\t\t\t\t\t\t\t<\/div>\n\t\t<\/div>\n\t\t\t\t\t<\/div>\n\t\t<\/section>\n\t\t\t\t\t<\/div>\n\t\t<\/div>\n\t\t\t\t\t<\/div>\n\t\t<\/section>\n\t\t\t\t<section class=\"elementor-section elementor-top-section elementor-element elementor-element-467657d elementor-section-stretched elementor-section-boxed elementor-section-height-default elementor-section-height-default\" data-id=\"467657d\" data-element_type=\"section\" data-settings=\"{&quot;stretch_section&quot;:&quot;section-stretched&quot;,&quot;background_background&quot;:&quot;classic&quot;}\">\n\t\t\t\t\t\t<div class=\"elementor-container elementor-column-gap-default\">\n\t\t\t\t\t<div class=\"elementor-column elementor-col-33 elementor-top-column elementor-element elementor-element-d1d7d65\" data-id=\"d1d7d65\" data-element_type=\"column\">\n\t\t\t<div class=\"elementor-widget-wrap elementor-element-populated\">\n\t\t\t\t\t\t<section class=\"elementor-section elementor-inner-section elementor-element elementor-element-1330ef0 elementor-section-boxed elementor-section-height-default elementor-section-height-default\" data-id=\"1330ef0\" data-element_type=\"section\">\n\t\t\t\t\t\t<div class=\"elementor-container elementor-column-gap-default\">\n\t\t\t\t\t<div class=\"elementor-column elementor-col-100 elementor-inner-column elementor-element elementor-element-7eb9e57\" data-id=\"7eb9e57\" data-element_type=\"column\">\n\t\t\t<div class=\"elementor-widget-wrap elementor-element-populated\">\n\t\t\t\t\t\t<div class=\"elementor-element elementor-element-230bf29 elementor-widget elementor-widget-heading\" data-id=\"230bf29\" data-element_type=\"widget\" data-widget_type=\"heading.default\">\n\t\t\t\t<div class=\"elementor-widget-container\">\n\t\t\t\t\t<h3 class=\"elementor-heading-title elementor-size-default\">Ag\u00eancia de turismo oficial<\/h3>\t\t\t\t<\/div>\n\t\t\t\t<\/div>\n\t\t\t\t\t<\/div>\n\t\t<\/div>\n\t\t\t\t\t<\/div>\n\t\t<\/section>\n\t\t\t\t<section class=\"elementor-section elementor-inner-section elementor-element elementor-element-d4db791 elementor-section-boxed elementor-section-height-default elementor-section-height-default\" data-id=\"d4db791\" data-element_type=\"section\">\n\t\t\t\t\t\t<div class=\"elementor-container elementor-column-gap-default\">\n\t\t\t\t\t<div class=\"elementor-column elementor-col-100 elementor-inner-column elementor-element elementor-element-140305c\" data-id=\"140305c\" data-element_type=\"column\">\n\t\t\t<div class=\"elementor-widget-wrap elementor-element-populated\">\n\t\t\t\t\t\t<div class=\"elementor-element elementor-element-942426a elementor-widget elementor-widget-image\" data-id=\"942426a\" data-element_type=\"widget\" data-widget_type=\"image.default\">\n\t\t\t\t<div class=\"elementor-widget-container\">\n\t\t\t\t\t\t\t\t\t\t\t\t\t\t\t<img loading=\"lazy\" decoding=\"async\" width=\"525\" height=\"197\" src=\"https:\/\/uncme.org.br\/viforum2024\/wp-content\/uploads\/2024\/03\/vpviagens-1024x384.png\" class=\"attachment-large size-large wp-image-904\" alt=\"\" srcset=\"https:\/\/uncme.org.br\/viforum2024\/wp-content\/uploads\/2024\/03\/vpviagens-1024x384.png 1024w, https:\/\/uncme.org.br\/viforum2024\/wp-content\/uploads\/2024\/03\/vpviagens-300x112.png 300w, https:\/\/uncme.org.br\/viforum2024\/wp-content\/uploads\/2024\/03\/vpviagens-768x288.png 768w, https:\/\/uncme.org.br\/viforum2024\/wp-content\/uploads\/2024\/03\/vpviagens.png 1180w\" sizes=\"100vw\" \/>\t\t\t\t\t\t\t\t\t\t\t\t\t\t\t<\/div>\n\t\t\t\t<\/div>\n\t\t\t\t\t<\/div>\n\t\t<\/div>\n\t\t\t\t\t<\/div>\n\t\t<\/section>\n\t\t\t\t\t<\/div>\n\t\t<\/div>\n\t\t\t\t<div class=\"elementor-column elementor-col-33 elementor-top-column elementor-element elementor-element-81f31f2\" data-id=\"81f31f2\" data-element_type=\"column\">\n\t\t\t<div class=\"elementor-widget-wrap elementor-element-populated\">\n\t\t\t\t\t\t<section class=\"elementor-section elementor-inner-section elementor-element elementor-element-6aac4dd elementor-section-boxed elementor-section-height-default elementor-section-height-default\" data-id=\"6aac4dd\" data-element_type=\"section\">\n\t\t\t\t\t\t<div class=\"elementor-container elementor-column-gap-default\">\n\t\t\t\t\t<div class=\"elementor-column elementor-col-100 elementor-inner-column elementor-element elementor-element-f3ccde3\" data-id=\"f3ccde3\" data-element_type=\"column\">\n\t\t\t<div class=\"elementor-widget-wrap elementor-element-populated\">\n\t\t\t\t\t\t<div class=\"elementor-element elementor-element-1da2ec6 elementor-widget elementor-widget-heading\" data-id=\"1da2ec6\" data-element_type=\"widget\" data-widget_type=\"heading.default\">\n\t\t\t\t<div class=\"elementor-widget-container\">\n\t\t\t\t\t<h2 class=\"elementor-heading-title elementor-size-default\">\u00a0<\/h2>\t\t\t\t<\/div>\n\t\t\t\t<\/div>\n\t\t\t\t\t<\/div>\n\t\t<\/div>\n\t\t\t\t\t<\/div>\n\t\t<\/section>\n\t\t\t\t<section class=\"elementor-section elementor-inner-section elementor-element elementor-element-2fd4d53 elementor-section-boxed elementor-section-height-default elementor-section-height-default\" data-id=\"2fd4d53\" data-element_type=\"section\">\n\t\t\t\t\t\t<div class=\"elementor-container elementor-column-gap-default\">\n\t\t\t\t\t<div class=\"elementor-column elementor-col-100 elementor-inner-column elementor-element elementor-element-8c62d02\" data-id=\"8c62d02\" data-element_type=\"column\">\n\t\t\t<div class=\"elementor-widget-wrap elementor-element-populated\">\n\t\t\t\t\t\t<div class=\"elementor-element elementor-element-42f2718 elementor-widget elementor-widget-text-editor\" data-id=\"42f2718\" data-element_type=\"widget\" data-widget_type=\"text-editor.default\">\n\t\t\t\t<div class=\"elementor-widget-container\">\n\t\t\t\t\t\t\t\t\t<p><span style=\"color: #ffffff;\">E-mail: palomablima@gmail.com<\/span><br \/><span style=\"color: #ffffff;\">Contato: +55 79 9988-6953<\/span><\/p>\t\t\t\t\t\t\t\t<\/div>\n\t\t\t\t<\/div>\n\t\t\t\t\t<\/div>\n\t\t<\/div>\n\t\t\t\t\t<\/div>\n\t\t<\/section>\n\t\t\t\t\t<\/div>\n\t\t<\/div>\n\t\t\t\t<div class=\"elementor-column elementor-col-33 elementor-top-column elementor-element elementor-element-b89cfe4\" data-id=\"b89cfe4\" data-element_type=\"column\">\n\t\t\t<div class=\"elementor-widget-wrap elementor-element-populated\">\n\t\t\t\t\t\t<section class=\"elementor-section elementor-inner-section elementor-element elementor-element-8b4cf8c elementor-section-boxed elementor-section-height-default elementor-section-height-default\" data-id=\"8b4cf8c\" data-element_type=\"section\">\n\t\t\t\t\t\t<div class=\"elementor-container elementor-column-gap-default\">\n\t\t\t\t\t<div class=\"elementor-column elementor-col-100 elementor-inner-column elementor-element elementor-element-5e2a9ed\" data-id=\"5e2a9ed\" data-element_type=\"column\">\n\t\t\t<div class=\"elementor-widget-wrap\">\n\t\t\t\t\t\t\t<\/div>\n\t\t<\/div>\n\t\t\t\t\t<\/div>\n\t\t<\/section>\n\t\t\t\t\t<\/div>\n\t\t<\/div>\n\t\t\t\t\t<\/div>\n\t\t<\/section>\n\t\t\t\t<\/div>\n\t\t","protected":false},"excerpt":{"rendered":"<p>Realiza\u00e7\u00e3o: Organiza\u00e7\u00e3o Geral: \u00a0 Apoio Institucional: Ag\u00eancia de turismo oficial \u00a0 E-mail: palomablima@gmail.comContato: +55 79 9988-6953<\/p>\n","protected":false},"author":1,"featured_media":0,"parent":0,"menu_order":0,"comment_status":"closed","ping_status":"closed","template":"","meta":{"footnotes":""},"class_list":["post-115","page","type-page","status-publish","hentry"],"_links":{"self":[{"href":"https:\/\/uncme.org.br\/viforum2024\/wp-json\/wp\/v2\/pages\/115","targetHints":{"allow":["GET"]}}],"collection":[{"href":"https:\/\/uncme.org.br\/viforum2024\/wp-json\/wp\/v2\/pages"}],"about":[{"href":"https:\/\/uncme.org.br\/viforum2024\/wp-json\/wp\/v2\/types\/page"}],"author":[{"embeddable":true,"href":"https:\/\/uncme.org.br\/viforum2024\/wp-json\/wp\/v2\/users\/1"}],"replies":[{"embeddable":true,"href":"https:\/\/uncme.org.br\/viforum2024\/wp-json\/wp\/v2\/comments?post=115"}],"version-history":[{"count":79,"href":"https:\/\/uncme.org.br\/viforum2024\/wp-json\/wp\/v2\/pages\/115\/revisions"}],"predecessor-version":[{"id":924,"href":"https:\/\/uncme.org.br\/viforum2024\/wp-json\/wp\/v2\/pages\/115\/revisions\/924"}],"wp:attachment":[{"href":"https:\/\/uncme.org.br\/viforum2024\/wp-json\/wp\/v2\/media?parent=115"}],"curies":[{"name":"wp","href":"https:\/\/api.w.org\/{rel}","templated":true}]}}